{"id":15416,"date":"2025-05-27T13:16:57","date_gmt":"2025-05-27T10:16:57","guid":{"rendered":"https:\/\/kintaiarts.lt\/?post_type=product&#038;p=15416"},"modified":"2025-05-27T13:18:42","modified_gmt":"2025-05-27T10:18:42","slug":"keramikos-krosnis","status":"publish","type":"product","link":"https:\/\/kintaiarts.lt\/en\/product\/keramikos-krosnis\/","title":{"rendered":"Krosnies degimo paslaugos"},"content":{"rendered":"<p><a href=\"https:\/\/kintaiarts.lt\/en\/edukacija\/keramikos-dirbiniu-kurybines-dirbtuves\/\">Full description<\/a>.<\/p>","protected":false},"excerpt":{"rendered":"<p><b><span style=\"color: #000000;\"><span style=\"font-family: georgia, serif;\">KROSNIES DEGIMO PASLAUGOS\u00a0<\/span><\/span><\/b><\/p>\n<p><span style=\"color: #000000; font-family: georgia, serif;\">Esate jau susipa\u017ein\u0119 su moliu ir kuriate savaranki\u0161kai namuose, bet neturite krosnies kur i\u0161degti darbus? Si\u016blome jums pasinaudoti molio degimo paslaugomis m\u016bs\u0173 studijoje.\u00a0 Turime dvi keramikos krosnis, tad j\u016bs\u0173 visi darbai sutilps nuo ma\u017eo iki pakankamai didelio!<\/span><\/p>\n<p><span style=\"color: #000000; font-family: georgia, serif;\">Krosni<b>s\u00a0\u00a0\u201eNabertherm\u201c\u00a0TOP 80<\/b><\/span><\/p>\n<p><span style=\"color: #000000; font-family: georgia, serif;\">\u2022\u00a0 T\u016bria 80 l<\/span><\/p>\n<p><span style=\"color: #000000; font-family: georgia, serif;\">\u2022 Lentynos diametras:\u00a0 48 cm,\u00a0<\/span><\/p>\n<p><span style=\"color: #000000; font-family: georgia, serif;\">\u2022 Kameros matmenys diametras x auk\u0161tis (cm): 48 x 46<\/span><\/p>\n<p><span style=\"color: #000000; font-family: georgia, serif;\">\u2022 Degimo temperat\u016bra max 1320 \u00b0C<\/span><\/p>\n<p><span style=\"color: #000000; font-family: georgia, serif;\">Krosni<b>s\u00a0\u00a0\u201eNabertherm\u201c\u00a0TOP 100<\/b><\/span><\/p>\n<p><span style=\"color: #000000; font-family: georgia, serif;\">\u2022 T\u016bris 100 l<\/span><\/p>\n<p><span style=\"color: #000000; font-family: georgia, serif;\">\u2022 Lentynos diametras:\u00a0 48 cm,\u00a0<\/span><\/p>\n<p><span style=\"color: #000000; font-family: georgia, serif;\">\u2022 Kameros matmenys diametras x auk\u0161tis (cm): 48 x 57<\/span><\/p>\n<p>\u2022 Degimo temperat\u016bra max 1320 \u00b0C<\/p>\n<p><span style=\"color: #000000; font-family: georgia, serif;\">Kainos:<\/span><\/p>\n<p><span style=\"color: #000000; font-family: georgia, serif;\">\u2022 Pilna krosnis\u00a0<\/span><span style=\"font-family: georgia, serif;\"> \u201eNabertherm\u201c\u00a0TOP 80\u00a0 &#8211;<span style=\"color: #000000;\">\u00a030 eur<\/span><\/span><\/p>\n<p><span style=\"color: #000000; font-family: georgia, serif;\">\u2022 Pilna krosnis\u00a0<\/span><span style=\"font-family: georgia, serif;\">\u00a0\u201eNabertherm\u201c\u00a0TOP 100\u00a0 &#8211;<span style=\"color: #000000;\">\u00a040 eur<\/span><\/span><\/p>\n<p><span style=\"color: #000000; font-family: georgia, serif;\">\u2022 1 lentynos degimas be glaz\u016bros 10 eur<\/span><\/p>\n<p><span style=\"color: #000000; font-family: georgia, serif;\">\u2022 1 lentynos degimas su glaz\u016bra 15 eur<\/span><\/p>\n<p><span style=\"color: #000000; font-family: georgia, serif;\"><br \/>\nJei u\u017esi\u0117mim\u0173 metu j\u016bs pageidaujate daugiau molio lipdymui ar kit\u0173 dekoravimo priemoni\u0173 (glaz\u016bros, angobos, poglaz\u016briniai da\u017eai ir pan.), u\u017e papildom\u0105 mokest\u012f j\u016bs gal\u0117site:<\/span><\/p>\n<p><span style=\"color: #000000; font-family: georgia, serif;\"><strong>\u00a0PAPILDOMAS 1KG MOLIO<\/strong> &#8211;\u00a0 2,5 EUR<\/span><\/p>\n<p><span style=\"color: #000000; font-family: georgia, serif;\"><b>NAUJA GLAZ\u016aRA, ANGOBA, POGLAZ\u016aRINIAI DA\u017dAI &#8211; <\/b>nuo 1,6 Eur (vienam gaminiui dekoruoti)<\/span><\/p>\n<p>&nbsp;<\/p>\n<p><span style=\"font-family: georgia, serif;\"><b><span style=\"color: #000000;\">Susitikime<\/span><span style=\"color: #ff0000;\">\u00a0<\/span><\/b><\/span><strong><span style=\"font-family: georgia, serif;\">Kur\u0161i\u0173 g. 30, Kintai Arts rezidencija, Amat\u0173 centras<\/span><\/strong><\/p>\n<p><strong><b><span style=\"font-family: georgia, serif;\">Daugiau informacijos ir registracija: <a href=\"mailto:egle@kintaiarts.lt\" target=\"_blank\" rel=\"noopener\">egle@kintaiarts.lt<\/a> arba telefonu : +370 652 99211<\/span><\/b><\/strong><\/p>\n<p>&nbsp;<\/p>\n<p class=\"tve-droppable\">","protected":false},"featured_media":13696,"template":"","meta":[],"product_brand":[],"product_cat":[73],"product_tag":[],"class_list":{"0":"post-15416","1":"product","2":"type-product","3":"status-publish","4":"has-post-thumbnail","6":"product_cat-keramika","7":"post-wrapper","8":"thrv_wrapper","10":"first","11":"instock","12":"shipping-taxable","13":"product-type-external"},"_links":{"self":[{"href":"https:\/\/kintaiarts.lt\/en\/wp-json\/wp\/v2\/product\/15416","targetHints":{"allow":["GET"]}}],"collection":[{"href":"https:\/\/kintaiarts.lt\/en\/wp-json\/wp\/v2\/product"}],"about":[{"href":"https:\/\/kintaiarts.lt\/en\/wp-json\/wp\/v2\/types\/product"}],"wp:featuredmedia":[{"embeddable":true,"href":"https:\/\/kintaiarts.lt\/en\/wp-json\/wp\/v2\/media\/13696"}],"wp:attachment":[{"href":"https:\/\/kintaiarts.lt\/en\/wp-json\/wp\/v2\/media?parent=15416"}],"wp:term":[{"taxonomy":"product_brand","embeddable":true,"href":"https:\/\/kintaiarts.lt\/en\/wp-json\/wp\/v2\/product_brand?post=15416"},{"taxonomy":"product_cat","embeddable":true,"href":"https:\/\/kintaiarts.lt\/en\/wp-json\/wp\/v2\/product_cat?post=15416"},{"taxonomy":"product_tag","embeddable":true,"href":"https:\/\/kintaiarts.lt\/en\/wp-json\/wp\/v2\/product_tag?post=15416"}],"curies":[{"name":"wp","href":"https:\/\/api.w.org\/{rel}","templated":true}]}}