{"id":15414,"date":"2025-05-27T12:10:16","date_gmt":"2025-05-27T09:10:16","guid":{"rendered":"https:\/\/kintaiarts.lt\/?post_type=product&#038;p=15414"},"modified":"2025-05-27T13:20:38","modified_gmt":"2025-05-27T10:20:38","slug":"keramikos-dirbtuviu-abonementas","status":"publish","type":"product","link":"https:\/\/kintaiarts.lt\/en\/product\/keramikos-dirbtuviu-abonementas\/","title":{"rendered":"Keramikos dirbtuvi\u0173 abonementas"},"content":{"rendered":"<p><a href=\"https:\/\/kintaiarts.lt\/en\/edukacija\/keramikos-dirbiniu-kurybines-dirbtuves\/\">Full description<\/a>.<\/p>","protected":false},"excerpt":{"rendered":"<p class=\"tve-droppable\">KintaiArts rezidencijos amat\u0173 centras suteikia galimyb\u0119 atvykti \u012f keramikos dirbtuves bei dirbti savaranki\u0161kai.<\/p>\n<p class=\"tve-droppable\">Per \u0161iuos u\u017esi\u0117mimus gal\u0117site laisvai i\u0161m\u0117ginti \u012fvairias lipdymo ir dekoravimo technikas, nusilipdysite\u00a0ne vien\u0105 darb\u0105. Ramaus laiko sau studijoje galimyb\u0117 leis neskub\u0117ti ir laisvai pasinerti \u012f k\u016brybin\u012f proces\u0105. \u012e kain\u0105 \u012fskai\u010diuota iki 3 kg molis, darbui reikalingos priemon\u0117s ir dekoravimo med\u017eiagos bei du degimai (biskvitinis ir glaz\u016brinis).<\/p>\n<p><span style=\"color: #000000; font-family: georgia, serif;\">Jei u\u017esi\u0117mim\u0173 metu j\u016bs pageidaujate daugiau molio lipdymui ar kit\u0173 dekoravimo priemoni\u0173 (glaz\u016bros, angobos, poglaz\u016briniai da\u017eai ir pan.), u\u017e papildom\u0105 mokest\u012f j\u016bs gal\u0117site:<\/span><\/p>\n<p><span style=\"color: #000000; font-family: georgia, serif;\"><strong>\u00a0PAPILDOMAS 1KG MOLIO<\/strong> &#8211;\u00a0 2,5 EUR<\/span><\/p>\n<p><span style=\"color: #000000; font-family: georgia, serif;\"><b>NAUJA GLAZ\u016aRA, ANGOBA, POGLAZ\u016aRINIAI DA\u017dAI &#8211; <\/b>nuo 1,6 Eur (vienam gaminiui dekoruoti)<\/span><\/p>\n<p class=\"tve-droppable\"><strong><\/p>\n<p>D\u0117l atvykimo \u012f studij\u0105 derinti su studijos meistrais asmeni\u0161kai arba registruokit\u0117s.<br \/>\n<\/strong><span style=\"font-family: georgia, serif;\"><b><span style=\"color: #000000;\">Susitikime<\/span><span style=\"color: #ff0000;\">\u00a0<\/span><\/b><\/span><strong><span style=\"font-family: georgia, serif;\">Kur\u0161i\u0173 g. 30, Kintai Arts rezidencija, Amat\u0173 centras<br \/>\n<\/span><\/strong><strong><b><span style=\"font-family: georgia, serif;\">Daugiau informacijos ir registracija: <a href=\"mailto:egle@kintaiarts.lt\" target=\"_blank\" rel=\"noopener\">egle@kintaiarts.lt<\/a> arba telefonu : +370 652 99211<\/span><\/b><\/strong><\/p>\n<p>&nbsp;<\/p>\n<p class=\"tve-droppable\">","protected":false},"featured_media":13696,"template":"","meta":[],"product_brand":[],"product_cat":[73,20],"product_tag":[],"class_list":{"0":"post-15414","1":"product","2":"type-product","3":"status-publish","4":"has-post-thumbnail","6":"product_cat-keramika","7":"product_cat-visi-produktai","8":"post-wrapper","9":"thrv_wrapper","11":"first","12":"instock","13":"shipping-taxable","14":"product-type-external"},"_links":{"self":[{"href":"https:\/\/kintaiarts.lt\/en\/wp-json\/wp\/v2\/product\/15414","targetHints":{"allow":["GET"]}}],"collection":[{"href":"https:\/\/kintaiarts.lt\/en\/wp-json\/wp\/v2\/product"}],"about":[{"href":"https:\/\/kintaiarts.lt\/en\/wp-json\/wp\/v2\/types\/product"}],"wp:featuredmedia":[{"embeddable":true,"href":"https:\/\/kintaiarts.lt\/en\/wp-json\/wp\/v2\/media\/13696"}],"wp:attachment":[{"href":"https:\/\/kintaiarts.lt\/en\/wp-json\/wp\/v2\/media?parent=15414"}],"wp:term":[{"taxonomy":"product_brand","embeddable":true,"href":"https:\/\/kintaiarts.lt\/en\/wp-json\/wp\/v2\/product_brand?post=15414"},{"taxonomy":"product_cat","embeddable":true,"href":"https:\/\/kintaiarts.lt\/en\/wp-json\/wp\/v2\/product_cat?post=15414"},{"taxonomy":"product_tag","embeddable":true,"href":"https:\/\/kintaiarts.lt\/en\/wp-json\/wp\/v2\/product_tag?post=15414"}],"curies":[{"name":"wp","href":"https:\/\/api.w.org\/{rel}","templated":true}]}}