{"id":14618,"date":"2024-04-15T16:39:04","date_gmt":"2024-04-15T13:39:04","guid":{"rendered":"https:\/\/kintaiarts.lt\/?post_type=product&#038;p=14618"},"modified":"2024-04-15T16:40:40","modified_gmt":"2024-04-15T13:40:40","slug":"elvita-siberekovaite","status":"publish","type":"product","link":"https:\/\/kintaiarts.lt\/en\/product\/elvita-siberekovaite\/","title":{"rendered":"Elvita \u0160iberekovait\u0117"},"content":{"rendered":"<p class=\"p1\"><span class=\"s1\">Esu jauna meninink\u0117 \u2013 Elvita \u0160iberekovait\u0117, gimusi 1994 m. Kaune. 2018 m. baigiau Kauno Vieno\u017einskio men\u0173 fakultet\u0105 ir \u012fgijau dizaino specialyb\u0119. Nuo 2022 m. mokausi keramikos subtilybi\u0173 bei save realizuoju \u0161ioje srityje. \u0160iuo metu gyvenu Klaip\u0117doje, kuriu keramikos dirbinius bei u\u017esiimu pedagogine veikla.<\/span><\/p>\n<p class=\"p1\"><span class=\"s1\">Mano k\u016bryboje jau\u010diamas stiprus ry\u0161is su supan\u010diu pasauliu: d\u0117mesio centre atsiduria paprastas gro\u017eis \u2013 krintantys lapai, tekantis vanduo ar giedantis pauk\u0161tis. Lipdiniuose nebijau eksperimentuoti, ie\u0161koti organi\u0161k\u0173 form\u0173 bei reljef\u0173. Darbams poeti\u0161k\u0105 nuotaik\u0105 kuriu naudodama tapybinius pot\u0117pius bei gamtos spalv\u0173 palet\u0119.<\/span><\/p>","protected":false},"excerpt":{"rendered":"<p class=\"p1\"><span class=\"s1\">1. \"Dragon's egg\", vase, width 13 cm, height 7 cm, fireclay, 2023, \u20ac60<\/span><\/p>\n<p>2.\u00a0<span class=\"s1\">\"Water signs\", plate, diameter 25cm, fireclay, 2023, \u20ac40<\/span><\/p>\n<p class=\"p1\"><span class=\"s1\">\u201eTerra\u201c, vase, width 8cm, height 21 cm, fireclay , 2023 m., 70\u20ac<\/span><\/p>\n<p class=\"p1\"><span class=\"s1\">Get in touch via email <a href=\"mailto:elvitadesisgn@gmail.com\"><span class=\"s2\">elvitadesisgn@gmail.com<\/span><\/a> , t<\/span><span class=\"s1\">by phone +37069043276 or Instagram (press \"contact\" button below)<\/span><\/p>","protected":false},"featured_media":14625,"template":"","meta":[],"product_brand":[],"product_cat":[73,20],"product_tag":[],"class_list":{"0":"post-14618","1":"product","2":"type-product","3":"status-publish","4":"has-post-thumbnail","6":"product_cat-keramika","7":"product_cat-visi-produktai","8":"post-wrapper","9":"thrv_wrapper","11":"first","12":"instock","13":"shipping-taxable","14":"product-type-external"},"_links":{"self":[{"href":"https:\/\/kintaiarts.lt\/en\/wp-json\/wp\/v2\/product\/14618","targetHints":{"allow":["GET"]}}],"collection":[{"href":"https:\/\/kintaiarts.lt\/en\/wp-json\/wp\/v2\/product"}],"about":[{"href":"https:\/\/kintaiarts.lt\/en\/wp-json\/wp\/v2\/types\/product"}],"wp:featuredmedia":[{"embeddable":true,"href":"https:\/\/kintaiarts.lt\/en\/wp-json\/wp\/v2\/media\/14625"}],"wp:attachment":[{"href":"https:\/\/kintaiarts.lt\/en\/wp-json\/wp\/v2\/media?parent=14618"}],"wp:term":[{"taxonomy":"product_brand","embeddable":true,"href":"https:\/\/kintaiarts.lt\/en\/wp-json\/wp\/v2\/product_brand?post=14618"},{"taxonomy":"product_cat","embeddable":true,"href":"https:\/\/kintaiarts.lt\/en\/wp-json\/wp\/v2\/product_cat?post=14618"},{"taxonomy":"product_tag","embeddable":true,"href":"https:\/\/kintaiarts.lt\/en\/wp-json\/wp\/v2\/product_tag?post=14618"}],"curies":[{"name":"wp","href":"https:\/\/api.w.org\/{rel}","templated":true}]}}