{"id":14399,"date":"2023-08-29T12:38:37","date_gmt":"2023-08-29T09:38:37","guid":{"rendered":"https:\/\/kintaiarts.lt\/?post_type=product&#038;p=14399"},"modified":"2023-08-29T12:38:37","modified_gmt":"2023-08-29T09:38:37","slug":"birute-baltutiene","status":"publish","type":"product","link":"https:\/\/kintaiarts.lt\/en\/product\/birute-baltutiene\/","title":{"rendered":"Birut\u0117 Baltutien\u0117"},"content":{"rendered":"<p>Tautodailinink\u0117 Birut\u0117 Baltutien\u0117 gamina margu\u010dius ir verbas jau daugiau kaip 20 met\u0173. Birut\u0117 margina ne tik vi\u0161t\u0173 kiau\u0161inius, bet ir \u017e\u0105s\u0173, stru\u010di\u0173 bei medinius. Gamina verbas, siekian\u010dias net iki pusantro metro. Joms ri\u0161ti autor\u0117 naudoja lauk\u0173, dar\u017eelio augalus, \u017eolynus, javus. D\u017eiovinti augalai labai trap\u016bs, tad ir j\u0173 ri\u0161imas reikalauja daug kantryb\u0117s bei kruop\u0161tumo.<\/p>\n<p>Nuo 2023 m. tautodailinink\u0117 pristatin\u0117ja savo amat\u0105 nuo \u012fvairiose parodose bei mug\u0117se.<\/p>\n<p>Parodose eksponuoja da\u017eytus ir ornamentuotus margu\u010dius, simbolizuojan\u010dius gamtos prisik\u0117lim\u0105, gyvyb\u0117s atsiradim\u0105, \u017eyd\u0117jim\u0105. Spalvos ry\u0161kios: geltona, \u017ealia, raudona, \u017eydra, m\u0117lyna, juoda ir kt., o ra\u0161tai ir ornamentai \u2013 \u012fvairiausi.<\/p>\n<p>Nors kiau\u0161ini\u0173 da\u017eym\u0105 glaud\u017eiai siejame su Velykomis, kai kurie istorikai teigia, kad kiau\u0161ini\u0173 dekoravimo tradicija buvo ankstesn\u0117 u\u017e krik\u0161\u010dionyb\u0119. Archeologai rado prie\u0161 ma\u017edaug 60 000 met\u0173 dekoruot\u0173 stru\u010dio kiau\u0161ini\u0173 urvuose Piet\u0173 Afrikoje. Spalvingi margu\u010diai taip pat buvo pers\u0173 Nauj\u0173j\u0173 met\u0173 \u0161ventimo dalis, siejami su pavasario prad\u017ei\u0105 \u017eymin\u010dia Egipto Sham Ennessim \u0161vente.<\/p>","protected":false},"excerpt":{"rendered":"<p>I\u0161margintas stru\u010dio kiau\u0161inis<br \/>\n20 eur.<\/p>\n<p>Vi\u0161tos ar \u017e\u0105sies kiau\u0161inis<br \/>\n4 eur.<\/p>\n<p>Ma\u017eas medinis kiau\u0161inis<br \/>\n5 eur.<\/p>\n<p>Verbos (1,5 ilgio)<br \/>\n15 eur.<\/p>\n<p>Verbos (nuo 30 cm. iki 1 m.)<br \/>\n8 \u2013 10 eur.<\/p>\n<p>Norintys \u012fsigyti kvie\u010diame susisiekti su Birute Baltutien\u0117 mob. tel.<strong> +370\u00a0616 32292<\/strong><\/p>","protected":false},"featured_media":14402,"template":"","meta":[],"product_brand":[],"product_cat":[86],"product_tag":[],"class_list":{"0":"post-14399","1":"product","2":"type-product","3":"status-publish","4":"has-post-thumbnail","6":"product_cat-amatai","7":"post-wrapper","8":"thrv_wrapper","10":"first","11":"instock","12":"shipping-taxable","13":"product-type-external"},"_links":{"self":[{"href":"https:\/\/kintaiarts.lt\/en\/wp-json\/wp\/v2\/product\/14399","targetHints":{"allow":["GET"]}}],"collection":[{"href":"https:\/\/kintaiarts.lt\/en\/wp-json\/wp\/v2\/product"}],"about":[{"href":"https:\/\/kintaiarts.lt\/en\/wp-json\/wp\/v2\/types\/product"}],"wp:featuredmedia":[{"embeddable":true,"href":"https:\/\/kintaiarts.lt\/en\/wp-json\/wp\/v2\/media\/14402"}],"wp:attachment":[{"href":"https:\/\/kintaiarts.lt\/en\/wp-json\/wp\/v2\/media?parent=14399"}],"wp:term":[{"taxonomy":"product_brand","embeddable":true,"href":"https:\/\/kintaiarts.lt\/en\/wp-json\/wp\/v2\/product_brand?post=14399"},{"taxonomy":"product_cat","embeddable":true,"href":"https:\/\/kintaiarts.lt\/en\/wp-json\/wp\/v2\/product_cat?post=14399"},{"taxonomy":"product_tag","embeddable":true,"href":"https:\/\/kintaiarts.lt\/en\/wp-json\/wp\/v2\/product_tag?post=14399"}],"curies":[{"name":"wp","href":"https:\/\/api.w.org\/{rel}","templated":true}]}}