{"id":14394,"date":"2023-08-29T12:28:14","date_gmt":"2023-08-29T09:28:14","guid":{"rendered":"https:\/\/kintaiarts.lt\/?post_type=product&#038;p=14394"},"modified":"2023-08-29T12:43:11","modified_gmt":"2023-08-29T09:43:11","slug":"violeta-benetiene","status":"publish","type":"product","link":"https:\/\/kintaiarts.lt\/en\/product\/violeta-benetiene\/","title":{"rendered":"Violeta Benetien\u0117"},"content":{"rendered":"<p>Tautodailinink\u0117 Violeta Benetien\u0117 kuria spalvingus veltinius \u012fkv\u0117pimo besisemiant i\u0161 lietuvi\u0161k\u0173 legend\u0173 ar sakmi\u0173.<\/p>\n<p>Veltiniai k\u016briniai spinduliuoja \u0161iluma bei traukia ak\u012f. Violetos sukurti darbai i\u0161 vilnos yra plasti\u0161ki, n\u0117ra perkrauti detal\u0117mis. \u012evald\u017eiusi v\u0117lim\u0105 sausuoju ir \u0161lapiuoju b\u016bdu Violeta suk\u016br\u0117 daugyb\u0119 darb\u0173, sureng\u0117 ne vien\u0105 parod\u0105. Norintiems i\u0161mokti v\u0117limo \u012fg\u016bd\u017eius perduoda edukacini\u0173 u\u017esi\u0117mim\u0173 lankytojams.<\/p>\n<p>Pirmieji Violetos darbai buvo papuo\u0161alai, pastelin\u0117s alyvin\u0117s spalvos karoliai ir apyrank\u0117. Papuo\u0161alus suk\u016br\u0117 savo dukrai Eglei jos gimtadienio proga. V\u0117liau vienas po kito pabiro \u201eveltinukai\u201c: karoliai, apyrank\u0117s, dir\u017eai, rie\u0161in\u0117s, rankin\u0117s, margu\u010diai, kal\u0117diniai \u017eaisliukai, nam\u0173 dekoravimo detal\u0117s\u2026Menas ir k\u016bryba \u0161alia Violetos buvo nuo pat vaikyst\u0117s, o tikroji aistra \u2013 veltinio v\u0117limas . Nema\u017eai vilnos dirbini\u0173 i\u0161keliavo \u012f u\u017esienio \u0161alis \u2013 Vokietij\u0105, Australij\u0105 \u2013 kaip m\u016bs\u0173 kra\u0161t\u0105 reprezentuojan\u010dios dovanos. Violetos darbai be galo kruop\u0161t\u016bs, adata \u012fbadytos g\u0117lyt\u0117s, ornamentai, Rusn\u0117s paveldo fragmentai.<\/p>\n<p>2012 m. Violetai Benetienei suteiktas Lietuvos tautodailinink\u0117s vardas ir ji tapo Tautodailinink\u0173 s\u0105jungos \u017demaitijos skyriaus nare.<\/p>\n<p>&nbsp;<\/p>","protected":false},"excerpt":{"rendered":"<p>Veltini\u0173 kainos iki 50 eur.<\/p>\n<p>Norintys u\u017esisakyti kvie\u010diame susisiekti su Violeta Benetiene mob. tel. <strong>+370\u00a0685 25834<\/strong><\/p>","protected":false},"featured_media":14396,"template":"","meta":[],"product_brand":[],"product_cat":[71],"product_tag":[],"class_list":{"0":"post-14394","1":"product","2":"type-product","3":"status-publish","4":"has-post-thumbnail","6":"product_cat-menas","7":"post-wrapper","8":"thrv_wrapper","10":"first","11":"instock","12":"shipping-taxable","13":"product-type-external"},"_links":{"self":[{"href":"https:\/\/kintaiarts.lt\/en\/wp-json\/wp\/v2\/product\/14394","targetHints":{"allow":["GET"]}}],"collection":[{"href":"https:\/\/kintaiarts.lt\/en\/wp-json\/wp\/v2\/product"}],"about":[{"href":"https:\/\/kintaiarts.lt\/en\/wp-json\/wp\/v2\/types\/product"}],"wp:featuredmedia":[{"embeddable":true,"href":"https:\/\/kintaiarts.lt\/en\/wp-json\/wp\/v2\/media\/14396"}],"wp:attachment":[{"href":"https:\/\/kintaiarts.lt\/en\/wp-json\/wp\/v2\/media?parent=14394"}],"wp:term":[{"taxonomy":"product_brand","embeddable":true,"href":"https:\/\/kintaiarts.lt\/en\/wp-json\/wp\/v2\/product_brand?post=14394"},{"taxonomy":"product_cat","embeddable":true,"href":"https:\/\/kintaiarts.lt\/en\/wp-json\/wp\/v2\/product_cat?post=14394"},{"taxonomy":"product_tag","embeddable":true,"href":"https:\/\/kintaiarts.lt\/en\/wp-json\/wp\/v2\/product_tag?post=14394"}],"curies":[{"name":"wp","href":"https:\/\/api.w.org\/{rel}","templated":true}]}}