{"id":14385,"date":"2023-08-28T20:49:52","date_gmt":"2023-08-28T17:49:52","guid":{"rendered":"https:\/\/kintaiarts.lt\/?post_type=product&#038;p=14385"},"modified":"2023-08-29T11:57:20","modified_gmt":"2023-08-29T08:57:20","slug":"terese-lorenciene","status":"publish","type":"product","link":"https:\/\/kintaiarts.lt\/en\/product\/terese-lorenciene\/","title":{"rendered":"Teres\u0117 Loren\u010dien\u0117"},"content":{"rendered":"<p>Lietuvininkai nuo seno savo gyvenam\u0105j\u0105 aplink\u0105 puo\u0161\u0117 popieriaus karpiniais. Jais dabindavo indaujas, lemp\u0173 gaubtus, karpiniai atstodavo lang\u0173 u\u017euolaid\u0117les. Apie originalius lietuvinink\u0173 karpinius \u017einome i\u0161 istorini\u0173 \u0161altini\u0173, Ma\u017eosios Lietuvos kra\u0161to sen\u0173j\u0173 gyventoj\u0173 pasakojim\u0173.Kruop\u0161tus karpymo menas \u0161iandien yra viena populiaresni\u0173 tautodail\u0117s \u0161ak\u0173. I\u0161 am\u017ei\u0173 gl\u016bdumos at\u0117j\u0119, per ilg\u0105 laik\u0105 i\u0161lik\u0119 populiar\u016bs ir m\u0117gstami \u0161ie dailieji amatai \u012fdom\u016bs ir \u0161iandien.<\/p>\n<p>Tautodailinink\u0117 i\u0161leido knyg\u0105, kuri\u0105 iliustravo\u00a0 savo karpiniais. T. Loren\u010dien\u0117s knyga \u2013 didelis ramstis dar\u017eeli\u0173 darbuotojams, mokykl\u0173 pedagogams, ypa\u010d tiems, kuriuos domina teatras. \u0160iuo metu autor\u0117 planuoja i\u0161leisti antr\u0105j\u0105 knyg\u0105.<\/p>\n<p>Tautodailinink\u0117\u00a0 karpo atvirutes, knyg\u0173 skirtukus, paveikslus bei knyg\u0173 iliustracijas. Veda edukacijas bei mokina vaikus \u0161io subtilaus meno.<\/p>","protected":false},"excerpt":{"rendered":"<ol>\n<li>Laukian\u010dioji<br \/>\nDydis: 70&#215;60<br \/>\nKaina: 150 eur.<\/li>\n<li>Prie mari\u0173,<br \/>\nDydis: 70&#215;60<br \/>\nKaina: ~150 eur.<\/li>\n<li>\u00a0Tenenys<br \/>\nDydis: 70&#215;60,<br \/>\nKaina: 150 eur.Pasak meninink\u0117s jos darb\u0173 kainos yra sutartin\u0117s, priimami ir u\u017esakymai. U\u017esisakyti karpinius bei pasiteirauti d\u0117l autor\u0117s rengiam\u0173 edukacij\u0173 vaikams galite paskambin\u0119 Teresei Loren\u010dienei mob. tel. +370\u00a0600 93809<\/li>\n<\/ol>","protected":false},"featured_media":14388,"template":"","meta":[],"product_brand":[],"product_cat":[71],"product_tag":[],"class_list":{"0":"post-14385","1":"product","2":"type-product","3":"status-publish","4":"has-post-thumbnail","6":"product_cat-menas","7":"post-wrapper","8":"thrv_wrapper","10":"first","11":"instock","12":"shipping-taxable","13":"product-type-external"},"_links":{"self":[{"href":"https:\/\/kintaiarts.lt\/en\/wp-json\/wp\/v2\/product\/14385","targetHints":{"allow":["GET"]}}],"collection":[{"href":"https:\/\/kintaiarts.lt\/en\/wp-json\/wp\/v2\/product"}],"about":[{"href":"https:\/\/kintaiarts.lt\/en\/wp-json\/wp\/v2\/types\/product"}],"wp:featuredmedia":[{"embeddable":true,"href":"https:\/\/kintaiarts.lt\/en\/wp-json\/wp\/v2\/media\/14388"}],"wp:attachment":[{"href":"https:\/\/kintaiarts.lt\/en\/wp-json\/wp\/v2\/media?parent=14385"}],"wp:term":[{"taxonomy":"product_brand","embeddable":true,"href":"https:\/\/kintaiarts.lt\/en\/wp-json\/wp\/v2\/product_brand?post=14385"},{"taxonomy":"product_cat","embeddable":true,"href":"https:\/\/kintaiarts.lt\/en\/wp-json\/wp\/v2\/product_cat?post=14385"},{"taxonomy":"product_tag","embeddable":true,"href":"https:\/\/kintaiarts.lt\/en\/wp-json\/wp\/v2\/product_tag?post=14385"}],"curies":[{"name":"wp","href":"https:\/\/api.w.org\/{rel}","templated":true}]}}