{"id":14380,"date":"2023-08-28T20:39:07","date_gmt":"2023-08-28T17:39:07","guid":{"rendered":"https:\/\/kintaiarts.lt\/?post_type=product&#038;p=14380"},"modified":"2023-08-29T11:49:48","modified_gmt":"2023-08-29T08:49:48","slug":"erikas-lorencas","status":"publish","type":"product","link":"https:\/\/kintaiarts.lt\/en\/product\/erikas-lorencas\/","title":{"rendered":"Erikas Loren\u010das"},"content":{"rendered":"<p>Erikas Loren\u010das \u2013 meistras, muzikantas bei tapytojas. \u00a0Paveiksluose tautodailininkas \u00a0vaizduoja gamtos, \u0160ilut\u0117s kra\u0161to vaizdus, da\u017eniausiai vasaros. Menininko paveikslai \u0161vies\u016bs, naudojama daug m\u0117lynos spalvos. Savo paveikslus Erikas Loren\u010das sieja analogijomis su n\u016bdiena.<\/p>\n<p>Eriko rankoms pakl\u016bsta ne tik teptukas, bet\u00a0 ir medis, metalas. Ilgame K\u016brybos kelyje Erikas dalyvavo n\u0117 vienoje parodoje, taip pat savo pie\u0161iniais iliustravo ir knyg\u0105.<\/p>","protected":false},"excerpt":{"rendered":"<ol>\n<li>Vieni\u0161a pu\u0161is<br \/>\nDydis: 60&#215;90 cm,<br \/>\nKaina: 150 eur.<\/li>\n<li>Senasis \u0161vyturys<br \/>\nDydis: 60&#215;90,<br \/>\nKaina: 150 eur.<\/li>\n<li>Svajoni\u0173 laivas<br \/>\nDydis: 70&#215;50,<br \/>\nKaina: 120 eur.<br \/>\nNorin\u010dius \u012fsigyti Eriko Loren\u010do darb\u0173 kvie\u010diame susisiekti: +370 600 93809<\/li>\n<\/ol>","protected":false},"featured_media":14383,"template":"","meta":[],"product_brand":[],"product_cat":[71],"product_tag":[],"class_list":{"0":"post-14380","1":"product","2":"type-product","3":"status-publish","4":"has-post-thumbnail","6":"product_cat-menas","7":"post-wrapper","8":"thrv_wrapper","10":"first","11":"instock","12":"shipping-taxable","13":"product-type-external"},"_links":{"self":[{"href":"https:\/\/kintaiarts.lt\/en\/wp-json\/wp\/v2\/product\/14380","targetHints":{"allow":["GET"]}}],"collection":[{"href":"https:\/\/kintaiarts.lt\/en\/wp-json\/wp\/v2\/product"}],"about":[{"href":"https:\/\/kintaiarts.lt\/en\/wp-json\/wp\/v2\/types\/product"}],"wp:featuredmedia":[{"embeddable":true,"href":"https:\/\/kintaiarts.lt\/en\/wp-json\/wp\/v2\/media\/14383"}],"wp:attachment":[{"href":"https:\/\/kintaiarts.lt\/en\/wp-json\/wp\/v2\/media?parent=14380"}],"wp:term":[{"taxonomy":"product_brand","embeddable":true,"href":"https:\/\/kintaiarts.lt\/en\/wp-json\/wp\/v2\/product_brand?post=14380"},{"taxonomy":"product_cat","embeddable":true,"href":"https:\/\/kintaiarts.lt\/en\/wp-json\/wp\/v2\/product_cat?post=14380"},{"taxonomy":"product_tag","embeddable":true,"href":"https:\/\/kintaiarts.lt\/en\/wp-json\/wp\/v2\/product_tag?post=14380"}],"curies":[{"name":"wp","href":"https:\/\/api.w.org\/{rel}","templated":true}]}}