{"id":14377,"date":"2023-08-28T20:31:56","date_gmt":"2023-08-28T17:31:56","guid":{"rendered":"https:\/\/kintaiarts.lt\/?post_type=product&#038;p=14377"},"modified":"2023-08-29T12:02:17","modified_gmt":"2023-08-29T09:02:17","slug":"birute-serviene","status":"publish","type":"product","link":"https:\/\/kintaiarts.lt\/en\/product\/birute-serviene\/","title":{"rendered":"Birut\u0117 Servien\u0117"},"content":{"rendered":"<p>Birut\u0117s Servien\u0117 Sen\u0173j\u0173 tradicij\u0173 puosel\u0117toja. Birut\u0117s karpini\u0173 k\u016bryboje vie\u0161patauja solid\u017eios \u2013 juoda ir balta spalvos, jos karpiniai \u012fkv\u0117pti grafikos.<\/p>\n<p>Lietuvininkai nuo seno savo gyvenam\u0105j\u0105 aplink\u0105 puo\u0161\u0117 popieriaus karpiniais. Jais dabindavo indaujas, lemp\u0173 gaubtus, karpiniai atstodavo lang\u0173 u\u017euolaid\u0117les. Apie originalius lietuvinink\u0173 karpinius \u017einome i\u0161 istorini\u0173 \u0161altini\u0173, Ma\u017eosios Lietuvos kra\u0161to sen\u0173j\u0173 gyventoj\u0173 pasakojim\u0173.<\/p>\n<p>Tautodailinink\u0117 i\u0161mano kra\u0161to istorijas ir papro\u010dius, edukaciniuose u\u017esi\u0117simuose pamoko ir kitus karpyti. K\u016br\u0117ja jau daugiau kaip 20 met\u0173 u\u017esiima karpiniais.<\/p>\n<p>Dauguma karpini\u0173 padovanota artimiesiems, draugams, karpiniais iliustruotos knygos, Pamario kra\u0161t\u0105 reprezentuojantis karpinys puikuojasi \u017dem\u0117s \u016bkio ministerijoje.<\/p>\n<p>Birut\u0117 karpyti prad\u0117jo dar vaikyst\u0117je. Pirmieji darbai buvo tiesiog i\u0161 laikra\u0161\u010dio lap\u0173. Birut\u0117s Servien\u0117s karpiniuose atsispindi tai, kas neatsiejama nuo jos prigimties: Pamario kra\u0161to gamta, pr\u016bsi\u0161ki \u017eenklai, svarbiausi Visatos d\u0117sniai.\u00a0 Ry\u0161kiausias jos darbas \u2013 \u201eProt\u0117vi\u0173 krik\u0161tai\u201c\u2013puikuojasi Lietuvos karpini\u0173 kataloge.<\/p>","protected":false},"excerpt":{"rendered":"<ol>\n<li>Gandr\u0173 kolonija Bit\u0117nuose.<br \/>\nDydis: A3 formatas,<br \/>\nKaina: 250 Eur<\/li>\n<li>Be pavadinimo<br \/>\nDydis: A3 formatas,<br \/>\nKaina: 250 Eur<\/p>\n<p>K\u016br\u0117jos karpiniai karpomi \u017eirkl\u0117mis.<br \/>\nNorintys \u012fsigyti Birut\u0117s Servin\u0117s darb\u0173 kvie\u010diame susisiekti mob. tel. <strong>+370 650 10460<\/strong><\/li>\n<\/ol>\n<p>&nbsp;<\/p>\n<p>&nbsp;<\/p>","protected":false},"featured_media":14379,"template":"","meta":[],"product_brand":[],"product_cat":[71],"product_tag":[],"class_list":{"0":"post-14377","1":"product","2":"type-product","3":"status-publish","4":"has-post-thumbnail","6":"product_cat-menas","7":"post-wrapper","8":"thrv_wrapper","10":"first","11":"instock","12":"shipping-taxable","13":"product-type-external"},"_links":{"self":[{"href":"https:\/\/kintaiarts.lt\/en\/wp-json\/wp\/v2\/product\/14377","targetHints":{"allow":["GET"]}}],"collection":[{"href":"https:\/\/kintaiarts.lt\/en\/wp-json\/wp\/v2\/product"}],"about":[{"href":"https:\/\/kintaiarts.lt\/en\/wp-json\/wp\/v2\/types\/product"}],"wp:featuredmedia":[{"embeddable":true,"href":"https:\/\/kintaiarts.lt\/en\/wp-json\/wp\/v2\/media\/14379"}],"wp:attachment":[{"href":"https:\/\/kintaiarts.lt\/en\/wp-json\/wp\/v2\/media?parent=14377"}],"wp:term":[{"taxonomy":"product_brand","embeddable":true,"href":"https:\/\/kintaiarts.lt\/en\/wp-json\/wp\/v2\/product_brand?post=14377"},{"taxonomy":"product_cat","embeddable":true,"href":"https:\/\/kintaiarts.lt\/en\/wp-json\/wp\/v2\/product_cat?post=14377"},{"taxonomy":"product_tag","embeddable":true,"href":"https:\/\/kintaiarts.lt\/en\/wp-json\/wp\/v2\/product_tag?post=14377"}],"curies":[{"name":"wp","href":"https:\/\/api.w.org\/{rel}","templated":true}]}}