{"id":14372,"date":"2023-08-28T20:25:25","date_gmt":"2023-08-28T17:25:25","guid":{"rendered":"https:\/\/kintaiarts.lt\/?post_type=product&#038;p=14372"},"modified":"2024-03-27T11:36:23","modified_gmt":"2024-03-27T09:36:23","slug":"stanislovas-meskauskas","status":"publish","type":"product","link":"https:\/\/kintaiarts.lt\/en\/product\/stanislovas-meskauskas\/","title":{"rendered":"Stanislovas Me\u0161kauskas"},"content":{"rendered":"<p>Tautodailininkas Stanislovas Me\u0161kauskas i\u0161 med\u017eio gamina kaukes.\u00a0 B\u016btent medis Stanislov\u0105 \u012fkv\u0117p\u0117 k\u016brybai.<\/p>\n<p>Juknai\u010diuose gyvenantis Stanislovas i\u0161 med\u017eio dro\u017eti prad\u0117jo vos 14 m. Jis gamina daug \u012fdomi\u0173 ir be galo savit\u0173 darb\u0173. Ta\u010diau bene labiausiai med\u017eio paslaptis atskleid\u017eia kurdamas U\u017egav\u0117ni\u0173 kaukes. Spalvindamas jas bei \u012fvesdamas papildomus elementus, dro\u017e\u0117jas sukuria ypatingas pavasario \u0161vent\u0117s persona\u017e\u0173 nuotaikas.<\/p>\n<p>Dro\u017e\u0117jas dalyvauja \u012fvairiose parodose bei konkursuose\u00a0 visoje Lietuvoje. Jo parodose galima pamatyti ry\u0161kiausi\u0173 U\u017egav\u0117ni\u0173 persona\u017e\u0173 kaukes \u2013 La\u0161inin\u012f, Kanapin\u012f, velnius, raganas, ubagus, giltin\u0119. Meistras m\u0117gsta i\u0161dro\u017eti ir \u0161i\u0173 dien\u0173 aktualijas atliepian\u010dius persona\u017eus.<\/p>\n<p>2019 m. \u012fgijo Tautodailininko sertifikat\u0105.<\/p>\n<p>Be kauki\u0173 tautodailininkas tekina \u017evakides, \u012fvairius medinius dubenis, dro\u017eia medinius \u0161auk\u0161tus, sam\u010dius, naujausi jo pagaminti darbai \u2013 geldos, geldeles.<\/p>","protected":false},"excerpt":{"rendered":"<ol>\n<li>Kaina: 75 eur.<\/li>\n<li>Kaina: 60 eur.<\/li>\n<li>Kaina: 60 eur.<\/li>\n<li>Kaina: 60 eur.<\/li>\n<\/ol>\n<p>Daugiau Stanislovo Me\u0161kausko darb\u0173 galite pamatyti jo asmenin\u0117je Facebook paskyroje, paspaud\u0119 &#8216;\u012esigyti&#8217;. Nortintiems u\u017esisakyti, kvie\u010diame susisiekti el. pa\u0161tu: <a href=\"mailto:stanislovas.m@gmail.com\"><strong>stanislovas.m@gmail.com<\/strong><\/a><\/p>","protected":false},"featured_media":14373,"template":"","meta":[],"product_brand":[],"product_cat":[86],"product_tag":[],"class_list":{"0":"post-14372","1":"product","2":"type-product","3":"status-publish","4":"has-post-thumbnail","6":"product_cat-amatai","7":"post-wrapper","8":"thrv_wrapper","10":"first","11":"instock","12":"shipping-taxable","13":"product-type-external"},"_links":{"self":[{"href":"https:\/\/kintaiarts.lt\/en\/wp-json\/wp\/v2\/product\/14372","targetHints":{"allow":["GET"]}}],"collection":[{"href":"https:\/\/kintaiarts.lt\/en\/wp-json\/wp\/v2\/product"}],"about":[{"href":"https:\/\/kintaiarts.lt\/en\/wp-json\/wp\/v2\/types\/product"}],"wp:featuredmedia":[{"embeddable":true,"href":"https:\/\/kintaiarts.lt\/en\/wp-json\/wp\/v2\/media\/14373"}],"wp:attachment":[{"href":"https:\/\/kintaiarts.lt\/en\/wp-json\/wp\/v2\/media?parent=14372"}],"wp:term":[{"taxonomy":"product_brand","embeddable":true,"href":"https:\/\/kintaiarts.lt\/en\/wp-json\/wp\/v2\/product_brand?post=14372"},{"taxonomy":"product_cat","embeddable":true,"href":"https:\/\/kintaiarts.lt\/en\/wp-json\/wp\/v2\/product_cat?post=14372"},{"taxonomy":"product_tag","embeddable":true,"href":"https:\/\/kintaiarts.lt\/en\/wp-json\/wp\/v2\/product_tag?post=14372"}],"curies":[{"name":"wp","href":"https:\/\/api.w.org\/{rel}","templated":true}]}}