{"id":14362,"date":"2023-08-07T13:57:09","date_gmt":"2023-08-07T10:57:09","guid":{"rendered":"https:\/\/kintaiarts.lt\/?post_type=product&#038;p=14362"},"modified":"2023-08-29T11:55:10","modified_gmt":"2023-08-29T08:55:10","slug":"saulius-sedys","status":"publish","type":"product","link":"https:\/\/kintaiarts.lt\/en\/product\/saulius-sedys\/","title":{"rendered":"Saulius \u0160edys"},"content":{"rendered":"<p>Saulius \u0160edys &#8211; \u0160ilut\u0117s kra\u0161to menininkas, tautodailininkas, jau daugel\u012f met\u0173 tapantis \u0161io kra\u0161to atspind\u017eius.<\/p>\n<p>Baig\u0119s Tel\u0161i\u0173 taikomosios dail\u0117s technikum\u0105 ir sugr\u012f\u017e\u0119s \u012f gimt\u0105j\u012f kra\u0161t\u0105 menininkas prad\u0117jo tapyti nedidelius paveikslus. Saulius \u0160edys tapo i\u0161 nat\u016bros, tad miesto architekt\u016bra tapo viena esmini\u0173 jo pie\u0161ini\u0173 tem\u0173. Menininkas naudoja nery\u0161kias spalvas, tad paveikslai atrodo lyg sendinti. Taip pat S. \u0160ed\u017eiui patinka naudoti aerografij\u0105 (spalvinimo menas, naudojant aerograf\u0105, pie\u0161imas da\u017eais ant \u012fvairaus pavir\u0161iaus \u2013 sienos, keramikos, metalo, med\u017eio, plastiko, odos) sieninei tapybai.<\/p>\n<p>Menininko darbuose galime i\u0161vysti ir portretus, ta\u010diau jie daromi i\u0161skirtinai pagal u\u017esakym\u0105.<\/p>\n<p>Tautodailininkas nuo 2012-\u0173j\u0173 vyksta \u012f \u012fvairias muges po vis\u0105 Lietuv\u0105, pristato paveikslus ir atstovauja savo miestui.<\/p>\n<p>&nbsp;<\/p>\n<p>&nbsp;<\/p>","protected":false},"excerpt":{"rendered":"<p>1. \u201c\u0160ojaus vartai\u201c<br \/>\n60&#215;40 cm \u2013 Kaina 120 EUR.<br \/>\n50&#215;70 \u2013 Kaina 150 EUR.<\/p>\n<p>2. \u201ePa\u0161tas\u201c<br \/>\n30 x 40 cm<br \/>\nKaina: 80 EUR.<\/p>\n<p>3. \u201eTiltas\u201c<br \/>\n60&#215;40 cm<br \/>\nKaina 90 EUR.<\/p>\n<p>Norintys u\u017esisakyti savo senojo kra\u0161to atspind\u012f ar portret\u0105 kvie\u010diame susisiekti <a href=\"mailto:sauliussedys@gmail.com\">sauliussedys@gmail.com<\/a><br \/>\n<em>U\u017esisakant paveikslai gali \u0161iek tiek skirtis, pateikiami \u012fvair\u016bs variantai, skirtingo sezono\u00a0 laikotarpiu.<\/em><\/p>\n<p>&nbsp;<\/p>","protected":false},"featured_media":14365,"template":"","meta":[],"product_brand":[],"product_cat":[71],"product_tag":[],"class_list":{"0":"post-14362","1":"product","2":"type-product","3":"status-publish","4":"has-post-thumbnail","6":"product_cat-menas","7":"post-wrapper","8":"thrv_wrapper","10":"first","11":"instock","12":"shipping-taxable","13":"product-type-external"},"_links":{"self":[{"href":"https:\/\/kintaiarts.lt\/en\/wp-json\/wp\/v2\/product\/14362","targetHints":{"allow":["GET"]}}],"collection":[{"href":"https:\/\/kintaiarts.lt\/en\/wp-json\/wp\/v2\/product"}],"about":[{"href":"https:\/\/kintaiarts.lt\/en\/wp-json\/wp\/v2\/types\/product"}],"wp:featuredmedia":[{"embeddable":true,"href":"https:\/\/kintaiarts.lt\/en\/wp-json\/wp\/v2\/media\/14365"}],"wp:attachment":[{"href":"https:\/\/kintaiarts.lt\/en\/wp-json\/wp\/v2\/media?parent=14362"}],"wp:term":[{"taxonomy":"product_brand","embeddable":true,"href":"https:\/\/kintaiarts.lt\/en\/wp-json\/wp\/v2\/product_brand?post=14362"},{"taxonomy":"product_cat","embeddable":true,"href":"https:\/\/kintaiarts.lt\/en\/wp-json\/wp\/v2\/product_cat?post=14362"},{"taxonomy":"product_tag","embeddable":true,"href":"https:\/\/kintaiarts.lt\/en\/wp-json\/wp\/v2\/product_tag?post=14362"}],"curies":[{"name":"wp","href":"https:\/\/api.w.org\/{rel}","templated":true}]}}