{"id":14356,"date":"2023-08-07T13:27:47","date_gmt":"2023-08-07T10:27:47","guid":{"rendered":"https:\/\/kintaiarts.lt\/?post_type=product&#038;p=14356"},"modified":"2023-08-07T13:30:04","modified_gmt":"2023-08-07T10:30:04","slug":"danute-tikuziene","status":"publish","type":"product","link":"https:\/\/kintaiarts.lt\/en\/product\/danute-tikuziene\/","title":{"rendered":"Danut\u0117 Tiku\u017eien\u0117"},"content":{"rendered":"<p>Danut\u0117 Tiku\u017eien\u0117 \u2013 tautodailinink\u0117, meno k\u016br\u0117ja, jau tris de\u0161imtme\u010dius puosel\u0117janti juvelyrikos amat\u0105. Kasdieniai moters palydovai \u2013 \u012fvair\u016bs plaktukai, dild\u0117s, repl\u0117s, \u017enypl\u0117s, pincetai.<\/p>\n<p>Menininkei k\u016brybos krypt\u012f kaskart padiktuoja gintaras, nes nuo jo formos, atspalvio ir prasideda k\u016bryba. I\u0161 kartos \u012f kart\u0105 perduodamos tradicijos, papro\u010diai ir balt\u0173 mitologin\u0117mis legendomis apipinti simboliai &#8211; visa tai atsispindi lietuvi\u0173 liaudies dail\u0117s darbuose. Tautodailinink\u0117 Danut\u0117 Tiku\u017eien\u0117 juvelyrikos dirbiniams i\u0161 gintaro ir \u017ealvario, puo\u0161tus etnografiniais motyvais, \u012fkv\u0117pimo semiasi i\u0161 vis\u0173 etnografini\u0173 motyv\u0173, saulu\u010di\u0173, roze\u010di\u0173, liaudies ornamentikos.<\/p>\n<p>Danut\u0117s papuo\u0161alus noriai \u012fsigyja ir lietuviai, ir u\u017esienie\u010diai. Nuolat dalyvaudama parodose, folkloro festivali\u0173 mug\u0117se, atstovaudama Lietuvai tarptautiniuose renginiuose u\u017esienyje, k\u016br\u0117ja yra pastebima ir vertinama, nuolat pelno pad\u0117kas u\u017e tautinio paveldo ir etnin\u0117s kult\u016bros puosel\u0117jim\u0105, tradicini\u0173 gamini\u0173 pristatymus.<\/p>\n<p>&nbsp;<\/p>","protected":false},"excerpt":{"rendered":"<p>Kiekvienas tautodailinink\u0117s darbas yra unikalus ir individualus.<br \/>\nNorintys u\u017esisakyti kvie\u010diame susisiekti mob. tel. +3706 148 4598 arba \u201eFacebook\u201c \u2013 Danut\u0117 Tiku\u017eien\u0117.<\/p>","protected":false},"featured_media":14359,"template":"","meta":[],"product_brand":[],"product_cat":[89],"product_tag":[],"class_list":{"0":"post-14356","1":"product","2":"type-product","3":"status-publish","4":"has-post-thumbnail","6":"product_cat-juvelyrika","7":"post-wrapper","8":"thrv_wrapper","10":"first","11":"instock","12":"shipping-taxable","13":"product-type-external"},"_links":{"self":[{"href":"https:\/\/kintaiarts.lt\/en\/wp-json\/wp\/v2\/product\/14356","targetHints":{"allow":["GET"]}}],"collection":[{"href":"https:\/\/kintaiarts.lt\/en\/wp-json\/wp\/v2\/product"}],"about":[{"href":"https:\/\/kintaiarts.lt\/en\/wp-json\/wp\/v2\/types\/product"}],"wp:featuredmedia":[{"embeddable":true,"href":"https:\/\/kintaiarts.lt\/en\/wp-json\/wp\/v2\/media\/14359"}],"wp:attachment":[{"href":"https:\/\/kintaiarts.lt\/en\/wp-json\/wp\/v2\/media?parent=14356"}],"wp:term":[{"taxonomy":"product_brand","embeddable":true,"href":"https:\/\/kintaiarts.lt\/en\/wp-json\/wp\/v2\/product_brand?post=14356"},{"taxonomy":"product_cat","embeddable":true,"href":"https:\/\/kintaiarts.lt\/en\/wp-json\/wp\/v2\/product_cat?post=14356"},{"taxonomy":"product_tag","embeddable":true,"href":"https:\/\/kintaiarts.lt\/en\/wp-json\/wp\/v2\/product_tag?post=14356"}],"curies":[{"name":"wp","href":"https:\/\/api.w.org\/{rel}","templated":true}]}}