{"id":14351,"date":"2023-08-07T13:19:24","date_gmt":"2023-08-07T10:19:24","guid":{"rendered":"https:\/\/kintaiarts.lt\/?post_type=product&#038;p=14351"},"modified":"2023-08-07T13:28:51","modified_gmt":"2023-08-07T10:28:51","slug":"zydre-nekrasiene","status":"publish","type":"product","link":"https:\/\/kintaiarts.lt\/en\/product\/zydre-nekrasiene\/","title":{"rendered":"\u017dydr\u0117 Nekra\u0161ien\u0117"},"content":{"rendered":"<p>\u201eAmber Design\u201c tai \u0161eimos verslas \u012fkurtas 1997 metais Klaip\u0117dos mieste, Lietuvoje. \u201eAmber design\u201c gintaro papuo\u0161alai paklaus\u016bs ne tik Lietuvoje, bet ir u\u017esienyje. \u0160eima dalyvauja \u012fvairiose parodose Vokietijoje, Lenkijoje, Pranc\u016bzijoje ir kt. Pagrindinis Nekra\u0161i\u0173 \u0161eimos tikslas tai pasi\u016blyti klientui tik auk\u0161\u010diausios kokyb\u0117s juvelyrinius dirbinius i\u0161 100% nat\u016bralaus Baltijos gintaro, taip atskleid\u017eiant tikr\u0105j\u012f gintaro gro\u017e\u012f bei jame slypin\u010di\u0105 gali\u0105.<\/p>\n<p>\u201eAmber design\u201c gali pasi\u016blyti \u012fvairiausi\u0173 gintaro papuo\u0161al\u0173: karoli\u0173, pakabuk\u0173, apyranki\u0173, \u017eied\u0173, grandin\u0117li\u0173 akiniams, suvenyr\u0173 ir kt. Prad\u0117j\u0119 \u0161i\u0105 veikl\u0105 vos po keleri\u0173 met\u0173 \u012fgavo Tautinio paveldo sertifikat\u0105.<\/p>\n<p>Norin\u010dius \u012fsigyti kvie\u010diame apsilankyti internetiniame puslapyje: amberdesign.com<\/p>","protected":false},"excerpt":{"rendered":"<ol>\n<li>Ilgi Baltijos gintaro karoliai n.220.;<br \/>\nV\u0117rinio ilgis: 200 cm. V\u0117rinio svoris: 55,1 g.;<br \/>\nSpalva: konjakas;<br \/>\nNat\u016bralus Baltijos gintaras;<br \/>\n<strong>Kaina: 170.52 \u20ac.<\/strong><\/li>\n<li>Baltijos gintaro v\u0117rinys n.299;<br \/>\nGrandin\u0117l\u0117s ilgis: 58 cm. Pakabuko ilgis: 5.7 cm. Rutuliuk\u0173 dydis: 4.5 mm;<br \/>\nSvoris: 18.8 g.<br \/>\nSpalva: karamel\u0117s, sodriai geltona. Nat\u016bralus Baltijos gintaras;<br \/>\n925 paauksuotas sidabras<br \/>\n<strong>Kaina: 256.25 \u20ac<\/strong><\/li>\n<li>Masyvi Baltijos gintaro apyrank\u0117 b7.<br \/>\nIlgis: 18 cm. Gintaro nareli\u0173 ilgis apie: 31 mm.<br \/>\nSvoris: 53,4 g.<br \/>\nNat\u016bralus Baltijos gintaras<br \/>\n<strong>Kaina: 705.63 \u20ac<\/strong><\/li>\n<li>Aukso spalvos gintaro auskarai e261.<br \/>\nAuskar\u0173 ilgis su u\u017esegimu: 4,3 cm.<br \/>\nSvoris: 4,3 g.<br \/>\nSpalva: konjakas<br \/>\nNat\u016bralus Baltijos gintaras<br \/>\n925 paauksuotas sidabras<br \/>\n<strong>Kaina: 39.57 \u20ac.<\/strong>&nbsp;<\/li>\n<\/ol>","protected":false},"featured_media":14355,"template":"","meta":[],"product_brand":[],"product_cat":[89],"product_tag":[],"class_list":{"0":"post-14351","1":"product","2":"type-product","3":"status-publish","4":"has-post-thumbnail","6":"product_cat-juvelyrika","7":"post-wrapper","8":"thrv_wrapper","10":"first","11":"instock","12":"shipping-taxable","13":"product-type-external"},"_links":{"self":[{"href":"https:\/\/kintaiarts.lt\/en\/wp-json\/wp\/v2\/product\/14351","targetHints":{"allow":["GET"]}}],"collection":[{"href":"https:\/\/kintaiarts.lt\/en\/wp-json\/wp\/v2\/product"}],"about":[{"href":"https:\/\/kintaiarts.lt\/en\/wp-json\/wp\/v2\/types\/product"}],"wp:featuredmedia":[{"embeddable":true,"href":"https:\/\/kintaiarts.lt\/en\/wp-json\/wp\/v2\/media\/14355"}],"wp:attachment":[{"href":"https:\/\/kintaiarts.lt\/en\/wp-json\/wp\/v2\/media?parent=14351"}],"wp:term":[{"taxonomy":"product_brand","embeddable":true,"href":"https:\/\/kintaiarts.lt\/en\/wp-json\/wp\/v2\/product_brand?post=14351"},{"taxonomy":"product_cat","embeddable":true,"href":"https:\/\/kintaiarts.lt\/en\/wp-json\/wp\/v2\/product_cat?post=14351"},{"taxonomy":"product_tag","embeddable":true,"href":"https:\/\/kintaiarts.lt\/en\/wp-json\/wp\/v2\/product_tag?post=14351"}],"curies":[{"name":"wp","href":"https:\/\/api.w.org\/{rel}","templated":true}]}}