{"id":14342,"date":"2023-08-07T12:44:45","date_gmt":"2023-08-07T09:44:45","guid":{"rendered":"https:\/\/kintaiarts.lt\/?post_type=product&#038;p=14342"},"modified":"2023-08-29T11:52:47","modified_gmt":"2023-08-29T08:52:47","slug":"algirdas-marcius","status":"publish","type":"product","link":"https:\/\/kintaiarts.lt\/en\/product\/algirdas-marcius\/","title":{"rendered":"Algirdas Mar\u010dius"},"content":{"rendered":"<p>Algirdas Mar\u010dius vienas \u017eymiausi\u0173 gintaro dirbini\u0173 prekiautoj\u0173 Nidoje. Savo kuriamais papuo\u0161alais jis tarsi apib\u016bdina Nidos miesto autentik\u0105. Da\u017eniausiai gaminami papuo\u0161alai \u2013 gintaro amuletai ir karoliai.<\/p>\n<p>Algirdas savo pa\u0161aukim\u0105 atrado prie\u0161 35 metus. 2013 m. \u012fgijo Tautinio paveldo sertifikat\u0105 bei Tradicini\u0173 amat\u0173 meistro pa\u017eym\u0117jim\u0105. Jis dalyvauja \u012fvairiose parodose Lietuvoje ir u\u017esienyje. Parodose lankytojams nidi\u0161kis demonstruoja kaip gimsta Lietuvos aukso \u2013 gintaro dirbiniai.<\/p>\n<p>Gintar\u0173 meistravimu u\u017esiimantis vyras ir j\u0173 ie\u0161ko, ir apdirba, ir veria, ir parduoda pats. Jis sako, kad palankiu metu j\u016broje galima atrasti ir iki 30 kilogram\u0173 gintaro. Algirdas tiki, kad atitinkam\u0105 energetik\u0105 gintarui gali perduoti ir j\u012f \u012fsigij\u0119s.<\/p>","protected":false},"excerpt":{"rendered":"<p>Algirdo Mar\u010diaus k\u016brini\u0173 rasite adresu: G. D. Kuverto g. 1A-3, LT-93123 Neringa.<\/p>\n<p>Norint pateikti individual\u0173 u\u017esakym\u0105 kvie\u010diame susisiekti <strong>mob. tel. +370\u00a0611 45244<\/strong><\/p>\n<p>Pagal u\u017esakym\u0105 pagamint\u0173 puo\u0161al\u0173 kainos individualios.<\/p>","protected":false},"featured_media":14346,"template":"","meta":[],"product_brand":[],"product_cat":[89],"product_tag":[],"class_list":{"0":"post-14342","1":"product","2":"type-product","3":"status-publish","4":"has-post-thumbnail","6":"product_cat-juvelyrika","7":"post-wrapper","8":"thrv_wrapper","10":"first","11":"instock","12":"shipping-taxable","13":"product-type-external"},"_links":{"self":[{"href":"https:\/\/kintaiarts.lt\/en\/wp-json\/wp\/v2\/product\/14342","targetHints":{"allow":["GET"]}}],"collection":[{"href":"https:\/\/kintaiarts.lt\/en\/wp-json\/wp\/v2\/product"}],"about":[{"href":"https:\/\/kintaiarts.lt\/en\/wp-json\/wp\/v2\/types\/product"}],"wp:featuredmedia":[{"embeddable":true,"href":"https:\/\/kintaiarts.lt\/en\/wp-json\/wp\/v2\/media\/14346"}],"wp:attachment":[{"href":"https:\/\/kintaiarts.lt\/en\/wp-json\/wp\/v2\/media?parent=14342"}],"wp:term":[{"taxonomy":"product_brand","embeddable":true,"href":"https:\/\/kintaiarts.lt\/en\/wp-json\/wp\/v2\/product_brand?post=14342"},{"taxonomy":"product_cat","embeddable":true,"href":"https:\/\/kintaiarts.lt\/en\/wp-json\/wp\/v2\/product_cat?post=14342"},{"taxonomy":"product_tag","embeddable":true,"href":"https:\/\/kintaiarts.lt\/en\/wp-json\/wp\/v2\/product_tag?post=14342"}],"curies":[{"name":"wp","href":"https:\/\/api.w.org\/{rel}","templated":true}]}}