{"id":14204,"date":"2023-06-24T15:21:52","date_gmt":"2023-06-24T12:21:52","guid":{"rendered":"https:\/\/kintaiarts.lt\/?post_type=product&#038;p=14204"},"modified":"2023-06-26T12:00:32","modified_gmt":"2023-06-26T09:00:32","slug":"ruta-emigart-ciuzeliene","status":"publish","type":"product","link":"https:\/\/kintaiarts.lt\/en\/product\/ruta-emigart-ciuzeliene\/","title":{"rendered":"R\u016bta Emigart \u010ciu\u017eelien\u0117"},"content":{"rendered":"<p><em>Nuo juodai balt\u0173 iki spalvot\u0173<\/em><\/p>\n<p>Karpiniai tai meniniai dirbiniai i\u0161 popieriaus. Karpomi \u017eirkl\u0117mis, kartais pjaustomi peiliu. Karpiniai b\u016bna a\u017e\u016briniai, klijuojami vienspalviai ir daugiaspalviai, aplikacijos. \u00a0Karpiniai atsirado senov\u0117s Kinijoje bei paplito Japonijoje ir Vietname. Europoje prad\u0117jus gaminti popieri\u0173 karpiniai paplito ir kitose \u0161alyse. Lietuvoje \u0161i meno kryptis atgars\u012f atrado nuo 19 a. pabaigos.<\/p>\n<p>R\u016btos karpiniai yra i\u0161skirtiniai, pjaustomi tik specialiu peiliu. Darbai paremti istoriniais \u012fvykiais, juose naudojami liaud\u0117s motyvai, kurie R\u016bt\u0105 lyd\u0117jo nuo ma\u017e\u0173 dien\u0173. Tautodailinink\u0117 yra surengusi apie penkiasde\u0161imt personalini\u0173 parod\u0173. Pirm\u0105sias\u00a0 karpini\u0173 parodas sureng\u0117 dar 1968 metais. K\u016br\u0117ja yra apra\u0161oma knygose, jas iliustravusi,\u00a0 taip pat ne vien\u0105 knyg\u0105 yra i\u0161leidusi ir pati.<\/p>\n<p>Daugel\u012f met\u0173 savo darbuose meninink\u0117 rinkosi tik juodas ir baltas spalvas, bet jau kelet\u0105 met\u0173 pristatomi nauji R\u016btos darbai, kurie spindi ry\u0161kiomis spalvomis. R\u016bta Emigart \u010ciu\u017eelien\u0117 jau beveik keturiasde\u0161imt met\u0173 yra Lietuvos tautodailinink\u0173 s\u0105jungos \u017demaitijos skyriaus nar\u0117.<\/p>","protected":false},"excerpt":{"rendered":"<ol>\n<li>Kur\u0161i\u0173 mari\u0173 \u017evej\u0173 burval\u010di\u0173 v\u0117trung\u0117s, 2022 m., popierius, karpymas, 50&#215;70 cm. Kaina: 50 EUR.<\/li>\n<li>Nidos v\u0117trung\u0117s, 2022 m., popierius, karpymas, 50&#215;70 cm. Kaina: 50 EUR.<\/li>\n<li>Kur\u0161i\u0173 mari\u0173 \u017evej\u0173 burval\u010di\u0173 v\u0117trung\u0117s i\u0161 Pilkopos, 2022 m., popierius, karpymas, 50&#215;70 cm. Kaina: 50 EUR.<\/li>\n<li>Nidos v\u0117trung\u0117s, 2022 m., popierius, karpymas, 50&#215;70 cm. Kaina: 50 EUR.<\/li>\n<li>\u201eKupol\u0117\u201c, 2021 m., popierius, karpymas, 50&#215;70 cm. Kaina: 50 EUR.<\/li>\n<li>\u201eKlaip\u0117da\u201c, popierius, karpymas, 50&#215;70 cm. Kaina: 100 EUR.<\/li>\n<li>\u201eNidos \u0160vyturys\u201c, popierius, karpymas, 50&#215;70 cm. Kaina: 50 EUR.<\/li>\n<\/ol>\n<p>&nbsp;<\/p>\n<p><strong>U\u017esakymai priimami tel. nr. 861844355<\/strong><\/p>","protected":false},"featured_media":14205,"template":"","meta":[],"product_brand":[],"product_cat":[71],"product_tag":[],"class_list":{"0":"post-14204","1":"product","2":"type-product","3":"status-publish","4":"has-post-thumbnail","6":"product_cat-menas","7":"post-wrapper","8":"thrv_wrapper","10":"first","11":"instock","12":"shipping-taxable","13":"product-type-external"},"_links":{"self":[{"href":"https:\/\/kintaiarts.lt\/en\/wp-json\/wp\/v2\/product\/14204","targetHints":{"allow":["GET"]}}],"collection":[{"href":"https:\/\/kintaiarts.lt\/en\/wp-json\/wp\/v2\/product"}],"about":[{"href":"https:\/\/kintaiarts.lt\/en\/wp-json\/wp\/v2\/types\/product"}],"wp:featuredmedia":[{"embeddable":true,"href":"https:\/\/kintaiarts.lt\/en\/wp-json\/wp\/v2\/media\/14205"}],"wp:attachment":[{"href":"https:\/\/kintaiarts.lt\/en\/wp-json\/wp\/v2\/media?parent=14204"}],"wp:term":[{"taxonomy":"product_brand","embeddable":true,"href":"https:\/\/kintaiarts.lt\/en\/wp-json\/wp\/v2\/product_brand?post=14204"},{"taxonomy":"product_cat","embeddable":true,"href":"https:\/\/kintaiarts.lt\/en\/wp-json\/wp\/v2\/product_cat?post=14204"},{"taxonomy":"product_tag","embeddable":true,"href":"https:\/\/kintaiarts.lt\/en\/wp-json\/wp\/v2\/product_tag?post=14204"}],"curies":[{"name":"wp","href":"https:\/\/api.w.org\/{rel}","templated":true}]}}