{"id":14199,"date":"2023-06-24T15:06:51","date_gmt":"2023-06-24T12:06:51","guid":{"rendered":"https:\/\/kintaiarts.lt\/?post_type=product&#038;p=14199"},"modified":"2023-06-24T15:08:27","modified_gmt":"2023-06-24T12:08:27","slug":"vytautas-dabasinskas","status":"publish","type":"product","link":"https:\/\/kintaiarts.lt\/en\/product\/vytautas-dabasinskas\/","title":{"rendered":"Vytautas Dabas\u030cinskas"},"content":{"rendered":"<p>Vytautas Daba\u0161inskas jau daugel\u012f met\u0173 gamin\u0105 vyn\u0105 pagal sen\u0105 recept\u0105, paveld\u0117t\u0105 i\u0161 seneli\u0173. Sakoma, kad vyno receptas buvo perduodamas i\u0161 kartos \u012f kart\u0105 ir jo kilm\u0117 siekia net kry\u017eiuo\u010di\u0173 laikus. Daugel\u012f met\u0173 kaupta vyno gamybos patirtis ir aistra vyndarystei leido sukurti unikal\u0173 vyn\u0105, gars\u0117jant\u012f savo puikiu skoniu ir aromatu. O daugiau nei prie\u0161 10 met\u0173 Vytautas \u012fgavo Tautinio paveldo sertifikat\u0105.<\/p>\n<p>\u0160iuo metu Memelio vynas si\u016blo 7 tradicinio vyno aromatus: Agrast\u0173, juod\u0173j\u0173 serbent\u0173, raudon\u0173j\u0173 uog\u0173, avie\u010di\u0173, ro\u017ein\u012f vaisi\u0173, \u0161ermuk\u0161ni\u0173 bei svaraini\u0173. Nesenai, atsiradus norui sukurti prabang\u0105, vyn\u0173 asortiment\u0105 papild\u0117 ro\u017einis p\u016btuojantis vynas \u201ePr\u00f6kuls\u201c &#8211; tai senasis, voki\u0161kas Priekul\u0117s pavadinimas. Vynas daromas i\u0161 \u017eali\u0173j\u0173 ir raudon\u0173j\u0173 agrast\u0173 mi\u0161inio, tradiciniu putojan\u010dio vyno gamybos metodu, 12 m\u0117n. laikomas su miel\u0117mis. Raudonojo aukso spalvos vynas kvepia \u0161ermuk\u0161niais, agrastais, greipfrutais ir medetkomis.<\/p>\n<p>Vytautas Daba\u0161inskas dalyvauja ir \u010dempionatuose. Ne kart\u0105 Memelio vynas Lietuvos bei Baltijos \u0161ali\u0173 vyno \u010dempionatuose peln\u0117 prizin\u0117s vietas.<\/p>","protected":false},"excerpt":{"rendered":"<ol>\n<li>Agrast\u0173 pusiau saldus vynas. Raudono aukso, bly\u0161kios vario spalvos, \u0161velnaus raudon\u0173j\u0173 agrast\u0173 aromato. Saul\u0117t\u0173 piev\u0173, sunokusi\u0173 rugi\u0173 lauko, kvie\u010di\u0173 gemalo, kepint\u0173 \u017eem\u0117s rie\u0161ut\u0173, paj\u016brio sm\u0117lio aromato vynas. Kaina 12,00\u20ac<\/li>\n<li>Juod\u0173j\u0173 serbent\u0173 vynas. \u0160velnios rubino spalvos, \u0161varaus, intensyvaus juod\u0173j\u0173 serbent\u0173 uog\u0173, koteli\u0173 ir \u0161akeli\u0173 aromato vynas. Juodojo \u0161okolado, \u017eali\u0173 kavos pupeli\u0173, lazdyno rie\u0161ut\u0173 sviesto, d\u017eiovint\u0173 fig\u0173 aromato. Burnoje sodrus, tanini\u0161kas, kerintis, jauki saldumo ir r\u016bg\u0161ties derm\u0117, ilgo poskonio vynas. Kaina 12,00\u20ac<\/li>\n<li>Avie\u010di\u0173 vynas. V\u0117juoto vasaros vakaro besileid\u017eian\u010dios saul\u0117s spalvos, harmoningo avie\u010di\u0173 aromato. Prigesusi\u0173 \u017earij\u0173, spanguoli\u0173 uogien\u0117s, pelyno, d\u017eiovint\u0173 \u017eiedlapi\u0173 aromato vynas. Burnoje eleganti\u0161kas, gaivios r\u016bg\u0161ties, senoli\u0173 min\u010di\u0173, poj\u016b\u010di\u0173 ir jausm\u0173 kupinas vynas. Kaina 12,00\u20ac<\/li>\n<li>Ro\u017einis p\u016btuojantis vynas \u201ePr\u00f6kuls\u201c. Kaina 29,00\u20ac&nbsp;<\/li>\n<\/ol>","protected":false},"featured_media":14201,"template":"","meta":[],"product_brand":[],"product_cat":[91],"product_tag":[],"class_list":{"0":"post-14199","1":"product","2":"type-product","3":"status-publish","4":"has-post-thumbnail","6":"product_cat-kulinarija","7":"post-wrapper","8":"thrv_wrapper","10":"first","11":"instock","12":"shipping-taxable","13":"product-type-external"},"_links":{"self":[{"href":"https:\/\/kintaiarts.lt\/en\/wp-json\/wp\/v2\/product\/14199","targetHints":{"allow":["GET"]}}],"collection":[{"href":"https:\/\/kintaiarts.lt\/en\/wp-json\/wp\/v2\/product"}],"about":[{"href":"https:\/\/kintaiarts.lt\/en\/wp-json\/wp\/v2\/types\/product"}],"wp:featuredmedia":[{"embeddable":true,"href":"https:\/\/kintaiarts.lt\/en\/wp-json\/wp\/v2\/media\/14201"}],"wp:attachment":[{"href":"https:\/\/kintaiarts.lt\/en\/wp-json\/wp\/v2\/media?parent=14199"}],"wp:term":[{"taxonomy":"product_brand","embeddable":true,"href":"https:\/\/kintaiarts.lt\/en\/wp-json\/wp\/v2\/product_brand?post=14199"},{"taxonomy":"product_cat","embeddable":true,"href":"https:\/\/kintaiarts.lt\/en\/wp-json\/wp\/v2\/product_cat?post=14199"},{"taxonomy":"product_tag","embeddable":true,"href":"https:\/\/kintaiarts.lt\/en\/wp-json\/wp\/v2\/product_tag?post=14199"}],"curies":[{"name":"wp","href":"https:\/\/api.w.org\/{rel}","templated":true}]}}