{"id":14197,"date":"2023-06-24T15:01:07","date_gmt":"2023-06-24T12:01:07","guid":{"rendered":"https:\/\/kintaiarts.lt\/?post_type=product&#038;p=14197"},"modified":"2023-07-27T12:56:27","modified_gmt":"2023-07-27T09:56:27","slug":"daiva-malakauskiene","status":"publish","type":"product","link":"https:\/\/kintaiarts.lt\/en\/product\/daiva-malakauskiene\/","title":{"rendered":"Daiva Malakauskien\u0117"},"content":{"rendered":"<p>Verslininkai ne tik kepa \u0161ako\u010dius bet ir dalyvauja \u0161vent\u0117se, kuriuose demonstruoja, moko kitus kepti \u0161ako\u010dius bei supa\u017eindina su \u0161ako\u010dio atsiradimo istorija, papasakoja kuo skiriasi \u0161akotis nuo \u201ebankucheno\u201c.<\/p>\n<p>\u012esigyti i\u0161skirtinio \u0161ako\u010dio bei kit\u0173 kulinarijos gamini\u0173 galite \u0161ioje internetin\u0117je svetain\u0117je:<\/p>\n<p><a href=\"https:\/\/dmalakauskienes-kepyklele.business.site\/\">https:\/\/dmalakauskienes-kepyklele.business.site\/<\/a><\/p>","protected":false},"excerpt":{"rendered":"<p>Daivos Malakauskien\u0117s \u0161eimoje \u0161ako\u010diai kepami jau daugiau nei 50 met\u0173. Nor\u0117dami i\u0161saugoti \u0161eimos tradicij\u0105, su savu vyru Ar\u016bnu jie 2008 m. \u012fk\u016br\u0117 \u012fmon\u0119 \u201eKretingos \u0161ako\u010diai\u201c. Kaip palikim\u0105 Daiva gavo tikr\u0105, autenti\u0161k\u0105 naminio \u0161ako\u010dio recept\u0105, o Ar\u016bnas, pagal Daivos t\u0117vo patarimus, pats i\u0161m\u016brijo kepimo krosn\u012f ir pasir\u016bpino reikalingais \u012frankiais.<\/p>\n<p>Per dien\u0105 verslininkai i\u0161kepa daugiau kaip 20 kilogram\u0173 \u0161ako\u010dio. 2012 m. gav\u0119 Tautinio paveldo produkt\u0173 sertifikat\u0105, \u0161ako\u010di\u0173 kepimo \u010dempionatuose dalyvaujantys ver\u017el\u016bs ir kupini energijos D. ir A. Malakauskai \u012f \u0161ako\u010di\u0173 kepimo magij\u0105 \u012ftrauk\u0117 ir savo tris at\u017ealas, vildamiesi, kad ir jie t\u0119s \u0161eimos tradicij\u0105 \u2013 keps \u0161ako\u010dius pagal seniausi\u0105 recept\u0105 tik ant atvira ugnimi degan\u010di\u0173 ber\u017eini\u0173 malk\u0173.<\/p>\n<p>&nbsp;<\/p>","protected":false},"featured_media":14198,"template":"","meta":[],"product_brand":[],"product_cat":[91],"product_tag":[],"class_list":{"0":"post-14197","1":"product","2":"type-product","3":"status-publish","4":"has-post-thumbnail","6":"product_cat-kulinarija","7":"post-wrapper","8":"thrv_wrapper","10":"first","11":"instock","12":"shipping-taxable","13":"product-type-external"},"_links":{"self":[{"href":"https:\/\/kintaiarts.lt\/en\/wp-json\/wp\/v2\/product\/14197","targetHints":{"allow":["GET"]}}],"collection":[{"href":"https:\/\/kintaiarts.lt\/en\/wp-json\/wp\/v2\/product"}],"about":[{"href":"https:\/\/kintaiarts.lt\/en\/wp-json\/wp\/v2\/types\/product"}],"wp:featuredmedia":[{"embeddable":true,"href":"https:\/\/kintaiarts.lt\/en\/wp-json\/wp\/v2\/media\/14198"}],"wp:attachment":[{"href":"https:\/\/kintaiarts.lt\/en\/wp-json\/wp\/v2\/media?parent=14197"}],"wp:term":[{"taxonomy":"product_brand","embeddable":true,"href":"https:\/\/kintaiarts.lt\/en\/wp-json\/wp\/v2\/product_brand?post=14197"},{"taxonomy":"product_cat","embeddable":true,"href":"https:\/\/kintaiarts.lt\/en\/wp-json\/wp\/v2\/product_cat?post=14197"},{"taxonomy":"product_tag","embeddable":true,"href":"https:\/\/kintaiarts.lt\/en\/wp-json\/wp\/v2\/product_tag?post=14197"}],"curies":[{"name":"wp","href":"https:\/\/api.w.org\/{rel}","templated":true}]}}