{"id":14188,"date":"2023-06-24T14:49:44","date_gmt":"2023-06-24T11:49:44","guid":{"rendered":"https:\/\/kintaiarts.lt\/?post_type=product&#038;p=14188"},"modified":"2023-06-24T14:49:44","modified_gmt":"2023-06-24T11:49:44","slug":"remigijus-jucius-ir-laima-stankute","status":"publish","type":"product","link":"https:\/\/kintaiarts.lt\/en\/product\/remigijus-jucius-ir-laima-stankute\/","title":{"rendered":"Remigijus Jucius Ir Laima Stankut\u0117"},"content":{"rendered":"<p>Remigijus Jucius ir Laima Stankut\u0117 &#8211; juodosios keramikos meistrai. Autoriniai meninink\u0173 darbai ne\u017eied\u017eiami stakl\u0117mis. Visi k\u016briniai atliekami lipdytine technika, o degimo procesas vyksta \u017eem\u0117je i\u0161 \u0161amotini\u0173 plyt\u0173 sum\u016brytoje krosnyje, kurios temperat\u016bra siekia beveik 1000 laipsni\u0173 kar\u0161\u010dio. Kiekvienas meninink\u0173 gaminys yra individualus ir nepakartojamas.<\/p>\n<p>\u0160is dviej\u0173 tautodailinink\u0173 k\u016brybinis ir \u0161eimyninis tandemas jau daugiau kaip 20 met\u0173 yra i\u0161tikimas keramikai. Kartu jie yra Lietuvos Tautodailinink\u0173 s\u0105jungos \u017demaitijos skyriaus nariai.<\/p>\n<p>Meninink\u0173 darbas reikalauja \u012fg\u016bd\u017ei\u0173 ir meistri\u0161kumu. Procesas yra sud\u0117tinas: atsipjovus gabal\u0105 molio, jis ko\u010d\u0117lu i\u0161siko\u010diojamas iki reikiamo dyd\u017eio ir storio. Tada rankomis, be joki\u0173 papildom\u0173 form\u0173 ar \u0161ablon\u0173, i\u0161formuojama norima forma. Kai gaminiai sutvirt\u0117ja, kiekvienam suteikiama \u201egyvyb\u0117\u201c dekoravimu. Tada glaz\u016bruojama, degama.<\/p>\n<p>Mug\u0117se Lietuvoje ir u\u017esienyje, tautodailininkai da\u017enai demonstruoja, kaip pasigaminti l\u0117k\u0161t\u0119, \u0161auk\u0161t\u0105, kau\u0161el\u012f, taip pat moko\u00a0 kaip juos i\u0161sidekoruoti.<\/p>","protected":false},"excerpt":{"rendered":"<ol>\n<li>\u201eSaulut\u0117 I\u201c. Skersmuo ~30 cm. 120 EUR.<\/li>\n<li>\u201eSaulut\u0117 II\u201c. Skersmuo ~30cm. Kaina: 30 EUR.<\/li>\n<li>\u201eM\u0117nulis\u201c dydis:~30 cm. Kaina:100 EUR.<\/li>\n<li>\u201eAngelas I\u201c. Dydis 20 cm. Kaina: 45 EUR.<\/li>\n<li>\u201eAngelas II\u201c (\u017evakid\u0117). Dydis 30 cm. Kaina: 100 EUR.<\/li>\n<li>\u201eAngelas III\u201c. Dydis 35 cm. Kaina: 90 EUR.<\/li>\n<li>\u201eZuikis\u201c. ~20 cm. Kaina: 120 EUR.<\/li>\n<li>\u201eSaulut\u0117 III\u201c. Skersmuo ~30cm. Kaina: 30 EUR.<\/li>\n<\/ol>","protected":false},"featured_media":14189,"template":"","meta":[],"product_brand":[],"product_cat":[73],"product_tag":[],"class_list":{"0":"post-14188","1":"product","2":"type-product","3":"status-publish","4":"has-post-thumbnail","6":"product_cat-keramika","7":"post-wrapper","8":"thrv_wrapper","10":"first","11":"instock","12":"shipping-taxable","13":"product-type-external"},"_links":{"self":[{"href":"https:\/\/kintaiarts.lt\/en\/wp-json\/wp\/v2\/product\/14188","targetHints":{"allow":["GET"]}}],"collection":[{"href":"https:\/\/kintaiarts.lt\/en\/wp-json\/wp\/v2\/product"}],"about":[{"href":"https:\/\/kintaiarts.lt\/en\/wp-json\/wp\/v2\/types\/product"}],"wp:featuredmedia":[{"embeddable":true,"href":"https:\/\/kintaiarts.lt\/en\/wp-json\/wp\/v2\/media\/14189"}],"wp:attachment":[{"href":"https:\/\/kintaiarts.lt\/en\/wp-json\/wp\/v2\/media?parent=14188"}],"wp:term":[{"taxonomy":"product_brand","embeddable":true,"href":"https:\/\/kintaiarts.lt\/en\/wp-json\/wp\/v2\/product_brand?post=14188"},{"taxonomy":"product_cat","embeddable":true,"href":"https:\/\/kintaiarts.lt\/en\/wp-json\/wp\/v2\/product_cat?post=14188"},{"taxonomy":"product_tag","embeddable":true,"href":"https:\/\/kintaiarts.lt\/en\/wp-json\/wp\/v2\/product_tag?post=14188"}],"curies":[{"name":"wp","href":"https:\/\/api.w.org\/{rel}","templated":true}]}}