{"id":14175,"date":"2023-06-24T14:15:43","date_gmt":"2023-06-24T11:15:43","guid":{"rendered":"https:\/\/kintaiarts.lt\/?post_type=product&#038;p=14175"},"modified":"2023-06-24T14:28:31","modified_gmt":"2023-06-24T11:28:31","slug":"vaidotas-bliudzius","status":"publish","type":"product","link":"https:\/\/kintaiarts.lt\/en\/product\/vaidotas-bliudzius\/","title":{"rendered":"Vaidotas Bli\u016bd\u017eius"},"content":{"rendered":"<p>T\u0119sdamas \u0161eimos tradicijas, siekian\u010dias XIX am\u017ei\u0173, Vaidotas pasirinko dailid\u0117s amat\u0105. Menininko kelias prasid\u0117jo nuo kiemo aptv\u0117rimo medine tvora, nam\u0173 ar vil\u0173 restauracij\u0173, iki medini\u0173 laiv\u0173 statyb\u0173. I\u0161band\u0119s \u012fvairius darbus su med\u017eiu, tautodailininkas atrado pa\u0161aukim\u0105 tradicini\u0173 v\u0117trungi\u0173 gamybai.<\/p>\n<p>Dabartini\u0173, m\u016bs\u0173 akiai \u012fprast\u0173, v\u0117trungi\u0173 pirmtak\u0117s buvo 2 pr\u016bsi\u0161k\u0173 p\u0117d\u0173 ilgio ir 1 pr\u016bsi\u0161kos p\u0117dos plo\u010dio (62,40 x 31,20 cm) skardin\u0117s ar medin\u0117s plok\u0161t\u0117s, su atitinkamu kaimui priskirtu geometriniu \u017eenklu, nuda\u017eytu kontrastin\u0117mis spalvomis: Kur\u0161i\u0173 nerijos kaim\u0173 geometriniai \u017eenklai yra juodos-baltos spalvos, rytinio kranto \u2013 raudonos-baltos, o pietinio (dabartin\u0117 Kaliningrado srities teritorija) \u2013 geltonos-m\u0117lynos spalvos.<\/p>\n<p>Ilgainiui \u017evejai \u0117m\u0117 puo\u0161ti \u0161ias spalvines lenteles \u012fmantriais mediniais kiaurapj\u016bviais dro\u017einiais. Rai\u017einiuose susipyn\u0117 valstybingumo, religini\u0173 simboli\u0173, stilizuot\u0173 aplinkos objekt\u0173 motyvai.<\/p>\n<p>Vaidotas su komanda pritaiko naujas \u017einias ir technologijas, bei panaudoja ilgamet\u0119 patirt\u012f ir geriausius meistr\u0173 sugeb\u0117jimus. Tod\u0117l visi darbai ir gaminiai yra labai svarb\u016bs ir atliekami su didele atsakomybe. \u0160iuo metu gali pasi\u016blyti savo paslaugas nuo papras\u010diausi\u0173 gamini\u0173 nam\u0173 aplinkai iki sud\u0117tingiausi\u0173 sprendim\u0173 \u012fgyvendinant J\u016bs\u0173 projektus.<\/p>\n<p>Savo darbuose tautodailininkas naudoja ne tik tradicines istorines spalvas, bet ir gamina tradicini\u0173 dyd\u017ei\u0173 v\u0117trunges.<\/p>\n<p>Daugiau darb\u0173 galite pamatyti bei \u012fsigyti\u00a0 el. puslapyje <a href=\"https:\/\/www.dailidziudirbtuves.lt\/\">https:\/\/www.dailidziudirbtuves.lt\/<\/a><\/p>\n<p>2011 m. Vaidotas Bli\u016bd\u017eius \u012fgavo Tautinio paveldo produkto sertifikat\u0105.<\/p>\n<p><strong>K\u016br\u0117jas taip pat kartu su komanda veda edukacijas. V\u0117trungi\u0173 edukacijos vyksta Vaidoto dirbtuv\u0117se arba kitose vietose pagal u\u017esakymus.<\/strong><\/p>\n<p><strong>Pla\u010diau: <a href=\"https:\/\/www.dailidziudirbtuves.lt\/edukacijos\/\">https:\/\/www.dailidziudirbtuves.lt\/edukacijos\/<\/a><\/strong><\/p>","protected":false},"excerpt":{"rendered":"<ol>\n<li>Autenti\u0161ko dyd\u017eio v\u0117trung\u0117, ~140x60x4,5 cm. Kaina: 650 EUR<\/li>\n<li>Autenti\u0161ko dyd\u017eio v\u0117trung\u0117, ~140x60x4,5 cm. Kaina: 650 EUR<\/li>\n<li>V\u0117trung\u0117 su padukais, ~ 50x40x2cm. Kaina: 160 EUR<\/li>\n<li>Autenti\u0161ko dyd\u017eio v\u0117trung\u0117, ~140x60x4,5 cm. Kaina: 700 EUR<\/li>\n<\/ol>","protected":false},"featured_media":14180,"template":"","meta":[],"product_brand":[],"product_cat":[86,87],"product_tag":[],"class_list":{"0":"post-14175","1":"product","2":"type-product","3":"status-publish","4":"has-post-thumbnail","6":"product_cat-amatai","7":"product_cat-edukacijos","8":"post-wrapper","9":"thrv_wrapper","11":"first","12":"instock","13":"shipping-taxable","14":"product-type-external"},"_links":{"self":[{"href":"https:\/\/kintaiarts.lt\/en\/wp-json\/wp\/v2\/product\/14175","targetHints":{"allow":["GET"]}}],"collection":[{"href":"https:\/\/kintaiarts.lt\/en\/wp-json\/wp\/v2\/product"}],"about":[{"href":"https:\/\/kintaiarts.lt\/en\/wp-json\/wp\/v2\/types\/product"}],"wp:featuredmedia":[{"embeddable":true,"href":"https:\/\/kintaiarts.lt\/en\/wp-json\/wp\/v2\/media\/14180"}],"wp:attachment":[{"href":"https:\/\/kintaiarts.lt\/en\/wp-json\/wp\/v2\/media?parent=14175"}],"wp:term":[{"taxonomy":"product_brand","embeddable":true,"href":"https:\/\/kintaiarts.lt\/en\/wp-json\/wp\/v2\/product_brand?post=14175"},{"taxonomy":"product_cat","embeddable":true,"href":"https:\/\/kintaiarts.lt\/en\/wp-json\/wp\/v2\/product_cat?post=14175"},{"taxonomy":"product_tag","embeddable":true,"href":"https:\/\/kintaiarts.lt\/en\/wp-json\/wp\/v2\/product_tag?post=14175"}],"curies":[{"name":"wp","href":"https:\/\/api.w.org\/{rel}","templated":true}]}}