{"id":14169,"date":"2023-06-24T13:58:21","date_gmt":"2023-06-24T10:58:21","guid":{"rendered":"https:\/\/kintaiarts.lt\/?post_type=product&#038;p=14169"},"modified":"2023-06-24T13:58:21","modified_gmt":"2023-06-24T10:58:21","slug":"rimantas-pilibavicius","status":"publish","type":"product","link":"https:\/\/kintaiarts.lt\/en\/product\/rimantas-pilibavicius\/","title":{"rendered":"Rimantas Pilibavi\u010dius"},"content":{"rendered":"<p>Rimantas Pilibavi\u010dius &#8211; entuziastas, kuris savo darbais puo\u0161ia ne tik \u017emoni\u0173 namus, bet ir vis\u0105 apylink\u0119.\u00a0 Menininkas Velyk\u0173 \u0161vent\u0117s proga papuo\u0161\u0117 savo miestel\u012f pintine, kurios auk\u0161tis \u2013 8,18 m, plotis \u2013 3,5 m, ilgis \u2013 7 m, o svoris net 1,5 tonos. \u012e krep\u0161el\u012f jis sud\u0117jo 40 \u012fsp\u016bdingo dyd\u017eio margu\u010di\u0173.<\/p>\n<p>Tautodailininko pa\u017eym\u0117jim\u0105 menininkas gavo prie\u0161 daugiau nei 30 met\u0173. Menininkas pie\u0161ia ant med\u017eio lent\u0173, kuri\u0173 paruo\u0161imas &#8211; sud\u0117tingas procesas. Jis taip pat gamina rykus maistui ruo\u0161ti ir laikyti, i\u0161skirtines rankines i\u0161 med\u017eio, pintus krep\u0161ius, sodyb\u0173 puo\u0161menas, medines d\u0117\u017eutes bei i\u0161skirtinius vienetinius baldus.<\/p>\n<p>Rimantas dirba ir pagal u\u017esakymus. Eskizo klientui niekuomet nepie\u0161ia \u2013 vyrauja abipusis pasitik\u0117jimas. Ir tik vienas Rimantas \u017eino \u2013 jam pavyko realizuoti sumanym\u0105, ar ne. Jei ka\u017ekas atrodo ne taip \u2013 darbas tobulinamas, kei\u010diamas. Ta\u010diau kartais nesuderinamumas tarp to, kas gimsta ant lentos ir pirminio \u012fsivaizdavimo i\u0161eina ir \u012f gera.<\/p>","protected":false},"excerpt":{"rendered":"<ol>\n<li>Juodinto \u0105\u017euolo staliukas su metalin\u0117mis ranken\u0117l\u0117mis. Kaina: 100 EUR.<\/li>\n<li>Rank\u0173 darbo d\u0117\u017eut\u0117, kaina: 60 EUR.<\/li>\n<li>Rankin\u0117 \u201eGyvyb\u0117\u201c, dydis: 25&#215;25 cm. Kaina: 120 EUR.<\/li>\n<li>Pakabinamas \u0161iaudinis k\u016bdikio lop\u0161ys. Kaina: 200 EUR.<\/li>\n<li>Juodinto \u0105\u017euolo nam\u0173 serg\u0117toja \u201eLaiko up\u0117\u201c. Kaina: 50 EUR.<\/li>\n<\/ol>","protected":false},"featured_media":14174,"template":"","meta":[],"product_brand":[],"product_cat":[86],"product_tag":[],"class_list":{"0":"post-14169","1":"product","2":"type-product","3":"status-publish","4":"has-post-thumbnail","6":"product_cat-amatai","7":"post-wrapper","8":"thrv_wrapper","10":"first","11":"instock","12":"shipping-taxable","13":"product-type-external"},"_links":{"self":[{"href":"https:\/\/kintaiarts.lt\/en\/wp-json\/wp\/v2\/product\/14169","targetHints":{"allow":["GET"]}}],"collection":[{"href":"https:\/\/kintaiarts.lt\/en\/wp-json\/wp\/v2\/product"}],"about":[{"href":"https:\/\/kintaiarts.lt\/en\/wp-json\/wp\/v2\/types\/product"}],"wp:featuredmedia":[{"embeddable":true,"href":"https:\/\/kintaiarts.lt\/en\/wp-json\/wp\/v2\/media\/14174"}],"wp:attachment":[{"href":"https:\/\/kintaiarts.lt\/en\/wp-json\/wp\/v2\/media?parent=14169"}],"wp:term":[{"taxonomy":"product_brand","embeddable":true,"href":"https:\/\/kintaiarts.lt\/en\/wp-json\/wp\/v2\/product_brand?post=14169"},{"taxonomy":"product_cat","embeddable":true,"href":"https:\/\/kintaiarts.lt\/en\/wp-json\/wp\/v2\/product_cat?post=14169"},{"taxonomy":"product_tag","embeddable":true,"href":"https:\/\/kintaiarts.lt\/en\/wp-json\/wp\/v2\/product_tag?post=14169"}],"curies":[{"name":"wp","href":"https:\/\/api.w.org\/{rel}","templated":true}]}}