{"id":14126,"date":"2023-06-02T14:27:39","date_gmt":"2023-06-02T11:27:39","guid":{"rendered":"https:\/\/kintaiarts.lt\/?post_type=product&#038;p=14126"},"modified":"2023-06-02T14:34:20","modified_gmt":"2023-06-02T11:34:20","slug":"violeta-astrauskiene","status":"publish","type":"product","link":"https:\/\/kintaiarts.lt\/en\/product\/violeta-astrauskiene\/","title":{"rendered":"Violeta Astrauskien\u0117"},"content":{"rendered":"<p>Violeta dar b\u016bdama vaiku prad\u0117jo eiti k\u016brybiniu keliu, ji men\u0105 jau\u010dia pir\u0161t\u0173 galiukais. \u012ekv\u0117pta savo aplinkos ji kuria ne vien\u0105 daikt\u0105, o vis\u0105 k\u016brybin\u0119 serij\u0105. Tautodailinink\u0117 turi savo unikal\u0173 stili\u0173. Jos darbuose da\u017eniausiai pasi\u017eymi angelai bei pauk\u0161\u010diai. Pasak Violetos, pauk\u0161\u010diai ir angelai yra d\u017eiaugsmo ir vilties ne\u0161\u0117jai. Angelas ne\u0161a mums laim\u0119, s\u0117km\u0119, o pauk\u0161\u010diai \u2013 pavasar\u012f.<\/p>\n<p>Nors keramika meninink\u0117 u\u017esiima vos penkerius metus, jos darbai jau puikuojasi meno parodose.<\/p>\n<p>Minint svarbias \u0161ventes Violeta rengia edukacijas, kuri\u0173 metu dalyviai turi galimyb\u0119 pasinerti \u012f k\u016brybinius procesus bei i\u0161girsti, koks ilgas keramini\u0173 gamini\u0173 gamybos procesas. Glaz\u016bros padengimo metu niekada negali \u017einoti, kas i\u0161eis, tad visada su nekantrumu lauki galutinio rezultato.<\/p>\n<p>&nbsp;<\/p>","protected":false},"excerpt":{"rendered":"<ol>\n<li>\u201e\u0160uniukai\u201c. Didesnio kaina: 15 EUR, ma\u017eesnio 10 EUR.<\/li>\n<li>\u201eS\u0117dintis angelas\u201c kaina: 25 EUR<\/li>\n<li>\u201eAngelas\u201c kaina: 15 EUR.<\/li>\n<li>\u201eAngelas II\u201c kaina: 12 EUR. Auk\u0161tis 9 cm.<\/li>\n<li>Angelai III\u201c. Vnt. kaina: 25 EUR<\/li>\n<li>\u201ePauk\u0161tis\u201c. Auk\u0161tis 6 cm. Ilgis 16 cm. Kaina: 15 EUR.<\/li>\n<\/ol>\n<p>Norintys \u012fsigyti tautodailinink\u0117s, visuomeninink\u0117s Violetos Astrauskien\u0117s darbus kvie\u010diame susisiekti el. pa\u0161tu: <strong>violeta.astrauskiene@gmail.com<\/strong><\/p>","protected":false},"featured_media":14127,"template":"","meta":[],"product_brand":[],"product_cat":[73],"product_tag":[],"class_list":{"0":"post-14126","1":"product","2":"type-product","3":"status-publish","4":"has-post-thumbnail","6":"product_cat-keramika","7":"post-wrapper","8":"thrv_wrapper","10":"first","11":"instock","12":"shipping-taxable","13":"product-type-external"},"_links":{"self":[{"href":"https:\/\/kintaiarts.lt\/en\/wp-json\/wp\/v2\/product\/14126","targetHints":{"allow":["GET"]}}],"collection":[{"href":"https:\/\/kintaiarts.lt\/en\/wp-json\/wp\/v2\/product"}],"about":[{"href":"https:\/\/kintaiarts.lt\/en\/wp-json\/wp\/v2\/types\/product"}],"wp:featuredmedia":[{"embeddable":true,"href":"https:\/\/kintaiarts.lt\/en\/wp-json\/wp\/v2\/media\/14127"}],"wp:attachment":[{"href":"https:\/\/kintaiarts.lt\/en\/wp-json\/wp\/v2\/media?parent=14126"}],"wp:term":[{"taxonomy":"product_brand","embeddable":true,"href":"https:\/\/kintaiarts.lt\/en\/wp-json\/wp\/v2\/product_brand?post=14126"},{"taxonomy":"product_cat","embeddable":true,"href":"https:\/\/kintaiarts.lt\/en\/wp-json\/wp\/v2\/product_cat?post=14126"},{"taxonomy":"product_tag","embeddable":true,"href":"https:\/\/kintaiarts.lt\/en\/wp-json\/wp\/v2\/product_tag?post=14126"}],"curies":[{"name":"wp","href":"https:\/\/api.w.org\/{rel}","templated":true}]}}