{"id":14117,"date":"2023-06-02T14:05:53","date_gmt":"2023-06-02T11:05:53","guid":{"rendered":"https:\/\/kintaiarts.lt\/?post_type=product&#038;p=14117"},"modified":"2023-06-24T13:58:56","modified_gmt":"2023-06-24T10:58:56","slug":"ausra-rumkiene","status":"publish","type":"product","link":"https:\/\/kintaiarts.lt\/en\/product\/ausra-rumkiene\/","title":{"rendered":"Au\u0161ra Rumkien\u0117"},"content":{"rendered":"<p><em>Menas- svajon\u0117s i\u0161sipildymas<\/em><\/p>\n<p>Au\u0161ra aistr\u0105 menui pajuto b\u016bdama dar vaikas. Mokyklos prailgintoje grup\u0117je ji tur\u0117jo galimyb\u0119 prisiliesti prie \u012fvairaus rank\u0173 darbo. Baigus mokykl\u0105 gyvenimas Au\u0161rai met\u0117 ne vien\u0105 i\u0161\u0161\u016bk\u012f. U\u017egimusi svajon\u0117 mokykloje tapti menininke vis dar buvo svajon\u0117.<\/p>\n<p>Po ilgos pertraukos Au\u0161ra nebegal\u0117jo atsispirti pagundai gr\u012f\u017eti prie rankdarbi\u0173. \u012ekv\u0117pim\u0105 kurti i\u0161skirtinius, unikalius v\u0117rinius moteris atrasdavo vos prisilietus prie karoliuk\u0173. Kiekvienas v\u0117rinys yra kitoks, pasak meninink\u0117s, tokio paties nei\u0161eit\u0173 pagaminti net pa\u010diai.<\/p>\n<p>Prie\u0161 ketverius metus meninink\u0117 \u012fgijo tautinio paveldo sertifikat\u0105, moters darbai yra autenti\u0161ki ir i\u0161skirtiniai. \u012evairov\u0117 Au\u0161ros dirbtuv\u0117se begalin\u0117. V\u0117riniai pagaminti i\u0161 \u012fvairiausi\u0173 akmen\u0173, toki\u0173 kaip agatas, oniksas, koralas ir kt. Moteris tiki, kad pats akmuo pasirenka jam tinkam\u0105 \u017emog\u0173.<\/p>\n<p>Be v\u0117rini\u0173 gamybos Au\u0161ros dirbtuv\u0117se galima pamatyti \u012fvairi\u0173 rank\u0173 darbo gamini\u0173. Apsilank\u0119 \u201eFacebook\u201c socialinio tinklo puslapyje \u201eRank\u0173 darbo papuo\u0161alai ir net. \u0160ilut\u0117\u201c pamatysite ir dekupa\u017eu dekoruotus daiktus, kiau\u0161inius, pagamintus i\u0161 atlasini\u0173 juosteli\u0173, angeliukus i\u0161 gipso med\u017eiagos, rank\u0173 darbo muilo \u012fvairoves ir kt.<\/p>\n<p>Norintys \u012fsigyti kvie\u010diame susisiekti mob. tel. +370\u00a0615 83735 arba apsilankyti \u201eFacebook\u201c platformos puslapyje paspaud\u0119 \u0161i\u0105 nuorod\u0105 &#8211; <a href=\"https:\/\/www.facebook.com\/megstupuosti\">https:\/\/www.facebook.com\/megstupuosti<\/a><\/p>","protected":false},"excerpt":{"rendered":"<ol>\n<li>V\u0117rinys i\u0161 kriaukl\u0117s ir agato akmens. Ilgis: 45 cm. Kaina: 20 EUR.<\/li>\n<li>Indi\u0161ko agato akmens v\u0117rinys. Ilgis: 54 cm. Kaina: 35 EUR.<\/li>\n<li>Koralo v\u0117rinys. Ilgis: 58 cm. Kaina: 45 EUR.<\/li>\n<li>Koralas su agato akmenimis. Ilgis: 52 cm. Kaina: 40 EUR.<\/li>\n<li>Ametrin\u0173 ir ametisto akmen\u0173 v\u0117rinys. Ilgis:47 cm. Kaina: 40 EUR.<\/li>\n<li>Ilgas kaklo v\u0117rinys, pagamintas i\u0161 sintetin\u0117s kat\u0117s akies akmen\u0173, mai\u0161ytas su balto stiklo karoliukais. Pakabukas: agato akmuo ir upinis perlas. Ilgis: 90 cm. Kaina: 25 EUR.<\/li>\n<li>Gintarinis v\u0117rinys su sidabrin\u0117mis detal\u0117mis. Ilgis: 54 cm. Kaina: 55 EUR.<\/li>\n<\/ol>","protected":false},"featured_media":14118,"template":"","meta":[],"product_brand":[],"product_cat":[89],"product_tag":[],"class_list":{"0":"post-14117","1":"product","2":"type-product","3":"status-publish","4":"has-post-thumbnail","6":"product_cat-juvelyrika","7":"post-wrapper","8":"thrv_wrapper","10":"first","11":"instock","12":"shipping-taxable","13":"product-type-external"},"_links":{"self":[{"href":"https:\/\/kintaiarts.lt\/en\/wp-json\/wp\/v2\/product\/14117","targetHints":{"allow":["GET"]}}],"collection":[{"href":"https:\/\/kintaiarts.lt\/en\/wp-json\/wp\/v2\/product"}],"about":[{"href":"https:\/\/kintaiarts.lt\/en\/wp-json\/wp\/v2\/types\/product"}],"wp:featuredmedia":[{"embeddable":true,"href":"https:\/\/kintaiarts.lt\/en\/wp-json\/wp\/v2\/media\/14118"}],"wp:attachment":[{"href":"https:\/\/kintaiarts.lt\/en\/wp-json\/wp\/v2\/media?parent=14117"}],"wp:term":[{"taxonomy":"product_brand","embeddable":true,"href":"https:\/\/kintaiarts.lt\/en\/wp-json\/wp\/v2\/product_brand?post=14117"},{"taxonomy":"product_cat","embeddable":true,"href":"https:\/\/kintaiarts.lt\/en\/wp-json\/wp\/v2\/product_cat?post=14117"},{"taxonomy":"product_tag","embeddable":true,"href":"https:\/\/kintaiarts.lt\/en\/wp-json\/wp\/v2\/product_tag?post=14117"}],"curies":[{"name":"wp","href":"https:\/\/api.w.org\/{rel}","templated":true}]}}