{"id":13962,"date":"2023-05-14T15:16:16","date_gmt":"2023-05-14T12:16:16","guid":{"rendered":"https:\/\/kintaiarts.lt\/?post_type=product&#038;p=13962"},"modified":"2023-05-14T15:16:16","modified_gmt":"2023-05-14T12:16:16","slug":"gyvybes-medziai","status":"publish","type":"product","link":"https:\/\/kintaiarts.lt\/en\/product\/gyvybes-medziai\/","title":{"rendered":"The Trees of Life"},"content":{"rendered":"<p>Vis\u0173 pasaulio kra\u0161t\u0173 etnin\u0117s dail\u0117s k\u016briniuose galime pamatyti Pasaulio ir Gyvyb\u0117s med\u017eius. Lietuvoje Gyvyb\u0117s med\u017eiu tradici\u0161kai buvo puo\u0161iamos prieverpst\u0117s, krai\u010dio skrynios, baldai, langin\u0117s. Tautodailinink\u0117 Ismonda Katauskien\u0117 atrado savo b\u016bd\u0105, kaip pateikti gyvyb\u0117s med\u017eius \u0161iuolaikiniame pasaulyje. Dauguma meninink\u0117s darb\u0173 yra atliekami ant istorinio pagrindo, senos medienos. Kiekviena lentel\u0117 turi savo istorij\u0105.<\/p>\n<p>Gyvyb\u0117s med\u017eio simbolis ir k\u016bryba i\u0161liko iki m\u016bs\u0173 dien\u0173. Gyvyb\u0117s ir Pasaulio med\u017eiai \u2013 tai nei\u0161senkantis \u0161altinis k\u016brybai. Prigimtin\u0117s kult\u016bros \u012fkv\u0117pti gyvyb\u0117s, pasaulio med\u017eiai, mitologiniai siu\u017eetai ir vaizdiniai, visa tai Ismonda i\u0161rei\u0161kia savo darbuose.\u00a0 Tautodailinink\u0117 dalyvauja \u012fvairiose parodose, 2007 m. Ismondai buvo \u00a0skirtas tautinio paveldo sertifikatas.<\/p>\n<p>Meninink\u0117 palaiko tradicin\u012f men\u0105, bet taip pat imasi ir improvizacijos. Kiekvienas darbas yra individualus ir vienetinis.<\/p>","protected":false},"excerpt":{"rendered":"<ol>\n<li>\u201eVienas pasaulis\u201c<br \/>\nGruntuota medin\u0117 lenta, akrilas, lakas<br \/>\nDydis:\u00a0 49 x 34,5<br \/>\nKaina: 120 EUR<\/li>\n<li>\u201eSaul\u0117 ir m\u0117nulis x papar\u010dio \u017eiedas ir nemariosios \u017eol\u0117s \u017eiedas\u201c.<br \/>\nGruntuota medin\u0117 lenta, akrilas.<br \/>\nDydis: 34,5 x 50.<br \/>\nKaina: 120 EUR.<\/li>\n<li>\u201eKelion\u0117\u201c.Gruntuota medin\u0117 lenta, akrilas.<br \/>\nDydis: 34,5 x 62,5.<br \/>\nKaina: 130 EUR.<\/li>\n<li>\u201eI\u0161 \u0161altinio\u201c<br \/>\nDydis: 50 x 34,5.<br \/>\nKaina: 110 EUR.<\/li>\n<li>\u201eSaulel\u0117 mo\u010diut\u0117l\u0117\u201c<br \/>\nGruntuota lenta, akrilas.<br \/>\nDydis: 51 x 51,5<br \/>\nKaina: 160 EUR.<\/p>\n<p>Norin\u010dius pamatyti daugiau darb\u0173 ar \u012fsigyti Ismondos Katauskien\u0117s k\u016bryb\u0105,\u00a0 kvie\u010diame apsilankyti socialinio tinklo \u201eFacebook\u201c puslapyje \u201ePasaulio medis\u201c<\/li>\n<\/ol>","protected":false},"featured_media":13966,"template":"","meta":[],"product_brand":[],"product_cat":[71],"product_tag":[],"class_list":{"0":"post-13962","1":"product","2":"type-product","3":"status-publish","4":"has-post-thumbnail","6":"product_cat-menas","7":"post-wrapper","8":"thrv_wrapper","10":"first","11":"instock","12":"shipping-taxable","13":"product-type-external"},"_links":{"self":[{"href":"https:\/\/kintaiarts.lt\/en\/wp-json\/wp\/v2\/product\/13962","targetHints":{"allow":["GET"]}}],"collection":[{"href":"https:\/\/kintaiarts.lt\/en\/wp-json\/wp\/v2\/product"}],"about":[{"href":"https:\/\/kintaiarts.lt\/en\/wp-json\/wp\/v2\/types\/product"}],"wp:featuredmedia":[{"embeddable":true,"href":"https:\/\/kintaiarts.lt\/en\/wp-json\/wp\/v2\/media\/13966"}],"wp:attachment":[{"href":"https:\/\/kintaiarts.lt\/en\/wp-json\/wp\/v2\/media?parent=13962"}],"wp:term":[{"taxonomy":"product_brand","embeddable":true,"href":"https:\/\/kintaiarts.lt\/en\/wp-json\/wp\/v2\/product_brand?post=13962"},{"taxonomy":"product_cat","embeddable":true,"href":"https:\/\/kintaiarts.lt\/en\/wp-json\/wp\/v2\/product_cat?post=13962"},{"taxonomy":"product_tag","embeddable":true,"href":"https:\/\/kintaiarts.lt\/en\/wp-json\/wp\/v2\/product_tag?post=13962"}],"curies":[{"name":"wp","href":"https:\/\/api.w.org\/{rel}","templated":true}]}}