{"id":13937,"date":"2023-05-12T19:43:52","date_gmt":"2023-05-12T16:43:52","guid":{"rendered":"https:\/\/kintaiarts.lt\/?post_type=product&#038;p=13937"},"modified":"2023-06-29T13:03:54","modified_gmt":"2023-06-29T10:03:54","slug":"kintu-motyvai","status":"publish","type":"product","link":"https:\/\/kintaiarts.lt\/en\/product\/kintu-motyvai\/","title":{"rendered":"Motifs of Kintai"},"content":{"rendered":"<p><em>Spalvotas pasaulis ant drob\u0117s lapo<\/em><\/p>\n<p>Dar b\u016bdamas vaiku V. Varnas mat\u0117 pasaul\u012f ry\u0161kesn\u0117mis spalvomis. Prie\u0161 beveik penkiasde\u0161imtmet\u012f menininkas baig\u0117 Kauno J. Naujalio meno mokykl\u0105. 1976 m. tuomet menininkas baig\u0117 Kauno St. \u017duko taikomosios dail\u0117s technikum\u0105 (dabar Kauno kolegija, men\u0173 fakultetas) bei studijavo Vilniaus valstybiniame dail\u0117s institute (dabar Dail\u0117s akademija).<\/p>\n<p>Savo darbuose V. Varnas naudoja \u012fvairias technikas: akvarel\u0119, aliejin\u0119 tapyb\u0105, grafik\u0105. Jo darbuose galime pamatyti gyvos gamtos vaizdus, architekt\u016br\u0105, o kartais ir portretus. Per metus menininkas nutapo ne ma\u017eiau kaip 100 paveiksl\u0173.<\/p>\n<p>1999 m. Valentinas Varnas tapo Lietuvos dailinink\u0173 s\u0105jungos nariu. 2022 m. u\u017e k\u016brybinius pasiekimus dailininkas\u00a0 apdovanotas grafiko Audriaus Puipos vardo laureato diplomu 28 tarptautiniame tapybos plenere Nidoje, Toma\u0161ov Liubelski miesto (Lenkija) burmistro \u012fsteigtu diplomu ir premija.<\/p>\n<p>Menininko darbai eksponuojami parodose Kaune, Palangoje, Bir\u0161tone, Vilniuje, Vengrijoje ir kt.<\/p>\n<p>Dalyvavo grupin\u0117se parodose ir pleneruose Lietuvoje, Latvijoje, Estijoje, Baltarusijoje, Lenkijoje, Ukrainoje, Vengrijoje, Gruzijoje, Italijoje bei Pranc\u016bzijoje.<\/p>\n<p>Dailininko k\u016brini\u0173 yra \u012fsigij\u0119 Raseini\u0173 kra\u0161to muziejus, Kiskunmajsa (Vengrija) miesto muziejus, Kauno kunig\u0173 seminarija, organizacijos ir privat\u016bs kolekcininkai.<\/p>","protected":false},"excerpt":{"rendered":"<p>Kint\u0173 motyvai (1, 2, 3)<br \/>\nDydis:20&#215;20<br \/>\nKaina: 63 EUR + pvm.<br \/>\nAliejin\u0117 tapyba<\/p>\n<p>Paveikslai parduodami atskirai.<br \/>\nPaveiklas parduodamas ne\u012fr\u0117mintas<\/p>\n<p>&nbsp;<\/p>","protected":false},"featured_media":13938,"template":"","meta":[],"product_brand":[],"product_cat":[71],"product_tag":[],"class_list":{"0":"post-13937","1":"product","2":"type-product","3":"status-publish","4":"has-post-thumbnail","6":"product_cat-menas","7":"post-wrapper","8":"thrv_wrapper","10":"first","11":"instock","12":"shipping-taxable","13":"purchasable","14":"product-type-simple"},"_links":{"self":[{"href":"https:\/\/kintaiarts.lt\/en\/wp-json\/wp\/v2\/product\/13937","targetHints":{"allow":["GET"]}}],"collection":[{"href":"https:\/\/kintaiarts.lt\/en\/wp-json\/wp\/v2\/product"}],"about":[{"href":"https:\/\/kintaiarts.lt\/en\/wp-json\/wp\/v2\/types\/product"}],"wp:featuredmedia":[{"embeddable":true,"href":"https:\/\/kintaiarts.lt\/en\/wp-json\/wp\/v2\/media\/13938"}],"wp:attachment":[{"href":"https:\/\/kintaiarts.lt\/en\/wp-json\/wp\/v2\/media?parent=13937"}],"wp:term":[{"taxonomy":"product_brand","embeddable":true,"href":"https:\/\/kintaiarts.lt\/en\/wp-json\/wp\/v2\/product_brand?post=13937"},{"taxonomy":"product_cat","embeddable":true,"href":"https:\/\/kintaiarts.lt\/en\/wp-json\/wp\/v2\/product_cat?post=13937"},{"taxonomy":"product_tag","embeddable":true,"href":"https:\/\/kintaiarts.lt\/en\/wp-json\/wp\/v2\/product_tag?post=13937"}],"curies":[{"name":"wp","href":"https:\/\/api.w.org\/{rel}","templated":true}]}}