{"id":13931,"date":"2023-05-12T19:15:34","date_gmt":"2023-05-12T16:15:34","guid":{"rendered":"https:\/\/kintaiarts.lt\/?post_type=product&#038;p=13931"},"modified":"2023-05-14T13:56:43","modified_gmt":"2023-05-14T10:56:43","slug":"anitos-zuvys","status":"publish","type":"product","link":"https:\/\/kintaiarts.lt\/en\/product\/anitos-zuvys\/","title":{"rendered":"Anita's fish"},"content":{"rendered":"<p class=\"p1\"><span class=\"s1\">\"<\/span><span class=\"s1\">Anitos \u017duvys\u201d organizuoja edukacijas &#8211; degustacijas Rusn\u0117je, kuri\u0173 metu dalyviai susipa\u017eins su \u017euvies r\u016bkymo subtilyb\u0117mis ir procesu.<\/span><\/p>\n<p class=\"p2\"><span class=\"s2\">Edukacijos metu norintieji gal\u0117s pabandyti i\u0161skrosti \u017euv\u012f, o edukatoriai publikai parodys kaip ta \u017euvis yra r\u016bkoma. Edukacijos pabaigoje vyks pa\u010di\u0173 dalyvi\u0173 i\u0161r\u016bkytos \u017euvies degustacija. Visa tai vyksta pas Anit\u0105, , r\u016bkytos \u017euvies sostin\u0117je Rusn\u0117je. <span class=\"s1\">\"<\/span><span class=\"s1\">Anitos \u017duvys\u201d taip pat si\u016blo mini degustacijas &#8211; galimyb\u0119 atvykus su grupe nemokamai paragauti parduotuv\u0117je esan\u010dio r\u016bkytos \u017euvies asortimento.<\/span><\/span><\/p>\n<p>Anitos \u017euvys &#8211; tai sen\u0173j\u0173 tradicij\u0173 puosel\u0117tojai, kuriems pirmiesiems Rusn\u0117je buvo suteiktas tautinio paveldo produkto sertifikatas. Pas Anit\u0105 galite \u012fsigyti plataus asortimento r\u016bkytos \u017euvies bei tautinio paveldo sertifikatu apdovanot\u0105 kar\u0161tai r\u016bkyt\u0105 kar\u0161\u012f. \u017duvis r\u016bkoma lauko r\u016bkyklose ir tik malkomis, o po to gardinama druska, pipirais ir \u010desnakais.<\/p>\n<p class=\"p2\"><span class=\"s1\">\u00a0<\/span><\/p>","protected":false},"excerpt":{"rendered":"<p class=\"p1\"><span class=\"s1\">\u201eAnitos \u017duvys\u201d organizuoja edukacijas &#8211; degustacijas Rusn\u0117je, kuri\u0173 metu dalyviai susipa\u017eins su \u017euvies r\u016bkymo subtilyb\u0117mis ir procesu.<\/span><\/p>\n<p><span class=\"s2\"><span class=\"s1\">&#8211; Edukacij\u0173 kaina \u017emogui &#8211; 5 EUR.<br \/>\n&#8211; Trukm\u0117 &#8211; apie 1 val.<br \/>\n<\/span><\/span><span class=\"s1\">&#8211; Edukacijoje gali dalyvauti iki 50 \u017emoni\u0173.<br \/>\n<\/span><span class=\"s1\">&#8211; \u017duvies kainos nuo 3 eur. iki 20 eur.<\/span><\/p>\n<p>\u201eAnitos \u017duvys\u201d , Skalvi\u0173 g. 6, Rusn\u0117<br \/>\n<span class=\"s1\">Tel.: +370 687 36917<br \/>\nanitoszuvys@gmail.com<br \/>\n<\/span><\/p>\n<p class=\"p1\"><span class=\"s1\">\u00a0<\/span><\/p>\n<p>&nbsp;<\/p>\n<p>&nbsp;<\/p>","protected":false},"featured_media":13934,"template":"","meta":[],"product_brand":[],"product_cat":[87,91],"product_tag":[],"class_list":{"0":"post-13931","1":"product","2":"type-product","3":"status-publish","4":"has-post-thumbnail","6":"product_cat-edukacijos","7":"product_cat-kulinarija","8":"post-wrapper","9":"thrv_wrapper","11":"first","12":"instock","13":"shipping-taxable","14":"product-type-external"},"_links":{"self":[{"href":"https:\/\/kintaiarts.lt\/en\/wp-json\/wp\/v2\/product\/13931","targetHints":{"allow":["GET"]}}],"collection":[{"href":"https:\/\/kintaiarts.lt\/en\/wp-json\/wp\/v2\/product"}],"about":[{"href":"https:\/\/kintaiarts.lt\/en\/wp-json\/wp\/v2\/types\/product"}],"wp:featuredmedia":[{"embeddable":true,"href":"https:\/\/kintaiarts.lt\/en\/wp-json\/wp\/v2\/media\/13934"}],"wp:attachment":[{"href":"https:\/\/kintaiarts.lt\/en\/wp-json\/wp\/v2\/media?parent=13931"}],"wp:term":[{"taxonomy":"product_brand","embeddable":true,"href":"https:\/\/kintaiarts.lt\/en\/wp-json\/wp\/v2\/product_brand?post=13931"},{"taxonomy":"product_cat","embeddable":true,"href":"https:\/\/kintaiarts.lt\/en\/wp-json\/wp\/v2\/product_cat?post=13931"},{"taxonomy":"product_tag","embeddable":true,"href":"https:\/\/kintaiarts.lt\/en\/wp-json\/wp\/v2\/product_tag?post=13931"}],"curies":[{"name":"wp","href":"https:\/\/api.w.org\/{rel}","templated":true}]}}