{"id":13924,"date":"2023-05-12T18:29:26","date_gmt":"2023-05-12T15:29:26","guid":{"rendered":"https:\/\/kintaiarts.lt\/?post_type=product&#038;p=13924"},"modified":"2023-06-24T14:51:38","modified_gmt":"2023-06-24T11:51:38","slug":"danutes-sakotis","status":"publish","type":"product","link":"https:\/\/kintaiarts.lt\/en\/product\/danutes-sakotis\/","title":{"rendered":"Danute's tree cake"},"content":{"rendered":"<p><em>Nuo mo\u010diut\u0117s recepto iki verslo<\/em><\/p>\n<p>Gamyba prasid\u0117jo nuo sunkaus darbo rankomis. Reik\u0117davo ir kiau\u0161inius plakti ir sviest\u0105 minkyti rankomis. Dabar tai \u012fmon\u0117, kuri turi 27 darbuotojus, teikia produkcij\u0105 didiesiems prekybos tinklams, o 2011 m. \u012fmon\u0117s gaminiams suteiktas tautinio paveldo sertifikatas i\u0161 Lietuvos Respublikos \u017dem\u0117s \u016akio Ministerijos, kuris patvirtino, kad \u0161ako\u010diai kepami, laikantis tradicij\u0173 ir nekei\u010diant recept\u016bros. 1991-aisiais \u012fregistravusi savo \u012fmon\u0119 D. Ivanauskien\u0117 nuo pirm\u0173j\u0173 dien\u0173 \u0117m\u0117 specializuotis tik \u0161ako\u010di\u0173 gamyboje, joki\u0173 kit\u0173 gamini\u0173 nekep\u0117.<\/p>\n<p>Beveik de\u0161imtmet\u012f Danut\u0117s produkcija keliauja ne tik \u012f daugel\u012f Lietuvos prekybos centr\u0173, noriai perkama \u012fvairi\u0173 mugi\u0173 lankytoj\u0173, bet ve\u017eama ir \u012f Did\u017ei\u0105j\u0105 Britanij\u0105, \u0160vedij\u0105.<\/p>","protected":false},"excerpt":{"rendered":"<p>UAB \u201eDanut\u0117s \u0161akotis\u201c tai \u0161eimyninis verslas, kuriame slaptas i\u0161skirtini\u0173 \u0161ako\u010di\u0173 receptas perduodamas i\u0161 kartos \u012f kart\u0105. Pirm\u0105j\u012f \u0161akot\u012f Danut\u0117 Ivanauskien\u0117 i\u0161kep\u0117 beveik prie\u0161 penkiasde\u0161imtmet\u012f.<\/p>\n<p>1 kg kaina 12 EUR + pvm.<\/p>\n<p>&nbsp;<\/p>","protected":false},"featured_media":13928,"template":"","meta":[],"product_brand":[],"product_cat":[91],"product_tag":[],"class_list":{"0":"post-13924","1":"product","2":"type-product","3":"status-publish","4":"has-post-thumbnail","6":"product_cat-kulinarija","7":"post-wrapper","8":"thrv_wrapper","10":"first","11":"instock","12":"shipping-taxable","13":"product-type-external"},"_links":{"self":[{"href":"https:\/\/kintaiarts.lt\/en\/wp-json\/wp\/v2\/product\/13924","targetHints":{"allow":["GET"]}}],"collection":[{"href":"https:\/\/kintaiarts.lt\/en\/wp-json\/wp\/v2\/product"}],"about":[{"href":"https:\/\/kintaiarts.lt\/en\/wp-json\/wp\/v2\/types\/product"}],"wp:featuredmedia":[{"embeddable":true,"href":"https:\/\/kintaiarts.lt\/en\/wp-json\/wp\/v2\/media\/13928"}],"wp:attachment":[{"href":"https:\/\/kintaiarts.lt\/en\/wp-json\/wp\/v2\/media?parent=13924"}],"wp:term":[{"taxonomy":"product_brand","embeddable":true,"href":"https:\/\/kintaiarts.lt\/en\/wp-json\/wp\/v2\/product_brand?post=13924"},{"taxonomy":"product_cat","embeddable":true,"href":"https:\/\/kintaiarts.lt\/en\/wp-json\/wp\/v2\/product_cat?post=13924"},{"taxonomy":"product_tag","embeddable":true,"href":"https:\/\/kintaiarts.lt\/en\/wp-json\/wp\/v2\/product_tag?post=13924"}],"curies":[{"name":"wp","href":"https:\/\/api.w.org\/{rel}","templated":true}]}}