{"id":13889,"date":"2023-05-10T16:24:48","date_gmt":"2023-05-10T13:24:48","guid":{"rendered":"https:\/\/kintaiarts.lt\/?post_type=product&#038;p=13889"},"modified":"2023-05-12T13:32:43","modified_gmt":"2023-05-12T10:32:43","slug":"irena-ungaro","status":"publish","type":"product","link":"https:\/\/kintaiarts.lt\/en\/product\/irena-ungaro\/","title":{"rendered":"Irena Ungaro"},"content":{"rendered":"<p>Gimusi Klaip\u0117dos r., Ple\u0161ku\u010di\u0173 k., Irena Ungaro \u0161iuo metu gyvena Klaip\u0117doje. Viena i\u0161 nedaugelio liaudi\u0161kojo siuvin\u0117jimo meistr\u0173, Irena tradicinio siuvin\u0117jimo pradmenis per\u0117m\u0117 i\u0161 savo lietuvinink\u0117s mo\u010diut\u0117s, garsios kra\u0161to siuv\u0117jos Annos Vytien\u0117s (1911-1987). \u012emantri\u0173 Klaip\u0117dos kra\u0161to tautinio kostiumo detali\u0173 &#8211; delmon\u0173, dir\u017e\u0173, serm\u0117g\u0173, kepur\u0117li\u0173, skar\u0173 siuvin\u0117jimu &#8211; Irena u\u017esiima jau apie de\u0161imtmet\u012f. Did\u017eioji kurt\u0173 rankdarbi\u0173 dalis puo\u0161ia Klaip\u0117dos regiono folkloro ansambli\u0173 kostiumus, siuvin\u0117tus rankdarbius noriai \u012fsigyja kolekcionieriai, kra\u0161t\u0105 lankantys turistai. Sukaupta turtinga ir unikalia siuvin\u0117jimo patirtimi k\u016br\u0117jai tenka dalintis \u012fvairiuose mokymuose bei praktin\u0117se delmon\u0173 k\u016brimo dirbtuv\u0117se.<\/p>","protected":false},"excerpt":{"rendered":"<ol>\n<li>Delmonas siuvin\u0117tas spalvotais vilnos si\u016blais \u012fvairia technika ant juodos vilnos audinio. Kaina: 50 EUR<\/li>\n<li>Delmonas siuvin\u0117tas kry\u017eeliu spalvotais vilnos si\u016blais ant kanvos. Kra\u0161tas apnertas va\u0161eliu. Kaina:\u00a0 200 EUR<\/li>\n<li>Delmonas siuvin\u0117tas karoliukais ir spalvotais vilnos si\u016blais ant kanvos. Kaina: 50 EUR<\/li>\n<\/ol>\n<p>Delmonus ir kitus darbus galima u\u017esisakyti internetu <a href=\"http:\/\/www.irenaungaro.lt\">www.irenaungaro.lt<\/a><\/p>\n<p>&nbsp;<\/p>\n<p>&nbsp;<\/p>","protected":false},"featured_media":13892,"template":"","meta":[],"product_brand":[],"product_cat":[88],"product_tag":[],"class_list":{"0":"post-13889","1":"product","2":"type-product","3":"status-publish","4":"has-post-thumbnail","6":"product_cat-audimas","7":"post-wrapper","8":"thrv_wrapper","10":"first","11":"instock","12":"shipping-taxable","13":"product-type-external"},"_links":{"self":[{"href":"https:\/\/kintaiarts.lt\/en\/wp-json\/wp\/v2\/product\/13889","targetHints":{"allow":["GET"]}}],"collection":[{"href":"https:\/\/kintaiarts.lt\/en\/wp-json\/wp\/v2\/product"}],"about":[{"href":"https:\/\/kintaiarts.lt\/en\/wp-json\/wp\/v2\/types\/product"}],"wp:featuredmedia":[{"embeddable":true,"href":"https:\/\/kintaiarts.lt\/en\/wp-json\/wp\/v2\/media\/13892"}],"wp:attachment":[{"href":"https:\/\/kintaiarts.lt\/en\/wp-json\/wp\/v2\/media?parent=13889"}],"wp:term":[{"taxonomy":"product_brand","embeddable":true,"href":"https:\/\/kintaiarts.lt\/en\/wp-json\/wp\/v2\/product_brand?post=13889"},{"taxonomy":"product_cat","embeddable":true,"href":"https:\/\/kintaiarts.lt\/en\/wp-json\/wp\/v2\/product_cat?post=13889"},{"taxonomy":"product_tag","embeddable":true,"href":"https:\/\/kintaiarts.lt\/en\/wp-json\/wp\/v2\/product_tag?post=13889"}],"curies":[{"name":"wp","href":"https:\/\/api.w.org\/{rel}","templated":true}]}}