{"id":13874,"date":"2023-04-21T16:42:19","date_gmt":"2023-04-21T13:42:19","guid":{"rendered":"https:\/\/kintaiarts.lt\/?post_type=product&#038;p=13874"},"modified":"2023-05-12T13:32:47","modified_gmt":"2023-05-12T10:32:47","slug":"ceslovo-ramoskos-vynine","status":"publish","type":"product","link":"https:\/\/kintaiarts.lt\/en\/product\/ceslovo-ramoskos-vynine\/","title":{"rendered":"\u010ceslovas' wine"},"content":{"rendered":"<p>Vyndarys\u00a0 g\u0117rimus savo vynin\u0117je, esan\u010dioje \u0160ilut\u0117s rajone, gamina i\u0161 vaisi\u0173 ir uog\u0173, auginam\u0173 vietoje esan\u010diame ekologiniame \u016bkyje. Vyno gamybai uogos ir vaisiai skinami rankomis ir kruop\u0161\u010diai atrenkami, o vynas daromas pagal sen\u0105sias lietuvi\u0173 tradicijas. \u010ceslovo Ramo\u0161kos gimin\u0117s ankstesn\u0117se kartose buvo ne vienas vyndarys, tod\u0117l \u0161i veikla \u010ceslov\u0105 jau nuo vaikyst\u0117s supo ir nei\u0161vengiamai skyn\u0117si keli\u0105 \u012f vyndario kasdienyb\u0119. Sen\u0173j\u0173 \u010ceslovo gimin\u0117s vyndari\u0173 patirtis ir sukauptos \u017einios siekia net 150 met\u0173, tod\u0117l, sujungus \u010ceslovo Ramo\u0161kos vyndaryst\u0117s \u017einias su \u0161iuolaikin\u0117mis technologijomis, vynin\u0117je gimsta tikri \u0161edevrai, paliekantys nei\u0161dildom\u0105 \u012fsp\u016bd\u012f kiekvienam, paragavusiam \u010ceslovo su meile gamint\u0173 vyn\u0173.<\/p>\n<p>\u010ceslovo Ramo\u0161kos vynai pagaminti naudojant tik nat\u016bralias uogas ir vaisius. Vynuose papildomai naudojamas cukrus, kurio nepavyksta i\u0161vengti, norint vynui suteikti saldumo. \u010ceslovas Ramo\u0161ka pastebi, kad vaisi\u0173 vyno m\u0117g\u0117jai vis da\u017eniau pra\u0161o sauso vyno, tod\u0117l\u00a0 obuoli\u0173, \u0161ermuk\u0161ni\u0173 ir aronij\u0173 vynai daromi tik su vos keliais gramais cukraus. Avie\u010di\u0173 vynas turi b\u016bti saldus, tod\u0117l jo gamyboje cukraus naudojama daugiau. Kelis m\u0117nesius palaikytas specialiose \u0105\u017euolo statin\u0117se jis \u012fgauna ilgaam\u017ei\u0161kumo, tod\u0117l butelyje gali br\u0119sti ne vienus metus.<\/p>\n<p>Kvie\u010diame apslilankyti internetin\u0117je \u010ceslovo Ramo\u0161kos parudotuv\u0117je arba vyno krautuv\u0117l\u0117je \u0160v\u0117k\u0161noje adresu:<\/p>\n<p>Virkyt\u0173 k.1, (\u017dagatpurvi\u0173 k.) \u0160v\u0117k\u0161nos sen., \u0160ilut\u0117s r. sav., LT-99390<\/p>","protected":false},"excerpt":{"rendered":"<p>Visi g\u0117rimai gaminami i\u0161skirtinai tik paties vyndario rankomis, procese nedalyvaujant jokiam pa\u0161aliniam \u017emogui, recept\u016bra \u017einoma tik vieninteliam \u017emogui-pa\u010diam \u010ceslovui, tod\u0117l galime jums dr\u0105siai garantuoti, kad toki\u0173 g\u0117rim\u0173 j\u016bs neparagausite niekur kitur!<\/p>\n<ol>\n<li>Aronij\u0173 sausas vynas. 10 EUR<br \/>\nPagamintas tradiciniais metodais. Tamsaus rubino spalvos, sodrus, kompleksi\u0161kas, sutraukiantis gomur\u012f. Tinka prie brand\u017ei\u0173 s\u016bri\u0173 ir raudonos m\u0117sos patiekal\u0173.Tipas \u2013\u00a0Vaisi\u0173 ir uog\u0173Vaisius\u00a0\u2013\u00a0Aronijos \u2013 100%<br \/>\nTalpa\u00a0\u2013\u00a00,75 l.<br \/>\nStiprumas \u2013 9% t\u016brio<\/li>\n<li>Juod\u0173j\u0173 serbent\u0173 pusiau saldus vynas. 13 EUR<br \/>\nTradicinis rank\u0173 darbo juod\u0173j\u0173 serbent\u0173 vynas. Pagamintas naudojant senovin\u012f vyndario \u010ceslovo Ramo\u0161kos \u0161eimos recept\u0105 i\u0161 \u016bkyje i\u0161augint\u0173 uog\u0173. Patiekti atv\u0117sint\u0105, tinka prie brandint\u0173 s\u016bri\u0173, vytinto kumpio, \u017ev\u0117rienos patiekal\u0173.Tipas \u2013 Vaisi\u0173 ir uog\u0173<br \/>\nVaisius \u2013 Juodieji serbentai \u2013 100%<br \/>\nTalpa \u2013 0,75l i<br \/>\nStiprumas \u2013 10% t\u016brio<\/li>\n<\/ol>","protected":false},"featured_media":13875,"template":"","meta":[],"product_brand":[],"product_cat":[91],"product_tag":[],"class_list":{"0":"post-13874","1":"product","2":"type-product","3":"status-publish","4":"has-post-thumbnail","6":"product_cat-kulinarija","7":"post-wrapper","8":"thrv_wrapper","10":"first","11":"instock","12":"shipping-taxable","13":"product-type-external"},"_links":{"self":[{"href":"https:\/\/kintaiarts.lt\/en\/wp-json\/wp\/v2\/product\/13874","targetHints":{"allow":["GET"]}}],"collection":[{"href":"https:\/\/kintaiarts.lt\/en\/wp-json\/wp\/v2\/product"}],"about":[{"href":"https:\/\/kintaiarts.lt\/en\/wp-json\/wp\/v2\/types\/product"}],"wp:featuredmedia":[{"embeddable":true,"href":"https:\/\/kintaiarts.lt\/en\/wp-json\/wp\/v2\/media\/13875"}],"wp:attachment":[{"href":"https:\/\/kintaiarts.lt\/en\/wp-json\/wp\/v2\/media?parent=13874"}],"wp:term":[{"taxonomy":"product_brand","embeddable":true,"href":"https:\/\/kintaiarts.lt\/en\/wp-json\/wp\/v2\/product_brand?post=13874"},{"taxonomy":"product_cat","embeddable":true,"href":"https:\/\/kintaiarts.lt\/en\/wp-json\/wp\/v2\/product_cat?post=13874"},{"taxonomy":"product_tag","embeddable":true,"href":"https:\/\/kintaiarts.lt\/en\/wp-json\/wp\/v2\/product_tag?post=13874"}],"curies":[{"name":"wp","href":"https:\/\/api.w.org\/{rel}","templated":true}]}}