{"id":13865,"date":"2023-04-21T15:44:00","date_gmt":"2023-04-21T12:44:00","guid":{"rendered":"https:\/\/kintaiarts.lt\/?post_type=product&#038;p=13865"},"modified":"2023-04-21T16:07:49","modified_gmt":"2023-04-21T13:07:49","slug":"justina-vitkute","status":"publish","type":"product","link":"https:\/\/kintaiarts.lt\/en\/product\/justina-vitkute\/","title":{"rendered":"Ceramic pots"},"content":{"rendered":"<p><em>Skulpt\u016brin\u0117 keramika, kelias \u012f alternatyvi\u0105 realyb\u0119<\/em><\/p>\n<p>Menu, butaforijomis ir sceniniais kostiumais Justina susidom\u0117jo b\u016bdama vos 12 met\u0173. Per ilg\u0105 meno keli\u0105 k\u016br\u0117jai teko dirbti su \u012fvairiomis med\u017eiagomis, tokiomis kaip plastikas ar medis, ta\u010diau keramikos plasti\u0161kumas Justin\u0105 paker\u0117jo labiausiai \u2013 tai tapo jos pagrindine k\u016brybos medija.<\/p>\n<p>Baigusi mokykl\u0105 jaunoji meninink\u0117 t\u0119s\u0117 savo pa\u0161aukim\u0105 ir pasirinko studijas Vilniaus dail\u0117s akademijos Kauno fakultete, kuriame studijavo taikom\u0105j\u0105 keramik\u0105.<\/p>\n<p>Justinos keramikos darbuose galime \u012f\u017evelgti misti\u0161kumo gaidel\u0119 bei alternatyvios realyb\u0117s element\u0173.<\/p>\n<p>Studij\u0173 metu Justinos darbai buvo eksponuojami \u0160vedijoje, Pasaulio kult\u016bros muziejuje.<\/p>\n<p>Kiekvienas Justinos darbas yra vienetinis bei unikalus. Meninink\u0117 tiki, kad molis yra gyvas ir da\u017enai proceso metu jo forma kinta pa\u010diais \u012fdomiausiais b\u016bdais.<\/p>\n<p>\u0160iuo metu kartu su projektu \u201eKult\u016bros sk\u016bn\u0117\u201c Justina veda keramikos edukacijas. U\u017esi\u0117mim\u0173 metu dalyviai gali i\u0161 ar\u010diau pa\u017einti \u0161io amato subtilybes, bei pasinerti \u012f piln\u0105 fantazijos ir mistikos Justinos pasaul\u012f.<\/p>\n<p>Daugiau meninink\u0117s Justinos Vitkut\u0117s darb\u0173 galite pamatyti \u010dia: <a href=\"https:\/\/www.etsy.com\/shop\/EnchantedBriefcase\">https:\/\/www.etsy.com\/shop\/EnchantedBriefcase<\/a><\/p>","protected":false},"excerpt":{"rendered":"<p>Unikal\u016bs, rank\u0173 darbo ekologi\u0161ko molio puodeliai dviem.<br \/>\nDydis: ma\u017eas.<\/p>","protected":false},"featured_media":13866,"template":"","meta":[],"product_brand":[],"product_cat":[73],"product_tag":[],"class_list":{"0":"post-13865","1":"product","2":"type-product","3":"status-publish","4":"has-post-thumbnail","6":"product_cat-keramika","7":"post-wrapper","8":"thrv_wrapper","10":"first","11":"instock","12":"shipping-taxable","13":"purchasable","14":"product-type-simple"},"_links":{"self":[{"href":"https:\/\/kintaiarts.lt\/en\/wp-json\/wp\/v2\/product\/13865","targetHints":{"allow":["GET"]}}],"collection":[{"href":"https:\/\/kintaiarts.lt\/en\/wp-json\/wp\/v2\/product"}],"about":[{"href":"https:\/\/kintaiarts.lt\/en\/wp-json\/wp\/v2\/types\/product"}],"wp:featuredmedia":[{"embeddable":true,"href":"https:\/\/kintaiarts.lt\/en\/wp-json\/wp\/v2\/media\/13866"}],"wp:attachment":[{"href":"https:\/\/kintaiarts.lt\/en\/wp-json\/wp\/v2\/media?parent=13865"}],"wp:term":[{"taxonomy":"product_brand","embeddable":true,"href":"https:\/\/kintaiarts.lt\/en\/wp-json\/wp\/v2\/product_brand?post=13865"},{"taxonomy":"product_cat","embeddable":true,"href":"https:\/\/kintaiarts.lt\/en\/wp-json\/wp\/v2\/product_cat?post=13865"},{"taxonomy":"product_tag","embeddable":true,"href":"https:\/\/kintaiarts.lt\/en\/wp-json\/wp\/v2\/product_tag?post=13865"}],"curies":[{"name":"wp","href":"https:\/\/api.w.org\/{rel}","templated":true}]}}