{"id":13851,"date":"2023-04-19T17:59:47","date_gmt":"2023-04-19T14:59:47","guid":{"rendered":"https:\/\/kintaiarts.lt\/?post_type=product&#038;p=13851"},"modified":"2024-03-06T17:39:19","modified_gmt":"2024-03-06T15:39:19","slug":"juliaus-katauskas","status":"publish","type":"product","link":"https:\/\/kintaiarts.lt\/en\/product\/juliaus-katauskas\/","title":{"rendered":"Julius Katauskas"},"content":{"rendered":"<p><em>Niekada ne\u017einai, kol nepamatai galutinio rezultato<\/em><\/p>\n<p>Julius Katauskas yra i\u0161skirtin\u0117 asmenyb\u0117. \u0160io menininko darbai jau daugiau nei keturias de\u0161imtis yra eksponuojami tapybos ir keramikos parodose. Nema\u017ea dalis jo darb\u0173 yra i\u0161keliav\u0119 \u012f \u012fvairias Europos \u0161alis, \u012f JAV. Juodosios keramikos dirbiniai dalyvavo parodoje Pranc\u016bzijoje.\u00a0 2006 m. Lietuvos Kult\u016bros ministro \u012fsakymu Juliui Katauskui buvo suteiktas meno k\u016br\u0117jo statusas. Be raugo keramikos menininkas tapo paveikslus, natiurmortus,\u00a0 kuria logotipus bei firminius \u017eenklus. Norintys pamatyti daugiau menini\u0173 darb\u0173 ar \u012fsigyti juos,\u00a0 kvie\u010diame apsilankyti socialinio tinklo \u201eFacebook\u201c puslapyje \u201eDuonos keramika\u201c.<\/p>\n<p>&nbsp;<\/p>","protected":false},"excerpt":{"rendered":"<p>Menininkas Julius Katauskas savo dirbiniuose naudoja vien\u0105 seniausi\u0173 keramikos gamybos metod\u0173 \u2013 raugo keramik\u0105.\u00a0 \u0160ios technikos i\u0161skirtinumas yra tas, kad\u00a0 molinis dirbinys fiksuojamas ne glaz\u016bra, o raugu (duonos, burok\u0117li\u0173, kop\u016bst\u0173). Keramikos dirbinys i\u0161trauktas i\u0161 krosnies, dar b\u016bdamas kar\u0161tas, merkiamas \u012f tam specialiai paruo\u0161t\u0105 raug\u0105. Raugas u\u017ekepina poras, tod\u0117l puodas nepraleid\u017eia vandens ir \u012fvairiai i\u0161margina puodo pavir\u0161i\u0173. D\u0117l to tokie moliniai indai yra ekologi\u0161kai \u0161var\u016bs ir vis skirtingi.<\/p>\n<p>1. Indas, tinkamas maisto kepimui orkait\u0117je. Kaina: 40 EUR.<br \/>\n2. L\u0117k\u0161t\u0117s, skersmuo: ~22 cm. Vieneto kaina: 10 EUR.<br \/>\n3. Saldainin\u0117. Talpa ~ 1 l. Kaina: 15 EUR.<br \/>\n4. Puodelis, \u017evakid\u0117, smilkalin\u0117. Vieneto kaina: 10 EUR.<br \/>\n5. Puodeliai. Vieneto kaina: 10 EUR.<br \/>\n6. Dubuo, skersmuo: 28,5 cm, auk\u0161tis: 11, cm. Kaina: 40 EUR.<br \/>\n7. Arbatinukas. Talpa ~1 l. Kaina: 35 EUR<\/p>","protected":false},"featured_media":13860,"template":"","meta":[],"product_brand":[],"product_cat":[73],"product_tag":[],"class_list":{"0":"post-13851","1":"product","2":"type-product","3":"status-publish","4":"has-post-thumbnail","6":"product_cat-keramika","7":"post-wrapper","8":"thrv_wrapper","10":"first","11":"instock","12":"shipping-taxable","13":"product-type-external"},"_links":{"self":[{"href":"https:\/\/kintaiarts.lt\/en\/wp-json\/wp\/v2\/product\/13851","targetHints":{"allow":["GET"]}}],"collection":[{"href":"https:\/\/kintaiarts.lt\/en\/wp-json\/wp\/v2\/product"}],"about":[{"href":"https:\/\/kintaiarts.lt\/en\/wp-json\/wp\/v2\/types\/product"}],"wp:featuredmedia":[{"embeddable":true,"href":"https:\/\/kintaiarts.lt\/en\/wp-json\/wp\/v2\/media\/13860"}],"wp:attachment":[{"href":"https:\/\/kintaiarts.lt\/en\/wp-json\/wp\/v2\/media?parent=13851"}],"wp:term":[{"taxonomy":"product_brand","embeddable":true,"href":"https:\/\/kintaiarts.lt\/en\/wp-json\/wp\/v2\/product_brand?post=13851"},{"taxonomy":"product_cat","embeddable":true,"href":"https:\/\/kintaiarts.lt\/en\/wp-json\/wp\/v2\/product_cat?post=13851"},{"taxonomy":"product_tag","embeddable":true,"href":"https:\/\/kintaiarts.lt\/en\/wp-json\/wp\/v2\/product_tag?post=13851"}],"curies":[{"name":"wp","href":"https:\/\/api.w.org\/{rel}","templated":true}]}}