{"id":13844,"date":"2023-04-19T17:07:29","date_gmt":"2023-04-19T14:07:29","guid":{"rendered":"https:\/\/kintaiarts.lt\/?post_type=product&#038;p=13844"},"modified":"2023-05-10T16:09:13","modified_gmt":"2023-05-10T13:09:13","slug":"darija-sediene-zalvariniai-papuosalai","status":"publish","type":"product","link":"https:\/\/kintaiarts.lt\/en\/product\/darija-sediene-zalvariniai-papuosalai\/","title":{"rendered":"Darija \u0160edien\u0117"},"content":{"rendered":"<p>Darija \u017ealvar\u012f derina su gintaru, variu bei senov\u0117s balt\u0173 simbolikos elementais. Ji nesistengia kurti tiksli\u0173 senov\u0117s papuo\u0161al\u0173 kopij\u0173, o ie\u0161ko nauj\u0173 ornamentikos derini\u0173 nenutoldama nuo istorinio palikimo. K\u016br\u0117jos parduotuv\u0117je sukauptas platus asortimentas. Klientai gali rasti ir apyranki\u0173, ir auskar\u0173, segi\u0173, kaklo papuo\u0161al\u0173 bei \u012fvairi\u0173 \u017eied\u0173.<\/p>","protected":false},"excerpt":{"rendered":"<p>Meno keli\u0105 Darija pasirinko dar mokykloje, metams b\u0117gant noras kurti tik augo.<\/p>\n<p>Nors gyvenimas meninink\u0117s kelyje met\u0117 ne vien\u0105 kli\u016bt\u012f, \u0161iuo metu ji pildo savo svajon\u0119 ir kuria i\u0161skirtinius \u017ealvarinius papuo\u0161alus.<\/p>\n<p>\u017dalvario chemin\u0117 sud\u0117tis \u2013 tai vario ir cinko lydinys. \u0160is metalas buvo naudojamas net kelis t\u016bkstantme\u010dius prie\u0161 m\u016bs\u0173 er\u0105. \u017dmon\u0117s jau tuomet pasteb\u0117jo \u0161io metalo tvarum\u0105. \u017dalvaris yra sunkiai pa\u017eeid\u017eiamas, lengvai lydosi, naudingas \u017emogaus organizmui bei gerai savijautai, b\u016btent d\u0117l \u0161i\u0173 prie\u017eas\u010di\u0173 j\u012f pasirinko Darija.<\/p>\n<p>Da\u017enai \u017emon\u0117s ne\u0161ioja \u017ealvarin\u012f papuo\u0161al\u0105 kaip savasties simbol\u012f ir jie puikiai tinka norint pabr\u0117\u017eti tauti\u0161kum\u0105. Darijos gaminiai yra \u0161iuolaiki\u0161ki, tinkami jaunimui, norintiems i\u0161reik\u0161ti savo stili\u0173, bei moterims, norin\u010dioms pasipuo\u0161ti kasdienyb\u0117je ar ypatingoms progoms.<\/p>\n<p>Kad papras\u010diausias skardos gabalas, pra\u0117j\u0119s ugn\u012f ir vanden\u012f \u012fgaut\u0173 norim\u0105 form\u0105, tapt\u0173 norimu papuo\u0161alu, k\u016br\u0117jai tenka nema\u017eai kalti, \u0161veisti, lituoti ir poliruoti.<\/p>\n<p>Darija \u017ealvar\u012f derina su gintaru, variu bei senov\u0117s balt\u0173 simbolikos elementais. Ji nesistengia kurti tiksli\u0173 senov\u0117s papuo\u0161al\u0173 kopij\u0173, o ie\u0161ko nauj\u0173 ornamentikos derini\u0173 nenutoldama nuo istorinio palikimo.<\/p>\n<p>K\u016br\u0117jos parduotuv\u0117je sukauptas platus asortimentas. Klientai gali rasti ir apyranki\u0173, ir auskar\u0173, segi\u0173, kaklo papuo\u0161al\u0173 bei \u012fvairi\u0173 \u017eied\u0173.<\/p>\n<ol>\n<li>Plati \u017ealvarin\u0117 apyrank\u0117 su etno motyvais ,,Am\u017eiai&#8221;. Kaina: 50 EUR.<\/li>\n<li>\u017dalvarinis kaklo papuo\u0161alas ,,Vent\u0117&#8221;. Kaina: 30 EUR.<\/li>\n<li>\u017dalvarin\u0117 apyrank\u0117 ,,\u017dirgeliai&#8221;. Dydis: 1,8 cm. plo\u010dio, apie 6,5 cm. skersmens. Kaina: 30 EUR.<\/li>\n<li>\u017dalvariniai auskarai ,,Begalyb\u0117\u201c. Kaina: 25 EUR.<\/li>\n<li>\u017dalvarinis kaklo papuo\u0161alas su gintaru ir odiniu dir\u017eeliu. Maksimalus reguliuojamo dir\u017eelio ilgis &#8211; 85 cm. Kaina: 65 EUR.<\/li>\n<\/ol>","protected":false},"featured_media":13846,"template":"","meta":[],"product_brand":[],"product_cat":[89],"product_tag":[],"class_list":{"0":"post-13844","1":"product","2":"type-product","3":"status-publish","4":"has-post-thumbnail","6":"product_cat-juvelyrika","7":"post-wrapper","8":"thrv_wrapper","10":"first","11":"instock","12":"shipping-taxable","13":"product-type-external"},"_links":{"self":[{"href":"https:\/\/kintaiarts.lt\/en\/wp-json\/wp\/v2\/product\/13844","targetHints":{"allow":["GET"]}}],"collection":[{"href":"https:\/\/kintaiarts.lt\/en\/wp-json\/wp\/v2\/product"}],"about":[{"href":"https:\/\/kintaiarts.lt\/en\/wp-json\/wp\/v2\/types\/product"}],"wp:featuredmedia":[{"embeddable":true,"href":"https:\/\/kintaiarts.lt\/en\/wp-json\/wp\/v2\/media\/13846"}],"wp:attachment":[{"href":"https:\/\/kintaiarts.lt\/en\/wp-json\/wp\/v2\/media?parent=13844"}],"wp:term":[{"taxonomy":"product_brand","embeddable":true,"href":"https:\/\/kintaiarts.lt\/en\/wp-json\/wp\/v2\/product_brand?post=13844"},{"taxonomy":"product_cat","embeddable":true,"href":"https:\/\/kintaiarts.lt\/en\/wp-json\/wp\/v2\/product_cat?post=13844"},{"taxonomy":"product_tag","embeddable":true,"href":"https:\/\/kintaiarts.lt\/en\/wp-json\/wp\/v2\/product_tag?post=13844"}],"curies":[{"name":"wp","href":"https:\/\/api.w.org\/{rel}","templated":true}]}}