{"id":12526,"date":"2025-05-27T11:21:14","date_gmt":"2025-05-27T08:21:14","guid":{"rendered":"https:\/\/kintaiarts.lt\/produktas\/clone-of-tradiciniu-vetrungiu-gamybos-edukacija\/"},"modified":"2025-12-04T17:53:57","modified_gmt":"2025-12-04T15:53:57","slug":"keramika-grupes","status":"publish","type":"product","link":"https:\/\/kintaiarts.lt\/en\/product\/keramika-grupes\/","title":{"rendered":"Keramikos dirbtuv\u0117s. Grupiniai u\u017esi\u0117mimai"},"content":{"rendered":"<p><a href=\"https:\/\/kintaiarts.lt\/en\/edukacija\/keramikos-dirbiniu-kurybines-dirbtuves\/\">Full description<\/a>.<\/p>","protected":false},"excerpt":{"rendered":"<p class=\"tve-droppable\">Edukacij\u0173 metu tur\u0117site prog\u0105 susipa\u017einti su molio materija, i\u0161mokti skirting\u0173 molio lipdymo technik\u0173 bei sudalyvauti k\u016brybiniame keramikos procese nuo pirmosios, lipdymo, faz\u0117s, iki j\u016bs\u0173 sukurto objekto i\u0161degimo ir glaz\u016bravimo. \u00a0Edukacij\u0173 metu gal\u0117site sukurti unikalius aksesuarus, indus ir dekoracijas &#8211; unikalias dovanas \u0161vent\u0117ms art\u0117jant!<\/p>\n<p><a href=\"https:\/\/www.facebook.com\/kintu.keramikos.dirbtuves\"><strong>KERAMIKOS U\u017dSI\u0116MIMAS KINTUOSE SKIRTA FACEBOOK PASKYRA<\/strong><\/a><\/p>\n<p><b><span style=\"font-family: georgia, serif;\">GRUPINIAI U\u017dSI\u0116MIMAI:<\/span><\/b><\/p>\n<p><strong><span style=\"font-family: georgia, serif;\">Sekmadieniais, 11 val.<br \/>\nTrukm\u0117 &#8211; 3 val.<\/span><\/strong><\/p>\n<p dir=\"auto\"><strong><span style=\"font-family: georgia, serif;\">Vienos edukacijos kaina &#8211; 25 EUR.;<\/span><\/strong><\/p>\n<p><span style=\"font-family: georgia, serif;\"><strong><span style=\"color: #000000;\">U\u017esi\u0117mimai yra pritaikyti visiems: tiek pa\u017eengusiems, tiek pirm\u0105j\u012f kart\u0105 norintiems susipa\u017einti su \u0161iuo amatu,\u00a0<\/span><\/strong><\/span><span style=\"font-family: georgia, serif;\">keramikos darb\u0173 gimimo procesu<strong><span style=\"color: #000000;\">. Vieno u\u017esi\u0117mimo metu galima nulipdyti 1-3 gaminius, bendra molio mas\u0117 iki 2 kg.\u00a0<\/span><\/strong><span style=\"color: #000000;\">Kadangi keramikos procesas susideda i\u0161 gaminio formavimo ir glaz\u016bravimo, tod\u0117l reik\u0117t\u0173 atvykti bent \u012f du u\u017esi\u0117mimus.<\/span><\/span><\/p>","protected":false},"featured_media":13696,"template":"","meta":[],"product_brand":[],"product_cat":[87,73],"product_tag":[],"class_list":{"0":"post-12526","1":"product","2":"type-product","3":"status-publish","4":"has-post-thumbnail","6":"product_cat-edukacijos","7":"product_cat-keramika","8":"post-wrapper","9":"thrv_wrapper","11":"first","12":"instock","13":"shipping-taxable","14":"product-type-external"},"_links":{"self":[{"href":"https:\/\/kintaiarts.lt\/en\/wp-json\/wp\/v2\/product\/12526","targetHints":{"allow":["GET"]}}],"collection":[{"href":"https:\/\/kintaiarts.lt\/en\/wp-json\/wp\/v2\/product"}],"about":[{"href":"https:\/\/kintaiarts.lt\/en\/wp-json\/wp\/v2\/types\/product"}],"wp:featuredmedia":[{"embeddable":true,"href":"https:\/\/kintaiarts.lt\/en\/wp-json\/wp\/v2\/media\/13696"}],"wp:attachment":[{"href":"https:\/\/kintaiarts.lt\/en\/wp-json\/wp\/v2\/media?parent=12526"}],"wp:term":[{"taxonomy":"product_brand","embeddable":true,"href":"https:\/\/kintaiarts.lt\/en\/wp-json\/wp\/v2\/product_brand?post=12526"},{"taxonomy":"product_cat","embeddable":true,"href":"https:\/\/kintaiarts.lt\/en\/wp-json\/wp\/v2\/product_cat?post=12526"},{"taxonomy":"product_tag","embeddable":true,"href":"https:\/\/kintaiarts.lt\/en\/wp-json\/wp\/v2\/product_tag?post=12526"}],"curies":[{"name":"wp","href":"https:\/\/api.w.org\/{rel}","templated":true}]}}