{"id":12251,"date":"2021-12-21T12:02:49","date_gmt":"2021-12-21T10:02:49","guid":{"rendered":"https:\/\/kintaiarts.lt\/?post_type=product&#038;p=12251"},"modified":"2025-05-27T14:08:57","modified_gmt":"2025-05-27T11:08:57","slug":"vetrungiu-gamybos-edukacijos","status":"publish","type":"product","link":"https:\/\/kintaiarts.lt\/en\/product\/vetrungiu-gamybos-edukacijos\/","title":{"rendered":"V\u0117trungi\u0173 gamybos edukacijos"},"content":{"rendered":"<p><a href=\"https:\/\/kintaiarts.lt\/en\/edukacija\/tradiciniu-vetrungiu-gamyba\/\">Full description<\/a>.<\/p>","protected":false},"excerpt":{"rendered":"<div>\n<p><strong><span style=\"font-family: georgia, serif;\">1. TRADICINI\u0172 V\u0116TRUNGI\u0172 EDUKACIJOS PA\u017dENGUSIEMS:<\/span><\/strong><\/p>\n<p><span style=\"font-family: georgia, serif;\">Dirbtuvi\u0173 metu dalyviai, turintys patirties su med\u017eio darbais, naudodami\u00a0profesionalias med\u017eio apdirbimo stakles ir \u012frankius, turi galimyb\u0119 pasigaminti autenti\u0161ko dyd\u017eio istorines v\u0117trunges. Dirbtuves veda sertifikuotas istorini\u0173 v\u0117trungi\u0173 gamybos meistras Laurynas Juode\u0161ka.<\/span><\/p>\n<\/div>\n<p><strong style=\"font-family: georgia, serif;\"><br \/>\n2. SUVENYRINI\u0172 V\u0116TRUNGI\u0172 EDUKACIJOS:<\/strong><\/p>\n<div>\n<p><span style=\"font-family: georgia, serif;\">\u0160i\u0173 edukacij\u0173 metu, dalyviai susipa\u017eins su v\u0117trungi\u0173 istorija, nusida\u017eys suvenyrines v\u0117trunges. <\/span><\/p>\n<p><span style=\"font-family: georgia, serif;\">U\u017esi\u0117mimus ves sertifikuotas v\u0117trungi\u0173 meistras Laurynas Juode\u0161ka. \u0160ios dirbtuv\u0117s organizuojamos suaugusiems ir mokyklinio am\u017eiaus vaikams.<\/p>\n<p><\/span><\/p>\n<p><span style=\"font-family: georgia, serif;\">&#8211; Edukacija vykdoma susirinkus 15 dalyvi\u0173.<br \/>\n&#8211; Edukacij\u0173 trukm\u0117: 2 val.<br \/>\n&#8211; Kaina &#8211; 13 Eur\/asm. Esant ma\u017eesniam dalyvi\u0173 skai\u010diui, edukacijos kaina 200 Eur.<br \/>\n&#8211; Vieta: Kintai Arts rezidencija, Amat\u0173 centras, Kur\u0161i\u0173 g. 30, Kintai. Taip pat galime vykdyti u\u017esi\u0117mimus ir j\u016bs\u0173 pasirinktoje vietoje.<\/p>\n<p><\/span><strong><span style=\"font-family: georgia, serif;\">Daugiau informacijos apie edukacijas ir registracija : +37065299211 \/ <a href=\"mailto:info@kintaiarts.lt\" target=\"_blank\" rel=\"noopener\">egle@kintaiarts.lt<\/a>\u00a0<\/span><\/strong><\/p>\n<\/div>","protected":false},"featured_media":13834,"template":"","meta":[],"product_brand":[],"product_cat":[86,87],"product_tag":[],"class_list":{"0":"post-12251","1":"product","2":"type-product","3":"status-publish","4":"has-post-thumbnail","6":"product_cat-amatai","7":"product_cat-edukacijos","8":"post-wrapper","9":"thrv_wrapper","11":"first","12":"instock","13":"shipping-taxable","14":"product-type-external"},"_links":{"self":[{"href":"https:\/\/kintaiarts.lt\/en\/wp-json\/wp\/v2\/product\/12251","targetHints":{"allow":["GET"]}}],"collection":[{"href":"https:\/\/kintaiarts.lt\/en\/wp-json\/wp\/v2\/product"}],"about":[{"href":"https:\/\/kintaiarts.lt\/en\/wp-json\/wp\/v2\/types\/product"}],"wp:featuredmedia":[{"embeddable":true,"href":"https:\/\/kintaiarts.lt\/en\/wp-json\/wp\/v2\/media\/13834"}],"wp:attachment":[{"href":"https:\/\/kintaiarts.lt\/en\/wp-json\/wp\/v2\/media?parent=12251"}],"wp:term":[{"taxonomy":"product_brand","embeddable":true,"href":"https:\/\/kintaiarts.lt\/en\/wp-json\/wp\/v2\/product_brand?post=12251"},{"taxonomy":"product_cat","embeddable":true,"href":"https:\/\/kintaiarts.lt\/en\/wp-json\/wp\/v2\/product_cat?post=12251"},{"taxonomy":"product_tag","embeddable":true,"href":"https:\/\/kintaiarts.lt\/en\/wp-json\/wp\/v2\/product_tag?post=12251"}],"curies":[{"name":"wp","href":"https:\/\/api.w.org\/{rel}","templated":true}]}}