{"id":16068,"date":"2026-03-16T22:42:37","date_gmt":"2026-03-16T20:42:37","guid":{"rendered":"https:\/\/kintaiarts.lt\/?page_id=16068"},"modified":"2026-04-21T18:06:12","modified_gmt":"2026-04-21T15:06:12","slug":"parodos","status":"publish","type":"page","link":"https:\/\/kintaiarts.lt\/en\/parodos\/","title":{"rendered":"Exhibitions"},"content":{"rendered":"<p>Parodos<\/p>\n<div id=\"kintaiarts-rodykle\"><div><img loading=\"lazy\" decoding=\"async\" src=\"https:\/\/kintaiarts.lt\/wp-content\/uploads\/2021\/12\/navigacija-1.svg\" alt=\"\" width=\"45\" height=\"45\"><\/div><\/div>\n<p>Kintai Arts rezidencijoje vykstan\u010dios parodos<\/p>\n<p><img loading=\"lazy\" decoding=\"async\" style=\"aspect-ratio: auto 2000 \/ 2000;\" title=\"\" src=\"https:\/\/kintaiarts.lt\/wp-content\/uploads\/2021\/12\/Group-2-1.svg\" alt=\"\" width=\"40\" height=\"40\" data-id=\"12175\" data-init-width=\"2000\" data-init-height=\"2000\" data-width=\"40\" data-height=\"40\" data-link-wrap=\"true\" \/><\/p>\n<p><a style=\"outline: none;\" href=\"https:\/\/kintaiarts.lt\/\" data-tcb_hover_state_parent=\"\">Kintai Arts<\/a> \/ Parodos<\/p>\n<h1>Parodos<\/p>\n<p>Puslapis kuriamas&#8230;<\/h1>\n<p><\/p>\n<p>&nbsp;<\/p>\n<h3><span data-attr-link=\"0\" data-attr-rel=\"0\" data-attr-target=\"0\" data-extra_key=\"\" data-option-inline=\"1\" data-shortcode=\"tcb_post_title\" data-shortcode-name=\"Post title\">Peiza\u017eo formacijos | Landscape Formations<\/span><\/h3>\n<p>Parodos atidarymas vyks rugpj\u016b\u010dio 2 d. 17:00 val. kartu su meno edukator\u0117s Karen Vanhercke k\u016brybin\u0117mis dirtuv\u0117mis.<\/p>\n<p><a href=\"https:\/\/kintaiarts.lt\/parodos\/peizazo-formacijos-landscape-formations\/#more-16063\">[&#8230;]<\/a><a title=\"Peiza\u017eo formacijos | Landscape Formations\" data-type-url=\"none\" data-type-display=\"nothing\" data-size=\"thumbnail\" data-post_id=\"16063\"><img loading=\"lazy\" decoding=\"async\" src=\"https:\/\/kintaiarts.lt\/wp-content\/uploads\/2026\/01\/Iliyana-415x250.jpg\" sizes=\"auto, (max-width: 415px) 100vw, 415px\" srcset=\"https:\/\/kintaiarts.lt\/wp-content\/uploads\/2026\/01\/Iliyana-415x250.jpg 415w, https:\/\/kintaiarts.lt\/wp-content\/uploads\/2026\/01\/Iliyana-18x12.jpg 18w\" alt=\"\" width=\"415\" height=\"250\" \/><\/a><\/p>\n","protected":false},"excerpt":{"rendered":"<p>Parodos Kintai Arts rezidencijoje vykstan\u010dios parodos Kintai Arts \/ Parodos Parodos Puslapis [&hellip;]<\/p>\n","protected":false},"author":4,"featured_media":15722,"parent":0,"menu_order":0,"comment_status":"closed","ping_status":"closed","template":"","meta":{"footnotes":""},"class_list":["post-16068","page","type-page","status-publish","has-post-thumbnail","hentry","post-wrapper","thrv_wrapper"],"_links":{"self":[{"href":"https:\/\/kintaiarts.lt\/en\/wp-json\/wp\/v2\/pages\/16068","targetHints":{"allow":["GET"]}}],"collection":[{"href":"https:\/\/kintaiarts.lt\/en\/wp-json\/wp\/v2\/pages"}],"about":[{"href":"https:\/\/kintaiarts.lt\/en\/wp-json\/wp\/v2\/types\/page"}],"author":[{"embeddable":true,"href":"https:\/\/kintaiarts.lt\/en\/wp-json\/wp\/v2\/users\/4"}],"replies":[{"embeddable":true,"href":"https:\/\/kintaiarts.lt\/en\/wp-json\/wp\/v2\/comments?post=16068"}],"version-history":[{"count":6,"href":"https:\/\/kintaiarts.lt\/en\/wp-json\/wp\/v2\/pages\/16068\/revisions"}],"predecessor-version":[{"id":16247,"href":"https:\/\/kintaiarts.lt\/en\/wp-json\/wp\/v2\/pages\/16068\/revisions\/16247"}],"wp:featuredmedia":[{"embeddable":true,"href":"https:\/\/kintaiarts.lt\/en\/wp-json\/wp\/v2\/media\/15722"}],"wp:attachment":[{"href":"https:\/\/kintaiarts.lt\/en\/wp-json\/wp\/v2\/media?parent=16068"}],"curies":[{"name":"wp","href":"https:\/\/api.w.org\/{rel}","templated":true}]}}