{"id":12851,"date":"2022-03-15T13:49:21","date_gmt":"2022-03-15T11:49:21","guid":{"rendered":"https:\/\/kintaiarts.lt\/clone-of-titulinis\/"},"modified":"2022-03-31T18:13:45","modified_gmt":"2022-03-31T15:13:45","slug":"apie-mus","status":"publish","type":"page","link":"https:\/\/kintaiarts.lt\/en\/muzikos-festivalis\/apie-mus\/","title":{"rendered":"Kint\u0173 muzikos festivalis: Apie mus"},"content":{"rendered":"<p><img loading=\"lazy\" decoding=\"async\" title=\"kintu-muzikos-festivalis\" src=\"https:\/\/kintaiarts.lt\/wp-content\/uploads\/2022\/03\/kintu-muzikos-festivalis.svg\" alt=\"\" width=\"45\" height=\"42\" data-id=\"12699\" data-init-width=\"49\" data-init-height=\"46\" data-width=\"45\" data-height=\"42\" data-link-wrap=\"true\" \/><\/p>\n<p><a style=\"outline: none;\" href=\"https:\/\/kintaiarts.lt\/en\/\" data-tcb_hover_state_parent=\"\">in Kintai Arts<\/a> \/ <a style=\"outline: none;\" href=\"https:\/\/kintaiarts.lt\/en\/muzikos-festivalis\/\">Kint\u0173 muzikos festivalis<\/a> \/ Apie rengin\u012f<\/p>\n<h1>KINTAI MUSIC FESTIVAL<\/h1>\n<p>Klasikin\u0117s muzikos festivalis vykstantis liepos ir rugpj\u016b\u010dio m\u0117nesiais pamario regione.<\/p>\n<p>Kint\u0173 muzikos festivalio id\u0117ja gim\u0117 jo steig\u0117jai Audrai Juode\u0161kienei. Noras gimtajam kra\u0161tui \u2013 Kintams bei jo gyventojams \u2013 padovanoti gra\u017ei\u0105 tradicij\u0105, i\u0161augo \u012f klasikin\u0117s muzikos festival\u012f, kasmet \u012f pamario kra\u0161t\u0105 sukvie\u010diant\u012f vis daugiau klausytoj\u0173. Pritraukdamas publik\u0105 \u012f Kintus, festivalis kra\u0161tui kuria ir pridedam\u0105j\u0105 vert\u0119: skatinama kult\u016bra, turizmas, kra\u0161to ekonomikos augimas, kuris padeda vystyti ir kurti Kur\u0161i\u0173 mari\u0173 pakrant\u0117s gro\u017e\u012f.<\/p>\n<p>2012 m. festivalis prasid\u0117jo kaip muzikos savait\u0117, kurios metu skamb\u0117jo Nauj\u0173 id\u0117j\u0173 kamerinio orkestro (NIKO), vadovaujamo jaunosios kartos kompozitoriaus ir dirigento Gedimino Gelgoto, atliekama muzika. Kartu Kintai tapo kasmetine NIKO vasaros rezidencijos vieta, kur gimsta nauji G. Gelgoto k\u016briniai ir NIKO repertuaras. Taip nuo pat prad\u017eios kolektyvas tapo neatsiejamas nuo Kint\u0173 muzikos festivalio ir kasmet surengia jame pasirodymus \u2013 klausytoj\u0173 ypa\u010d pam\u0117gtas yra naktinis koncertas, jaukiai ap\u0161viestoje ba\u017eny\u010dioje vykstantis apie vidurnakt\u012f.<\/p>\n<p>Kint\u0173 muzikos festivalis orientuojasi \u012f auk\u0161t\u0105 menin\u0119 kokyb\u0119, tod\u0117l nuo pat prad\u017eios jame netr\u016bko pripa\u017eint\u0173 atlik\u0117j\u0173 \u2013 tiek lietuvi\u0173, tiek u\u017esienio muzikant\u0173, atstovaujan\u010di\u0173 auk\u0161t\u0105 atlikimo kult\u016br\u0105. Tarp j\u0173 \u2013 smuikininkas Vilhelmas \u010cepinskis, violon\u010delinkas Vytautas Sondeckis, choras \u201eJauna muzika\u201c, trio \u201eKaskados\u201c, fleitininkas Giedrius Gelgotas, fagotininkas Martinas Kuuskmannas (JAV), smuikinink\u0117 Kristine Balanas (Latvija-Vokietija), choras \u201eIntis\u201c (Latvija), smuikinink\u0173 duetas \u201eThe Twiolins\u201c (Vokietija) ir daug kit\u0173 puiki\u0173 muzikant\u0173. Nuo 2015 m. festivalis suburia ir savo simfonin\u012f orkestr\u0105 \u2013 jaunus atlik\u0117jus, festivalio pabaigai parengian\u010dius simfonin\u012f k\u016brin\u012f. Jiems yra vadovav\u0119s perspektyvus jaunas lietuvi\u0173 dirigentas Martynas Stakionis bei G. Gelgotas.<\/p>\n<p>2014 m. Kint\u0173 muzikos festivalio veikl\u0105 tarptautin\u0117 festivali\u0173 organizacija EFFE (\u201eEuropa festivaliams, festivaliai Europai\u201c) \u012fvertino kaip atstovaujan\u010di\u0105 auk\u0161t\u0105 menin\u0119 kokyb\u0119 bei turin\u010di\u0105 ry\u0161k\u0173 poveik\u012f vietiniu, nacionaliniu ir tarptautiniu lygmeniu. Nuo tol informacija apie Kint\u0173 muzikos festival\u012f tapo lengviau pasiekiama tarptautinei festivali\u0173 publikai, menininkams, meno organizacijoms, r\u0117m\u0117jams ir priva\u010dioms kompanijoms bei medijos atstovams. 2017 m. EFFE, \u012fvertinusi Kint\u0173 muzikos festivalio menin\u012f lyg\u012f ir jo regionin\u0119, respublikin\u0119 bei tarptautin\u0119 svarb\u0105, dar dvejiems metams prat\u0119s\u0117 jo naryst\u0119 \u0161ioje organizacijoje.<\/p>\n<p>\u017dengdamas kartu su klasikin\u0117s ir \u0161iuolaikin\u0117s muzikos aktualijomis, festivalis siekia kasmet pa\u017eym\u0117ti svarbias klasikin\u0117s muzikos datas. 2017 m. buvo pagerbtas kompozitorius Peteris Michaelis Hamelis \u2013 t\u0105met jam sukako 70 met\u0173. 2016 m. sve\u010diavosi 70-met\u012f \u0161vent\u0119s latvis P\u0113teris Vaskas, 2015 m. buvo dedikuoti \u017eymiajam est\u0173 minimalistui Arvo P\u00e4rtui, pagerbiant jo 80-ies met\u0173 sukakt\u012f. 2014 m., atliepiant festivalyje vyraujan\u010di\u0105 minimalizmo krypt\u012f, pamin\u0117tas buvo minimalistin\u0117s muzikos pradininko, amerikie\u010dio Terry\u2018o Riley\u2018o \u017eymiojo opuso \u201eIn C\u201c 50-metis.<\/p>\n<p>2017 m. pirm\u0105 kart\u0105 vyko u\u017esienio meninink\u0173 rezidencija, kuriai vadovavo prof. Vykintas Baltakas, bei kompozitori\u0173 dirbtuv\u0117s. 2018 m. bir\u017eel\u012f Kintuose duris atv\u0117r\u0117 \u201eKintai Arts\u201c rezidencija, festival\u012f papildanti kit\u0173 meno disciplin\u0173 veiklomis. Kasmet ple\u010diama festivalio geografija: atskiri koncertai organizuojami ir kituose savivaldyb\u0117s miesteliuose \u2013 \u0160ilut\u0117je, Rusn\u0117je, taip pat Nidoje bei Juodkrant\u0117je. Festivalis stabiliai auga ir atvirai \u017ei\u016bri \u012f poky\u010dius.<\/p>\n<p>2021 m. \u012fvyko de\u0161imtasis jubiliejinis Kint\u0173 muzikos festivalis, kurio metu \u012fvyko \u0161e\u0161iolika unikali\u0173 koncert\u0173, skamb\u0117jusi\u0173 ne tik Kintuose, bet ir \u0160ilut\u0117je, \u017demai\u010di\u0173 Naumiestyje, \u0160v\u0117k\u0161noje, Saugose ir Juodkrant\u0117je. T\u0119sdamas nuo 2012 m. puosel\u0117jam\u0105 tradicij\u0105 pristatyti dar negird\u0117tus publikai Lietuvos kompozitori\u0173 k\u016brinius, festivalyje nuskamb\u0117jo keturios \u0161iuolaikin\u0117s muzikos premjeros, atliktos NIKO, SYNEASTHESIS bei MELOS kolektyv\u0173.<\/p>\n<p>Organizatorius:<\/p>\n<p><img loading=\"lazy\" decoding=\"async\" title=\"\" src=\"https:\/\/kintaiarts.lt\/wp-content\/uploads\/2021\/12\/logotipas-1.svg\" alt=\"\" width=\"115\" height=\"79\" data-id=\"12241\" data-init-width=\"102\" data-init-height=\"70\" data-width=\"115\" data-height=\"79\" \/><\/p>\n<p>Kintai Arts is a non-profit organization active in the fields of arts, residencies, crafts and education, based in Kintai since 2009.<\/p>\n<p>Meno taryba:<\/p>\n<p>Vykintas Baltakas, Marta Finkel\u0161tein, Gleb Py\u0161niak, Rodrigo Calveyra, Gediminas Gelgotas.<\/p>\n<p>Festivalio vadov\u0117:<\/p>\n<p>Audra Juode\u0161kien\u0117<\/p>\n<p>Komunikacijos vadov\u0117:<\/p>\n<p>Paulina Nalivaikait\u0117<\/p>\n<h2>Ankstesni festivaliai<\/h2>\n<h1>2021<\/h1>\n<p><a href=\"https:\/\/kintaiarts.lt\/wp-content\/uploads\/2022\/03\/2021-programa-Kintai-Music-Festival.pdf\"><img loading=\"lazy\" decoding=\"async\" title=\"\" src=\"https:\/\/kintaiarts.lt\/wp-content\/uploads\/2022\/03\/Group-318.jpg\" alt=\"\" width=\"1543\" height=\"847\" data-id=\"12863\" data-init-width=\"955\" data-init-height=\"524\" data-width=\"1543\" data-height=\"847\" data-link-wrap=\"true\" \/><\/a><\/p>\n<p>2021 m. festivalio programa.<\/p>\n<h1>2020<\/h1>\n<p><a href=\"https:\/\/kintaiarts.lt\/wp-content\/uploads\/2022\/03\/2020-programa-Kintai-Music-Festival.pdf\"><img loading=\"lazy\" decoding=\"async\" title=\"2020\" src=\"https:\/\/kintaiarts.lt\/wp-content\/uploads\/2022\/03\/2020.jpg\" alt=\"\" width=\"698\" height=\"383\" data-id=\"12956\" data-init-width=\"958\" data-init-height=\"524\" data-width=\"698\" data-height=\"383\" data-link-wrap=\"true\" \/><\/a><\/p>\n<p>2020 m. festivalio programa.<\/p>\n<h1>2019<\/h1>\n<p><a href=\"https:\/\/kintaiarts.lt\/wp-content\/uploads\/2022\/03\/2019-programa-Kintai-Music-Festival.pdf\"><img loading=\"lazy\" decoding=\"async\" title=\"2019\" src=\"https:\/\/kintaiarts.lt\/wp-content\/uploads\/2022\/03\/2019.jpg\" alt=\"\" width=\"698\" height=\"383\" data-id=\"12957\" data-init-width=\"958\" data-init-height=\"524\" data-width=\"698\" data-height=\"383\" data-link-wrap=\"true\" \/><\/a><\/p>\n<p>2019 m. festivalio programa.<\/p>\n<h1>2018<\/h1>\n<p><a href=\"https:\/\/kintaiarts.lt\/wp-content\/uploads\/2022\/03\/2018-programa-Kintai-Music-Festiva.pdf\"><img loading=\"lazy\" decoding=\"async\" title=\"Group 303\" src=\"https:\/\/kintaiarts.lt\/wp-content\/uploads\/2022\/03\/Group-303.jpg\" alt=\"\" width=\"1543\" height=\"848\" data-id=\"12862\" data-init-width=\"953\" data-init-height=\"524\" data-width=\"1543\" data-height=\"848\" data-link-wrap=\"true\" \/><\/a><\/p>\n<p>2018 m. festivalio programa.<\/p>","protected":false},"excerpt":{"rendered":"<p>Kintai Arts \/ Kint\u0173 muzikos festivalis \/ Apie rengin\u012f KINTAI MUSIC FESTIVAL [&hellip;]<\/p>\n","protected":false},"author":4,"featured_media":12719,"parent":12695,"menu_order":0,"comment_status":"closed","ping_status":"closed","template":"","meta":{"footnotes":""},"class_list":["post-12851","page","type-page","status-publish","has-post-thumbnail","hentry","post-wrapper","thrv_wrapper"],"_links":{"self":[{"href":"https:\/\/kintaiarts.lt\/en\/wp-json\/wp\/v2\/pages\/12851","targetHints":{"allow":["GET"]}}],"collection":[{"href":"https:\/\/kintaiarts.lt\/en\/wp-json\/wp\/v2\/pages"}],"about":[{"href":"https:\/\/kintaiarts.lt\/en\/wp-json\/wp\/v2\/types\/page"}],"author":[{"embeddable":true,"href":"https:\/\/kintaiarts.lt\/en\/wp-json\/wp\/v2\/users\/4"}],"replies":[{"embeddable":true,"href":"https:\/\/kintaiarts.lt\/en\/wp-json\/wp\/v2\/comments?post=12851"}],"version-history":[{"count":5,"href":"https:\/\/kintaiarts.lt\/en\/wp-json\/wp\/v2\/pages\/12851\/revisions"}],"predecessor-version":[{"id":12960,"href":"https:\/\/kintaiarts.lt\/en\/wp-json\/wp\/v2\/pages\/12851\/revisions\/12960"}],"up":[{"embeddable":true,"href":"https:\/\/kintaiarts.lt\/en\/wp-json\/wp\/v2\/pages\/12695"}],"wp:featuredmedia":[{"embeddable":true,"href":"https:\/\/kintaiarts.lt\/en\/wp-json\/wp\/v2\/media\/12719"}],"wp:attachment":[{"href":"https:\/\/kintaiarts.lt\/en\/wp-json\/wp\/v2\/media?parent=12851"}],"curies":[{"name":"wp","href":"https:\/\/api.w.org\/{rel}","templated":true}]}}