{"id":12692,"date":"2022-03-14T11:45:20","date_gmt":"2022-03-14T09:45:20","guid":{"rendered":"https:\/\/kintaiarts.lt\/clone-of-apie-mus\/"},"modified":"2022-03-15T23:32:59","modified_gmt":"2022-03-15T21:32:59","slug":"kontaktai","status":"publish","type":"page","link":"https:\/\/kintaiarts.lt\/en\/muzikos-festivalis\/kontaktai\/","title":{"rendered":"Kint\u0173 muzikos festivalis: Kontaktai"},"content":{"rendered":"<p><span><a href=\"https:\/\/kintaiarts.lt\/wp-content\/uploads\/2021\/12\/Group-1-2.svg\"><img decoding=\"async\" alt=\"\" data-id=\"12699\" data-init-width=\"49\" data-init-height=\"46\" title=\"kintu-muzikos-festivalis\" src=\"https:\/\/kintaiarts.lt\/wp-content\/uploads\/2022\/03\/kintu-muzikos-festivalis.svg\" data-width=\"45\" data-height=\"42\" style=\"\" data-link-wrap=\"true\" loading=\"lazy\" width=\"45\" height=\"42\"><\/a><\/span><\/p>\n<p style=\"\"><a href=\"https:\/\/kintaiarts.lt\/\" style=\"outline: none;\" data-tcb_hover_state_parent=\"\">Kintai Arts<\/a> \/ <a href=\"https:\/\/kintaiarts.lt\/muzikos-festivalis\/\" style=\"outline: none;\">Kint\u0173 muzikos festivalis<\/a> \/ Kontaktai<\/p>\n<h1>KONTAKTAI<\/h1>\n<p style=\"\">V\u0161\u012e \u201eKintai arts\u201c misija &#8211; aktualizuoti, vystyti ir tirti unikal\u0173 Pamario kra\u0161to material\u0173j\u012f ir nematerial\u0173j\u012f kult\u016bros bei gamtos paveld\u0105 bei puosel\u0117ti k\u016bryb\u0105, refleksij\u0105 ir id\u0117j\u0173 mainus \u0161iuolaikinio meno ir \u0161iuolaikin\u0117s muzikos sferose.<\/p>\n<p style=\"\">Susisiek<\/p>\n<ul>\n<li style=\"\"><span style=\"\"><a href=\"tel:+37068634006\" target=\"_blank\" style=\"outline: none;\" rel=\"noopener\">+370 686 34 006<\/a><\/span><\/li>\n<li style=\"\"><span style=\"\"><a href=\"mailto:info@kintaiarts.lt\" target=\"_blank\" style=\"outline: none;\" rel=\"noopener\">info@kintaiarts.lt<\/a><\/span><\/li>\n<\/ul>\n<p style=\"\">REZIDENCIJA IR RENGINI\u0172 ErDv\u0117<\/p>\n<ul>\n<li style=\"\"><span style=\"\"><a href=\"https:\/\/goo.gl\/maps\/1dpabXPzf8o1w5H58\" target=\"_blank\" style=\"outline: none;\" rel=\"noopener\">Kur\u0161i\u0173 g. 30, Kintai<\/a><\/span><\/li>\n<\/ul>\n<div id=\"flxmap-69e37f1a64acf\" class='flxmap-container' data-flxmap='flxmap_69e37f1a64acf' style=\"width:100%;height:440px;\"><\/div>\n<script data-noptimize=\"1\">\n\/* <![CDATA[ *\/\n(function(w, fn) {\n if (w.addEventListener) w.addEventListener(\"DOMContentLoaded\", fn, false);\n else if (w.attachEvent) w.attachEvent(\"onload\", fn);\n})(window, function() {\n var f = new FlexibleMap();\n f.mapTypeControl = false;\n f.fullscreen = false;\n f.setlocale(\"en-GB\");\n f.zoom = 15;\n f.showMarker(\"flxmap-69e37f1a64acf\", [55.418701993357686, 21.262474013186317], [55.418701993357686,21.262474013186317]);\n window.flxmap_69e37f1a64acf = f;\n});\n\/* ]]> *\/\n<\/script>\n\n<p><span><img decoding=\"async\" alt=\"\" data-id=\"11572\" data-init-width=\"2000\" data-init-height=\"2000\" title=\"\" loading=\"lazy\" src=\"https:\/\/kintaiarts.lt\/wp-content\/uploads\/2021\/12\/rodykle-1.svg\" data-width=\"40\" data-height=\"40\" style=\"\" width=\"40\" height=\"40\"><\/span><\/p>\n<h3 style=\"\">Kaip atvykti?<\/h3>\n<p><span><img decoding=\"async\" alt=\"\" data-id=\"11572\" data-init-width=\"2000\" data-init-height=\"2000\" title=\"\" loading=\"lazy\" src=\"https:\/\/kintaiarts.lt\/wp-content\/uploads\/2021\/12\/rodykle-1.svg\" data-width=\"40\" data-height=\"40\" style=\"\" width=\"40\" height=\"40\"><\/span><\/p>\n<h3 style=\"\">Kur apsistoti festivalio metu?<\/h3>\n","protected":false},"excerpt":{"rendered":"<p>Kintai Arts \/ Kint\u0173 muzikos festivalis \/ Kontaktai KONTAKTAI V\u0161\u012e \u201eKintai arts\u201c [&hellip;]<\/p>\n","protected":false},"author":4,"featured_media":12693,"parent":12695,"menu_order":0,"comment_status":"closed","ping_status":"closed","template":"","meta":{"footnotes":""},"class_list":["post-12692","page","type-page","status-publish","has-post-thumbnail","hentry","post-wrapper","thrv_wrapper"],"_links":{"self":[{"href":"https:\/\/kintaiarts.lt\/en\/wp-json\/wp\/v2\/pages\/12692","targetHints":{"allow":["GET"]}}],"collection":[{"href":"https:\/\/kintaiarts.lt\/en\/wp-json\/wp\/v2\/pages"}],"about":[{"href":"https:\/\/kintaiarts.lt\/en\/wp-json\/wp\/v2\/types\/page"}],"author":[{"embeddable":true,"href":"https:\/\/kintaiarts.lt\/en\/wp-json\/wp\/v2\/users\/4"}],"replies":[{"embeddable":true,"href":"https:\/\/kintaiarts.lt\/en\/wp-json\/wp\/v2\/comments?post=12692"}],"version-history":[{"count":5,"href":"https:\/\/kintaiarts.lt\/en\/wp-json\/wp\/v2\/pages\/12692\/revisions"}],"predecessor-version":[{"id":12911,"href":"https:\/\/kintaiarts.lt\/en\/wp-json\/wp\/v2\/pages\/12692\/revisions\/12911"}],"up":[{"embeddable":true,"href":"https:\/\/kintaiarts.lt\/en\/wp-json\/wp\/v2\/pages\/12695"}],"wp:featuredmedia":[{"embeddable":true,"href":"https:\/\/kintaiarts.lt\/en\/wp-json\/wp\/v2\/media\/12693"}],"wp:attachment":[{"href":"https:\/\/kintaiarts.lt\/en\/wp-json\/wp\/v2\/media?parent=12692"}],"curies":[{"name":"wp","href":"https:\/\/api.w.org\/{rel}","templated":true}]}}