{"id":12054,"date":"2021-12-14T10:19:00","date_gmt":"2021-12-14T08:19:00","guid":{"rendered":"https:\/\/kintaiarts.lt\/clone-of-amatu-centras\/"},"modified":"2022-01-04T20:51:05","modified_gmt":"2022-01-04T18:51:05","slug":"apsilankyk-kintuose","status":"publish","type":"page","link":"https:\/\/kintaiarts.lt\/en\/apsilankyk-kintuose\/","title":{"rendered":"Visit Kintai"},"content":{"rendered":"<p style=\"\">APSILANKYK KINTUOSE<\/p>\n<div id=\"kintaiarts-rodykle\"><div><img loading=\"lazy\" decoding=\"async\" src=\"https:\/\/kintaiarts.lt\/wp-content\/uploads\/2021\/12\/navigacija-1.svg\" alt=\"\" width=\"45\" height=\"45\"><\/div><\/div>\n<p style=\"\">Aktyvaus poilsio, kult\u016bros ir gamtos simbioz\u0117.<\/p>\n<p><span><img decoding=\"async\" alt=\"\" data-id=\"12174\" width=\"45\" data-init-width=\"2000\" height=\"45\" data-init-height=\"2000\" title=\"\" src=\"https:\/\/kintaiarts.lt\/wp-content\/uploads\/2021\/12\/Group-3.svg\" data-width=\"45\" data-height=\"45\" style=\"\" data-link-wrap=\"true\" loading=\"lazy\"><\/span><\/p>\n<p style=\"\"><a href=\"https:\/\/kintaiarts.lt\/\" style=\"outline: none;\" data-tcb_hover_state_parent=\"\">Kintai Arts<\/a> \/ Apsilankyk Kintuose<\/p>\n<h1>apsilankyk kintuose<\/h1>\n<p style=\"\">Norintiems atrasti Kint\u0173 miestel\u012f bei jo apylinkes, apsuptas itin turtinga laukine gamta, kvie\u010diame apsistoti Kint\u0173 meno rezidencijoje ir susipa\u017einti su Kintai Arts organizuojamomis ekskurisijomis poilsiautojams. Ie\u0161kantiems aktyvaus poilsio gamtoje, si\u016blome pauk\u0161\u010di\u0173 steb\u0117jim\u0105 su gamtos gidu Boris Belchev, plaukim\u0105 istoriniu laivu Kur\u0161i\u0173 mariose, bei kaitavim\u0105 Kint\u0173 kaitavimo centre. Apie Kint\u0173 miestelio istorij\u0105, tradicinius amatus bei kult\u016brin\u012f kra\u0161to paveld\u0105 miestelio lankytojus supa\u017eindins Kintai Arts partneriai, Kint\u0173 Vyd\u016bno Kult\u016bros centras bei \u0160ilut\u0117s Hugo \u0160ojaus muziejus.<\/p>\n<p><span><img decoding=\"async\" alt=\"\" data-id=\"12468\" width=\"135\" data-init-width=\"272\" height=\"95\" data-init-height=\"190\" title=\"\" loading=\"lazy\" src=\"https:\/\/kintaiarts.lt\/wp-content\/uploads\/2022\/01\/grants-2.png\" data-width=\"135\" data-height=\"95\" style=\"\"><\/span><\/p>\n<p style=\"\">\u201eKult\u016bros Sk\u016bn\u0117s\u201c projektas \u012fgyvendinamas Europos ekonomin\u0117s erdv\u0117s finansinio mechanizmo l\u0117\u0161omis.<\/p>\n<p><span><img decoding=\"async\" alt=\"\" data-id=\"11572\" width=\"40\" data-init-width=\"2000\" height=\"40\" data-init-height=\"2000\" title=\"\" src=\"https:\/\/kintaiarts.lt\/wp-content\/uploads\/2021\/12\/rodykle-1.svg\" data-width=\"40\" data-height=\"40\" style=\"\" loading=\"lazy\"><\/span><\/p>\n<h3 style=\"\">Ekskursijos Kintuose<\/h3>\n<p>&#8211; Pamario \u201csafaris\u201d &#8211; pauk\u0161\u010di\u0173 steb\u0117jimo ekskursija su gamtos gidu Boris Belchev- Pasiplaukiojimas po Kur\u0161i\u0173 marias istorniu laivu<\/p>\n<p><span><img decoding=\"async\" alt=\"\" data-id=\"11572\" width=\"40\" data-init-width=\"2000\" height=\"40\" data-init-height=\"2000\" title=\"\" src=\"https:\/\/kintaiarts.lt\/wp-content\/uploads\/2021\/12\/rodykle-1.svg\" data-width=\"40\" data-height=\"40\" style=\"\" loading=\"lazy\"><\/span><\/p>\n<h3 style=\"\">Apsistok Kint\u0173 rezidencijoje<\/h3>\n<p style=\"\">Kvie\u010diame apsistoti Kint\u0173 rezidencijoje<\/p>\n<p><span><img decoding=\"async\" alt=\"\" data-id=\"11572\" width=\"40\" data-init-width=\"2000\" height=\"40\" data-init-height=\"2000\" title=\"\" src=\"https:\/\/kintaiarts.lt\/wp-content\/uploads\/2021\/12\/rodykle-1.svg\" data-width=\"40\" data-height=\"40\" style=\"\" loading=\"lazy\"><\/span><\/p>\n<h3 style=\"\">Kitos veiklos Kintuose<\/h3>\n<p>&#8211; <a href=\"http:\/\/www.vydunocentras.lt\/\" target=\"_blank\" style=\"outline: none;\" rel=\"noopener\">Kint\u0173 Vyd\u016bno kult\u016bros centras<\/a>&#8211; <a href=\"https:\/\/www.silutesmuziejus.lt\/\" target=\"_blank\" style=\"outline: none;\" rel=\"noopener\">\u0160ilut\u0117s Hugo \u0160ojaus muziejus<\/a>&#8211; <a href=\"https:\/\/kaitavimocentras.lt\/\" target=\"_blank\" style=\"outline: none;\" rel=\"noopener\">Kint\u0173 kaitavimo klubas<\/a>&#8211; <a href=\"http:\/\/www.vros.lt\/\" target=\"_blank\" style=\"outline: none;\" rel=\"noopener\">Vent\u0117s rago ornitologin\u0117 stotis<\/a>&#8211; <a href=\"http:\/\/www.aukstumala.lt\/aukstumalos-aukstapelke\/\" target=\"_blank\" style=\"outline: none;\" rel=\"noopener\">Auk\u0161tumalos auk\u0161tapelk\u0117<\/a><\/p>\n<div id=\"my-keen-slider\" class=\"keen-slider\"><div class=\"slider-arrow prev\"><\/div><img loading=\"lazy\" decoding=\"async\" width=\"719\" height=\"500\" src=\"https:\/\/kintaiarts.lt\/wp-content\/uploads\/2021\/12\/image-96.jpg\" class=\"keen-slider__slide\" alt=\"\" srcset=\"https:\/\/kintaiarts.lt\/wp-content\/uploads\/2021\/12\/image-96.jpg 719w, https:\/\/kintaiarts.lt\/wp-content\/uploads\/2021\/12\/image-96-18x12.jpg 18w, https:\/\/kintaiarts.lt\/wp-content\/uploads\/2021\/12\/image-96-520x362.jpg 520w\" sizes=\"auto, (max-width: 719px) 100vw, 719px\" \/><img loading=\"lazy\" decoding=\"async\" width=\"771\" height=\"500\" src=\"https:\/\/kintaiarts.lt\/wp-content\/uploads\/2021\/12\/image-95.jpg\" class=\"keen-slider__slide\" alt=\"\" srcset=\"https:\/\/kintaiarts.lt\/wp-content\/uploads\/2021\/12\/image-95.jpg 771w, https:\/\/kintaiarts.lt\/wp-content\/uploads\/2021\/12\/image-95-768x498.jpg 768w, https:\/\/kintaiarts.lt\/wp-content\/uploads\/2021\/12\/image-95-18x12.jpg 18w, https:\/\/kintaiarts.lt\/wp-content\/uploads\/2021\/12\/image-95-520x337.jpg 520w\" sizes=\"auto, (max-width: 771px) 100vw, 771px\" \/><img loading=\"lazy\" decoding=\"async\" width=\"768\" height=\"500\" src=\"https:\/\/kintaiarts.lt\/wp-content\/uploads\/2021\/12\/ARI5442.jpg\" class=\"keen-slider__slide\" alt=\"\" srcset=\"https:\/\/kintaiarts.lt\/wp-content\/uploads\/2021\/12\/ARI5442.jpg 768w, https:\/\/kintaiarts.lt\/wp-content\/uploads\/2021\/12\/ARI5442-18x12.jpg 18w, https:\/\/kintaiarts.lt\/wp-content\/uploads\/2021\/12\/ARI5442-520x339.jpg 520w\" sizes=\"auto, (max-width: 768px) 100vw, 768px\" \/><img loading=\"lazy\" decoding=\"async\" width=\"334\" height=\"500\" src=\"https:\/\/kintaiarts.lt\/wp-content\/uploads\/2021\/12\/ARI5412.jpg\" class=\"keen-slider__slide\" alt=\"\" srcset=\"https:\/\/kintaiarts.lt\/wp-content\/uploads\/2021\/12\/ARI5412.jpg 334w, https:\/\/kintaiarts.lt\/wp-content\/uploads\/2021\/12\/ARI5412-8x12.jpg 8w\" sizes=\"auto, (max-width: 334px) 100vw, 334px\" \/><img loading=\"lazy\" decoding=\"async\" width=\"750\" height=\"500\" src=\"https:\/\/kintaiarts.lt\/wp-content\/uploads\/2021\/12\/ARI5397.jpg\" class=\"keen-slider__slide\" alt=\"\" srcset=\"https:\/\/kintaiarts.lt\/wp-content\/uploads\/2021\/12\/ARI5397.jpg 750w, https:\/\/kintaiarts.lt\/wp-content\/uploads\/2021\/12\/ARI5397-18x12.jpg 18w, https:\/\/kintaiarts.lt\/wp-content\/uploads\/2021\/12\/ARI5397-520x347.jpg 520w\" sizes=\"auto, (max-width: 750px) 100vw, 750px\" \/><img loading=\"lazy\" decoding=\"async\" width=\"750\" height=\"500\" src=\"https:\/\/kintaiarts.lt\/wp-content\/uploads\/2021\/12\/ARI5375.jpg\" class=\"keen-slider__slide\" alt=\"\" srcset=\"https:\/\/kintaiarts.lt\/wp-content\/uploads\/2021\/12\/ARI5375.jpg 750w, https:\/\/kintaiarts.lt\/wp-content\/uploads\/2021\/12\/ARI5375-18x12.jpg 18w, https:\/\/kintaiarts.lt\/wp-content\/uploads\/2021\/12\/ARI5375-520x347.jpg 520w\" sizes=\"auto, (max-width: 750px) 100vw, 750px\" \/><div class=\"slider-arrow next\"><\/div><\/div>\n<p><span><img decoding=\"async\" alt=\"\" data-id=\"12174\" width=\"45\" data-init-width=\"2000\" height=\"46\" data-init-height=\"2000\" title=\"\" src=\"https:\/\/kintaiarts.lt\/wp-content\/uploads\/2021\/12\/Group-3.svg\" data-width=\"45\" data-height=\"46\" style=\"\" loading=\"lazy\"><\/span><\/p>\n<h1>EKSkursijos<\/h1>\n<p style=\"\">Registruotis galima el.pa\u0161tu <a href=\"mailto:info@kintaiarts.lt\" target=\"_blank\" style=\"outline: none;\" rel=\"noopener\">info@kintaiarts.lt<\/a> ir telefonu <a href=\"tel:+37068634006\" target=\"_blank\" style=\"outline: none;\" rel=\"noopener\">+370 686 34006<\/a><\/p>\n<div class=\"tcb-post-list tve-content-list thrv_wrapper\" data-type=\"list\" data-pagination-type=\"none\" data-pages_near_current=\"2\" data-css=\"tve-u-61b8537471e3a9\" data-no_posts_text=\"\u0160iuo metu aktyvi\u0173 kvietim\u0173 n\u0117ra.\" data-disabled-links=\"0\" data-total_post_count=\"2\" data-total_sticky_count=\"0\"><article id=\"post-12080\" class=\"post-12080 ekskursijos type-ekskursijos status-publish has-post-thumbnail hentry post-wrapper thrv_wrapper thrive-animated-item \" data-id=\"12080\" data-selector=\".post-wrapper\"><style class=\"tcb-post-list-dynamic-style\" type=\"text\/css\"><\/style><\/p>\n<h3 style=\"\"><span data-attr-link=\"0\" data-attr-rel=\"0\" data-attr-target=\"0\" data-extra_key=\"\" data-option-inline=\"1\" data-shortcode=\"tcb_post_title\" data-shortcode-name=\"Post title\">Pamario \u201esafaris\u201c: Pauk\u0161\u010di\u0173 steb\u0117jimo eskursija<\/span><\/h3>\n<p><section class=\"tcb-post-content tcb-shortcode thrv_wrapper\" data-css=\"tve-u-61b8537471e446\"><p>Grup\u0117ms nuo 4 \u017emoni\u0173.<br \/>\nKaina \u017emogui &#8211; 30 eur u\u017e 3 val. trukm\u0117s ekskursij\u0105; 55 eur u\u017e 5-6 val. trukm\u0117s ekskursij\u0105; <\/p>\n<a class=\"more-link\" href=\"https:\/\/kintaiarts.lt\/en\/apsilankyk-kintuose\/pamario-safaris-pauksciu-stebejimo-eskursija\/#more-12080\">[...]<\/a><\/section><\/p>\n<p style=\"\"><a href=\"\" data-custom-shortcode=\"\" target=\"_blank\" rel=\"noopener\"><\/a><\/p>\n<p><a href=\"https:\/\/kintaiarts.lt\/en\/apsilankyk-kintuose\/pamario-safaris-pauksciu-stebejimo-eskursija\/\" style=\"\"><span style=\"\"><span style=\"\">Daugiau<\/span><\/span><\/a><a class=\"tcb-post-thumbnail tcb-shortcode thrv_wrapper tcb-shortcode thrive-shortcode\" title=\"Pamario \u201esafaris\u201c: Pauk\u0161\u010di\u0173 steb\u0117jimo eskursija\" data-type-url=\"none\" data-type-display=\"nothing\" data-css=\"tve-u-61b8537471e4c3\" data-size=\"thumbnail\" data-post_id=\"12080\"><img loading=\"lazy\" decoding=\"async\" width=\"415\" height=\"250\" src=\"https:\/\/kintaiarts.lt\/wp-content\/uploads\/2021\/12\/ARI5416-415x250.jpg\" class=\"attachment-thumbnail size-thumbnail wp-post-image\" alt=\"\" \/><\/a><\/article><article id=\"post-12082\" class=\"post-12082 ekskursijos type-ekskursijos status-publish has-post-thumbnail hentry post-wrapper thrv_wrapper thrive-animated-item \" data-id=\"12082\" data-selector=\".post-wrapper\"><style class=\"tcb-post-list-dynamic-style\" type=\"text\/css\"><\/style><\/p>\n<h3 style=\"\"><span data-attr-link=\"0\" data-attr-rel=\"0\" data-attr-target=\"0\" data-extra_key=\"\" data-option-inline=\"1\" data-shortcode=\"tcb_post_title\" data-shortcode-name=\"Post title\">Plaukimas istoriniu laivu po kur\u0161I\u0173 marias<\/span><\/h3>\n<p><section class=\"tcb-post-content tcb-shortcode thrv_wrapper\" data-css=\"tve-u-61b8537471e446\"><p>Plaukimas apie 2 val. Kur\u0161i\u0173 mariomis &#8211; 250 Eur<\/p>\n<a class=\"more-link\" href=\"https:\/\/kintaiarts.lt\/en\/apsilankyk-kintuose\/plaukimas-istoriniu-laivu-po-kursiu-marias\/#more-12082\">[...]<\/a><\/section><\/p>\n<p style=\"\"><a href=\"\" data-custom-shortcode=\"\" target=\"_blank\" rel=\"noopener\"><\/a><\/p>\n<p><a href=\"https:\/\/kintaiarts.lt\/en\/apsilankyk-kintuose\/plaukimas-istoriniu-laivu-po-kursiu-marias\/\" style=\"\"><span style=\"\"><span style=\"\">Daugiau<\/span><\/span><\/a><a class=\"tcb-post-thumbnail tcb-shortcode thrv_wrapper tcb-shortcode thrive-shortcode\" title=\"Plaukimas istoriniu laivu po kur\u0161I\u0173 marias\" data-type-url=\"none\" data-type-display=\"nothing\" data-css=\"tve-u-61b8537471e4c3\" data-size=\"thumbnail\" data-post_id=\"12082\"><img loading=\"lazy\" decoding=\"async\" width=\"415\" height=\"250\" src=\"https:\/\/kintaiarts.lt\/wp-content\/uploads\/2021\/12\/IMG_1085-3-415x250.jpg\" class=\"attachment-thumbnail size-thumbnail wp-post-image\" alt=\"\" \/><\/a><\/article><\/div>\n","protected":false},"excerpt":{"rendered":"<p>APSILANKYK KINTUOSE Aktyvaus poilsio, kult\u016bros ir gamtos simbioz\u0117. Kintai Arts \/ Apsilankyk [&hellip;]<\/p>\n","protected":false},"author":1,"featured_media":12071,"parent":0,"menu_order":0,"comment_status":"closed","ping_status":"closed","template":"","meta":{"footnotes":""},"class_list":{"0":"post-12054","1":"page","2":"type-page","3":"status-publish","4":"has-post-thumbnail","5":"hentry","6":"post-wrapper","7":"thrv_wrapper","10":"thrive-animated-item"},"_links":{"self":[{"href":"https:\/\/kintaiarts.lt\/en\/wp-json\/wp\/v2\/pages\/12054","targetHints":{"allow":["GET"]}}],"collection":[{"href":"https:\/\/kintaiarts.lt\/en\/wp-json\/wp\/v2\/pages"}],"about":[{"href":"https:\/\/kintaiarts.lt\/en\/wp-json\/wp\/v2\/types\/page"}],"author":[{"embeddable":true,"href":"https:\/\/kintaiarts.lt\/en\/wp-json\/wp\/v2\/users\/1"}],"replies":[{"embeddable":true,"href":"https:\/\/kintaiarts.lt\/en\/wp-json\/wp\/v2\/comments?post=12054"}],"version-history":[{"count":1,"href":"https:\/\/kintaiarts.lt\/en\/wp-json\/wp\/v2\/pages\/12054\/revisions"}],"predecessor-version":[{"id":12473,"href":"https:\/\/kintaiarts.lt\/en\/wp-json\/wp\/v2\/pages\/12054\/revisions\/12473"}],"wp:featuredmedia":[{"embeddable":true,"href":"https:\/\/kintaiarts.lt\/en\/wp-json\/wp\/v2\/media\/12071"}],"wp:attachment":[{"href":"https:\/\/kintaiarts.lt\/en\/wp-json\/wp\/v2\/media?parent=12054"}],"curies":[{"name":"wp","href":"https:\/\/api.w.org\/{rel}","templated":true}]}}