{"id":11944,"date":"2021-12-13T11:56:12","date_gmt":"2021-12-13T09:56:12","guid":{"rendered":"https:\/\/kintaiarts.lt\/clone-of-amatu-centras\/"},"modified":"2023-08-01T19:52:17","modified_gmt":"2023-08-01T16:52:17","slug":"apie-mus","status":"publish","type":"page","link":"https:\/\/kintaiarts.lt\/en\/apie-mus\/","title":{"rendered":"About us"},"content":{"rendered":"<p>Apie mus<\/p>\n<p><div id=\"kintaiarts-rodykle\"><div><img loading=\"lazy\" decoding=\"async\" src=\"https:\/\/kintaiarts.lt\/wp-content\/uploads\/2021\/12\/navigacija-1.svg\" alt=\"\" width=\"45\" height=\"45\"><\/div><\/div><img loading=\"lazy\" decoding=\"async\" title=\"\" src=\"https:\/\/kintaiarts.lt\/wp-content\/uploads\/2022\/01\/grants-2.png\" alt=\"\" width=\"135\" height=\"94\" data-id=\"12468\" data-init-width=\"272\" data-init-height=\"190\" data-width=\"135\" data-height=\"94\" \/><\/p>\n<p>Susipa\u017einkite su \u201eKintai Arts\u201c komanda ir vykdomomis veiklomis ir projektais.<\/p>\n<p><a href=\"https:\/\/kintaiarts.lt\/wp-content\/uploads\/2021\/12\/Group-1-2.svg\"><img loading=\"lazy\" decoding=\"async\" title=\"\" src=\"https:\/\/kintaiarts.lt\/wp-content\/uploads\/2021\/12\/Group-1-2.svg\" alt=\"\" width=\"45\" height=\"45\" data-id=\"12188\" data-init-width=\"2000\" data-init-height=\"2000\" data-width=\"45\" data-height=\"45\" data-link-wrap=\"true\" \/><\/a><\/p>\n<p><a style=\"outline: none;\" href=\"https:\/\/kintaiarts.lt\/\" data-tcb_hover_state_parent=\"\">Kintai Arts<\/a> \/ Apie mus<\/p>\n<h1>Apie mus<\/h1>\n<p>V\u0161\u012e \u201eKintai arts\u201c misija &#8211; aktualizuoti, vystyti ir tirti unikal\u0173 Pamario kra\u0161to material\u0173j\u012f ir nematerial\u0173j\u012f kult\u016bros bei gamtos paveld\u0105 bei puosel\u0117ti k\u016bryb\u0105, refleksij\u0105 ir id\u0117j\u0173 mainus \u0161iuolaikinio meno ir \u0161iuolaikin\u0117s muzikos sferose.<\/p>\n<p>Susisiek<\/p>\n<ul>\n<li><a style=\"outline: none;\" href=\"tel:+37068634006\" target=\"_blank\" rel=\"noopener\">+370 686 34 006<\/a><\/li>\n<li><a style=\"outline: none;\" href=\"mailto:info@kintaiarts.lt\" target=\"_blank\" rel=\"noopener\">info@kintaiarts.lt<\/a><\/li>\n<\/ul>\n<p>REZIDENCIJA IR RENGINI\u0172 ErDv\u0117<\/p>\n<ul>\n<li><a style=\"outline: none;\" href=\"https:\/\/goo.gl\/maps\/1dpabXPzf8o1w5H58\" target=\"_blank\" rel=\"noopener\">Kur\u0161i\u0173 g. 30, Kintai<\/a><\/li>\n<\/ul>\n<div id=\"flxmap-69f71a1e4366d\" class='flxmap-container' data-flxmap='flxmap_69f71a1e4366d' style=\"width:100%;height:440px;\"><\/div>\n<script data-noptimize=\"1\">\n\/* <![CDATA[ *\/\n(function(w, fn) {\n if (w.addEventListener) w.addEventListener(\"DOMContentLoaded\", fn, false);\n else if (w.attachEvent) w.attachEvent(\"onload\", fn);\n})(window, function() {\n var f = new FlexibleMap();\n f.mapTypeControl = false;\n f.fullscreen = false;\n f.setlocale(\"en-GB\");\n f.zoom = 15;\n f.showMarker(\"flxmap-69f71a1e4366d\", [55.418701993357686, 21.262474013186317], [55.418701993357686,21.262474013186317]);\n window.flxmap_69f71a1e4366d = f;\n});\n\/* ]]> *\/\n<\/script>\n\n<p><img loading=\"lazy\" decoding=\"async\" title=\"\" src=\"https:\/\/kintaiarts.lt\/wp-content\/uploads\/2021\/12\/rodykle-1.svg\" alt=\"\" width=\"40\" height=\"40\" data-id=\"11572\" data-init-width=\"2000\" data-init-height=\"2000\" data-width=\"40\" data-height=\"40\" \/><\/p>\n<h3>Kaip atvykti?<\/h3>\n<p><img loading=\"lazy\" decoding=\"async\" title=\"\" src=\"https:\/\/kintaiarts.lt\/wp-content\/uploads\/2021\/12\/rodykle-1.svg\" alt=\"\" width=\"40\" height=\"40\" data-id=\"11572\" data-init-width=\"2000\" data-init-height=\"2000\" data-width=\"40\" data-height=\"40\" \/><\/p>\n<h3>Kintai Arts istorija<\/h3>\n<p>Vie\u0161oji \u012fstaiga \u201eKintai Arts\u201c buvo perorganizuota i\u0161 individualios steig\u0117jos Audros Juode\u0161kien\u0117s \u012fmon\u0117s \u201eBrig\u0117\u201c, prad\u0117jusios savo veikl\u0105 dar 1992 metais.<\/p>\n<p>Reorganizacijai impuls\u0105 suteik\u0117 veikla, prad\u0117ta 2009 metais Kintuose, vykdant projekt\u0105 \u201eSporto, amat\u0173 ir aktyvaus laisvalaikio centro suk\u016brimas Kint\u0173 miestelyje\u201c kartu su s\u016bnumi Laurynu Juode\u0161ka, kurio id\u0117ja pakinkyti v\u0117j\u0105 Kur\u0161i\u0173 mariose virto Kint\u0173 Kait\u0173 Klubu, o prisilietimas prie etnografin\u0117s istorijos virto pripa\u017eintu paveldosauginink\u0173 V\u0117trungi\u0173 k\u016brimu ir gamyba. Mano , kaip V\u0161\u012e \u201e Kintai Arts\u201c steig\u0117jos stipryb\u0117 r\u0117m\u0117si \u012f didel\u0119 organizacin\u0119 patirt\u012f tarptautin\u0117se organizacijose, meil\u0119 savo kra\u0161tui ir neabejingum\u0105 menui bei muzikai.<\/p>\n<p>Veikla prasid\u0117jo glaud\u017eiu bendradarbiavimu su Kint\u0173 Vyd\u016bno Kult\u016bros Centru, kvie\u010diant kinti\u0161kius \u012f Klojimo Tearto spektaklius Senojoje Kimini\u0173 Sodyboje. Tai ir \u201eLietuvinink\u0173 vestuv\u0117s\u201c, ir Klojimo teatr\u0173 gastrol\u0117s i\u0161 Rusn\u0117s, \u0160aki\u0173, Aglon\u0117n\u0173. Kartu su miestelio bendruomene min\u0117jome ir Kalendorines \u2013religines \u0161ventes- Advento koncertai, Rudens lygiadienio, Derliaus \u0161vent\u0117s vykusios tiek Senojoje Kimini\u0173 Sodyboje, tiek ir Liuteron\u0173 \u2013evangelik\u0173 Ba\u017eny\u010diose. Glaud\u017eiai bendradarbiaujant su Liuteron\u0173-evangelik\u0173 bendruomene bei Kint\u0173 Vyd\u016bno Kult\u016bros Centru bei u\u017emezgus ry\u0161\u012f su NI&amp;Co ( Nauj\u0173j\u0173 Id\u0117j\u0173 Kameriniu Orkestru) bei jo vadovu ir kompozitoriumi Gediminu Gelgotu kilo id\u0117ja 2012 metais vykusi\u0105 Kint\u0173 Muzikos Savait\u0119 paversti Kint\u0173 Muzikos Festivaliu \u201eMari\u0173 Audra\u201c, kuris jau s\u0117kmingai gyvuoja ketvirt\u0105 sezon\u0105. Festivalis augo j\u012f supan\u010di\u0173 \u017emoni\u0173 d\u0117ka. 2013 metais gauta dovana \u2013 fortepionas , kur\u012f asmeni\u0161kai Festivaliui padovanojo gydytoja Dalia Pe\u010diukaitien\u0117 ir jos \u0161eima i\u0161 Vilniaus, \u012fpareigojo nenuleisti rank\u0173, organizuojant taip reikaling\u0105 profesionaliosios muzikos Festival\u012f regione, labai nutolusiame nuo centro.Pre\u0117jusiais metais tap\u0119s Tarptautiniu, Kint\u0173 muzikos festivalis tapo pripa\u017eintu.<\/p>\n<p><img loading=\"lazy\" decoding=\"async\" title=\"\" src=\"https:\/\/kintaiarts.lt\/wp-content\/uploads\/2021\/12\/rodykle-1.svg\" alt=\"\" width=\"40\" height=\"40\" data-id=\"11572\" data-init-width=\"2000\" data-init-height=\"2000\" data-width=\"40\" data-height=\"40\" \/><\/p>\n<h3>Kintai Arts komanda<\/h3>\n<p><img loading=\"lazy\" decoding=\"async\" title=\"\" src=\"https:\/\/kintaiarts.lt\/wp-content\/uploads\/2021\/12\/image-43.jpg\" alt=\"\" width=\"200\" height=\"249\" data-id=\"11968\" data-init-width=\"203\" data-init-height=\"253\" data-width=\"200\" data-height=\"249\" \/><\/p>\n<h4>Audra Juode\u0161kien\u0117<\/h4>\n<p>Direktor\u0117<\/p>\n<p><img loading=\"lazy\" decoding=\"async\" title=\"\" src=\"https:\/\/kintaiarts.lt\/wp-content\/uploads\/2021\/12\/Ugne2_2-1.jpg\" alt=\"\" width=\"200\" height=\"249\" data-id=\"11970\" data-init-width=\"203\" data-init-height=\"253\" data-width=\"200\" data-height=\"249\" \/><\/p>\n<h4>Ugn\u0117 Vyliaudait\u0117<\/h4>\n<p>Rezidencij\u0173 kurator\u0117<\/p>\n<p><a href=\"https:\/\/kintaiarts.lt\/wp-content\/uploads\/2021\/12\/Group-1-2.svg\"><img loading=\"lazy\" decoding=\"async\" title=\"\" src=\"https:\/\/kintaiarts.lt\/wp-content\/uploads\/2021\/12\/Group-1-2.svg\" alt=\"\" width=\"45\" height=\"44\" data-id=\"12188\" data-init-width=\"2000\" data-init-height=\"2000\" data-width=\"45\" data-height=\"44\" data-link-wrap=\"true\" \/><\/a><\/p>\n<h1>PROJEKTAI<\/h1>\n<p>KintaiArts laim\u0117ti ir vykdomi projektai.<\/p>\n<div class=\"kintaiarts-kategorijos-wrapper\"><div value=\"reset\" class=\"kintaiarts-buttons__button kintaiarts-buttons__button--active\">Aktyv\u016bs projektai<\/div><div value=\"igyvendinti-projektai\" class=\"kintaiarts-buttons__button\">\u012egyvendinti projektai<\/div><\/div>\n<span class=\"kintaiarts-year\">2021<\/span> 12.24\n<h3><span data-attr-link=\"0\" data-attr-rel=\"0\" data-attr-target=\"0\" data-extra_key=\"\" data-option-inline=\"1\" data-shortcode=\"tcb_post_title\" data-shortcode-name=\"Post title\">Projektas Kult\u016bros sk\u016bn\u0117<\/span><\/h3>\n<p>Finansuoja: Europos Ekonomin\u0117s erdv\u0117s finansiniai mechanizmai.<\/p>\n<p><a href=\"https:\/\/kintaiarts.lt\/apie-mus\/projektas-kulturos-skune\/#more-11860\">[&#8230;]<\/a><a title=\"Projektas Kult\u016bros sk\u016bn\u0117\" data-type-url=\"none\" data-type-display=\"nothing\" data-size=\"thumbnail\" data-post_id=\"11860\"><img loading=\"lazy\" decoding=\"async\" src=\"https:\/\/kintaiarts.lt\/wp-content\/uploads\/2022\/01\/JMF01736-415x250.jpg\" sizes=\"auto, (max-width: 415px) 100vw, 415px\" srcset=\"https:\/\/kintaiarts.lt\/wp-content\/uploads\/2022\/01\/JMF01736-415x250.jpg 415w, https:\/\/kintaiarts.lt\/wp-content\/uploads\/2022\/01\/JMF01736-18x12.jpg 18w\" alt=\"\" width=\"415\" height=\"250\" \/><\/a><\/p>\n<span class=\"kintaiarts-year\">2021<\/span> 12.24\n<h3><span data-attr-link=\"0\" data-attr-rel=\"0\" data-attr-target=\"0\" data-extra_key=\"\" data-option-inline=\"1\" data-shortcode=\"tcb_post_title\" data-shortcode-name=\"Post title\">Projektas \u201eBendras Kur\u0161i\u0173 mari\u0173 paveldas: nuo nepaprasto iki pa\u017e\u012fstamo\u201c<\/span><\/h3>\n<p>Fini\u0161uoja projektas \u201eBendras Kur\u0161i\u0173 mari\u0173 paveldas: nuo nepaprasto iki pa\u017e\u012fstamo\u201c<\/p>\n<p><a href=\"https:\/\/kintaiarts.lt\/apie-mus\/projektas-intereg\/#more-11975\">[&#8230;]<\/a><a title=\"Projektas \u201eBendras Kur\u0161i\u0173 mari\u0173 paveldas: nuo nepaprasto iki pa\u017e\u012fstamo\u201c\" data-type-url=\"none\" data-type-display=\"nothing\" data-size=\"thumbnail\" data-post_id=\"11975\"><img loading=\"lazy\" decoding=\"async\" src=\"https:\/\/kintaiarts.lt\/wp-content\/uploads\/2021\/12\/IMG_7856-1-415x250.jpg\" sizes=\"auto, (max-width: 415px) 100vw, 415px\" srcset=\"https:\/\/kintaiarts.lt\/wp-content\/uploads\/2021\/12\/IMG_7856-1-415x250.jpg 415w, https:\/\/kintaiarts.lt\/wp-content\/uploads\/2021\/12\/IMG_7856-1-18x12.jpg 18w\" alt=\"\" width=\"415\" height=\"250\" \/><\/a><\/p>\n","protected":false},"excerpt":{"rendered":"<p>Apie mus Susipa\u017einkite su \u201eKintai Arts\u201c komanda ir vykdomomis veiklomis ir projektais. [&hellip;]<\/p>\n","protected":false},"author":1,"featured_media":12434,"parent":0,"menu_order":0,"comment_status":"closed","ping_status":"closed","template":"","meta":{"footnotes":""},"class_list":["post-11944","page","type-page","status-publish","has-post-thumbnail","hentry","post-wrapper","thrv_wrapper"],"_links":{"self":[{"href":"https:\/\/kintaiarts.lt\/en\/wp-json\/wp\/v2\/pages\/11944","targetHints":{"allow":["GET"]}}],"collection":[{"href":"https:\/\/kintaiarts.lt\/en\/wp-json\/wp\/v2\/pages"}],"about":[{"href":"https:\/\/kintaiarts.lt\/en\/wp-json\/wp\/v2\/types\/page"}],"author":[{"embeddable":true,"href":"https:\/\/kintaiarts.lt\/en\/wp-json\/wp\/v2\/users\/1"}],"replies":[{"embeddable":true,"href":"https:\/\/kintaiarts.lt\/en\/wp-json\/wp\/v2\/comments?post=11944"}],"version-history":[{"count":5,"href":"https:\/\/kintaiarts.lt\/en\/wp-json\/wp\/v2\/pages\/11944\/revisions"}],"predecessor-version":[{"id":14311,"href":"https:\/\/kintaiarts.lt\/en\/wp-json\/wp\/v2\/pages\/11944\/revisions\/14311"}],"wp:featuredmedia":[{"embeddable":true,"href":"https:\/\/kintaiarts.lt\/en\/wp-json\/wp\/v2\/media\/12434"}],"wp:attachment":[{"href":"https:\/\/kintaiarts.lt\/en\/wp-json\/wp\/v2\/media?parent=11944"}],"curies":[{"name":"wp","href":"https:\/\/api.w.org\/{rel}","templated":true}]}}