{"id":11580,"date":"2021-12-08T02:52:50","date_gmt":"2021-12-08T00:52:50","guid":{"rendered":"https:\/\/kintaiarts.lt\/clone-of-rezidencijos-programos\/"},"modified":"2025-05-31T14:59:59","modified_gmt":"2025-05-31T11:59:59","slug":"edukacija","status":"publish","type":"page","link":"https:\/\/kintaiarts.lt\/en\/edukacija\/","title":{"rendered":"Crafts center"},"content":{"rendered":"<p style=\"\">amat\u0173 centras<\/p>\n<p style=\"\"><div id=\"kintaiarts-rodykle\"><div><img loading=\"lazy\" decoding=\"async\" src=\"https:\/\/kintaiarts.lt\/wp-content\/uploads\/2021\/12\/navigacija-1.svg\" alt=\"\" width=\"45\" height=\"45\"><\/div><\/div><\/p>\n<p style=\"\">Amat\u0173 centras &#8211; dirbtuv\u0117s, edukacijos ir renginiai skirti susipa\u017einti su tradiciniais Pamario regiono amatais bei \u0161io kra\u0161to istoriniu ir kult\u016briniu paveldu.<\/p>\n<div id=\"my-keen-slider\" class=\"keen-slider\"><div class=\"slider-arrow prev\"><\/div><img loading=\"lazy\" decoding=\"async\" width=\"375\" height=\"500\" src=\"https:\/\/kintaiarts.lt\/wp-content\/uploads\/2021\/12\/IMG_4563-2.jpg\" class=\"keen-slider__slide\" alt=\"\" srcset=\"https:\/\/kintaiarts.lt\/wp-content\/uploads\/2021\/12\/IMG_4563-2.jpg 375w, https:\/\/kintaiarts.lt\/wp-content\/uploads\/2021\/12\/IMG_4563-2-9x12.jpg 9w\" sizes=\"auto, (max-width: 375px) 100vw, 375px\" \/><img loading=\"lazy\" decoding=\"async\" width=\"2560\" height=\"1707\" src=\"https:\/\/kintaiarts.lt\/wp-content\/uploads\/2024\/07\/DSC01630-scaled.jpg\" class=\"keen-slider__slide\" alt=\"\" srcset=\"https:\/\/kintaiarts.lt\/wp-content\/uploads\/2024\/07\/DSC01630-scaled.jpg 2560w, https:\/\/kintaiarts.lt\/wp-content\/uploads\/2024\/07\/DSC01630-1200x800.jpg 1200w, https:\/\/kintaiarts.lt\/wp-content\/uploads\/2024\/07\/DSC01630-1920x1280.jpg 1920w, https:\/\/kintaiarts.lt\/wp-content\/uploads\/2024\/07\/DSC01630-768x512.jpg 768w, https:\/\/kintaiarts.lt\/wp-content\/uploads\/2024\/07\/DSC01630-1536x1024.jpg 1536w, https:\/\/kintaiarts.lt\/wp-content\/uploads\/2024\/07\/DSC01630-2048x1365.jpg 2048w, https:\/\/kintaiarts.lt\/wp-content\/uploads\/2024\/07\/DSC01630-18x12.jpg 18w, https:\/\/kintaiarts.lt\/wp-content\/uploads\/2024\/07\/DSC01630-520x347.jpg 520w\" sizes=\"auto, (max-width: 2560px) 100vw, 2560px\" \/><img loading=\"lazy\" decoding=\"async\" width=\"375\" height=\"500\" src=\"https:\/\/kintaiarts.lt\/wp-content\/uploads\/2021\/12\/IMG_1326-2-2.jpg\" class=\"keen-slider__slide\" alt=\"\" srcset=\"https:\/\/kintaiarts.lt\/wp-content\/uploads\/2021\/12\/IMG_1326-2-2.jpg 375w, https:\/\/kintaiarts.lt\/wp-content\/uploads\/2021\/12\/IMG_1326-2-2-9x12.jpg 9w\" sizes=\"auto, (max-width: 375px) 100vw, 375px\" \/><img loading=\"lazy\" decoding=\"async\" width=\"667\" height=\"500\" src=\"https:\/\/kintaiarts.lt\/wp-content\/uploads\/2021\/12\/IMG_1330-1.jpg\" class=\"keen-slider__slide\" alt=\"\" srcset=\"https:\/\/kintaiarts.lt\/wp-content\/uploads\/2021\/12\/IMG_1330-1.jpg 667w, https:\/\/kintaiarts.lt\/wp-content\/uploads\/2021\/12\/IMG_1330-1-16x12.jpg 16w, https:\/\/kintaiarts.lt\/wp-content\/uploads\/2021\/12\/IMG_1330-1-520x390.jpg 520w\" sizes=\"auto, (max-width: 667px) 100vw, 667px\" \/><div class=\"slider-arrow next\"><\/div><\/div>\n<p><span><img decoding=\"async\" alt=\"\" data-id=\"12176\" width=\"45\" data-init-width=\"2000\" height=\"45\" data-init-height=\"2000\" title=\"\" src=\"https:\/\/kintaiarts.lt\/wp-content\/uploads\/2021\/12\/Group-1-1.svg\" data-width=\"45\" data-height=\"45\" style=\"aspect-ratio: auto 2000 \/ 2000;\" data-link-wrap=\"true\" loading=\"lazy\"><\/span><\/p>\n<p style=\"\"><a href=\"https:\/\/kintaiarts.lt\/\" style=\"outline: none;\" data-tcb_hover_state_parent=\"\">Kintai Arts<\/a> \/ Amat\u0173 centras<\/p>\n<h1>amat\u0173 centras<\/h1>\n<p style=\"\">\u201eAmat\u0173 centras\u201d &#8211; tai V\u0161\u012e \u201eKintai Arts\u201d kuruojama platforma, skirta k\u016brybin\u0117ms dirbtuv\u0117ms, renginiams, bei edukacijoms apie Pamario kra\u0161to paveld\u0105. \u0160i\u0173 veikl\u0173 tikslas &#8211; didinti s\u0105moningum\u0105 apie vietos kult\u016brinius i\u0161teklius, informuojant apie kra\u0161to istorij\u0105 bei jos teikiamas turizmo, kult\u016bros, verslumo ir edukacijos galimybes. Amat\u0173 centras si\u016blo susipa\u017einti su tradiciniais vietos amatais, tokiais kaip senovini\u0173 laiv\u0173 statyba, tradicini\u0173 v\u0117trungi\u0173 ir keramikos dirbini\u0173 gamyba. Dirbtuv\u0117se, profesionali\u0173 amatinink\u0173 pagalba, unikali\u0173 \u017eini\u0173 ir praktin\u0117s patirties gal\u0117s \u012fgyti tiek vaikai ir suaugusieji, tiek vietos gyventojai bei Kintus lankantys sve\u010diai.<\/p>\n<p><span><img decoding=\"async\" alt=\"\" data-id=\"11572\" width=\"40\" data-init-width=\"2000\" height=\"40\" data-init-height=\"2000\" title=\"\" src=\"https:\/\/kintaiarts.lt\/wp-content\/uploads\/2021\/12\/rodykle-1.svg\" data-width=\"40\" data-height=\"40\" style=\"aspect-ratio: auto 2000 \/ 2000;\" loading=\"lazy\"><\/span><\/p>\n<h3 style=\"\">Amat\u0173 centro organizuojamos edukacijos<\/h3>\n<p>\u201eAmat\u0173 centras\u201d si\u016blo edukacines programas, atviras vis\u0173 am\u017eiaus grupi\u0173 asmenims:<\/p>\n<p>&#8211; Tradicini\u0173 v\u0117trungi\u0173 gamybos k\u016brybin\u0117s dirbtuv\u0117s- Keramikos dirbini\u0173 k\u016brybin\u0117s dirbtuv\u0117s- Istorin\u0117s valties statybos edukacija- Maisto edukacija<\/p>\n<p><span><img decoding=\"async\" alt=\"\" data-id=\"11572\" width=\"40\" data-init-width=\"2000\" height=\"40\" data-init-height=\"2000\" title=\"\" src=\"https:\/\/kintaiarts.lt\/wp-content\/uploads\/2021\/12\/rodykle-1.svg\" data-width=\"40\" data-height=\"40\" style=\"aspect-ratio: auto 2000 \/ 2000;\" loading=\"lazy\"><\/span><\/p>\n<h3 style=\"\">Kult\u016br\u0117s Sk\u016bn\u0117s Turgelis<\/h3>\n<p style=\"\">Virtualus \u201eKult\u016bros Sk\u016bn\u0117s&#8221; turgelis kvie\u010dia \u012fsigyti vietos amatinink\u0173 dirbinius, meno k\u016brinius bei dalyvauti kult\u016brinio verslumo mokymuose ir edukacij\u0173 programose<\/p>\n<p><span><img decoding=\"async\" alt=\"\" data-id=\"12176\" width=\"45\" data-init-width=\"2000\" height=\"43\" data-init-height=\"2000\" title=\"\" src=\"https:\/\/kintaiarts.lt\/wp-content\/uploads\/2021\/12\/Group-1-1.svg\" data-width=\"45\" data-height=\"43\" style=\"aspect-ratio: auto 2000 \/ 2000;\" loading=\"lazy\"><\/span><\/p>\n<h1>eduka\u00adcijos<\/h1>\n<p style=\"\">Registruotis galima el.pa\u0161tu egle<a href=\"mailto:info@kintaiarts.lt\" target=\"_blank\" style=\"outline: none;\">@kintaiarts.lt<\/a> ir telefonu <a href=\"tel:+37068634006\" target=\"_blank\" style=\"outline: none;\">+370 <span style=\"font-weight: normal;\"><b>652 99211<\/b><\/span><\/a><\/p>\n<h3 style=\"\"><span data-attr-link=\"0\" data-attr-rel=\"0\" data-attr-target=\"0\" data-extra_key=\"\" data-option-inline=\"1\" data-shortcode=\"tcb_post_title\" data-shortcode-name=\"Post title\">V\u0117trungi\u0173 gamybos edukacijos<\/span><\/h3>\n<p>Kintai organizuoja dviej\u0173 tip\u0173 v\u0117trungi\u0173 edukacijas: <\/p>\n<p>1. TRADICINI\u0172 V\u0116TRUNGI\u0172 EDUKACIJOS2. SUVENYRINI\u0172 V\u0116TRUNGI\u0172 EDUKACIJOS <\/p>\n<p><a href=\"https:\/\/kintaiarts.lt\/edukacija\/tradiciniu-vetrungiu-gamyba\/#more-11623\">[&#8230;]<\/a><a href=\"https:\/\/kintaiarts.lt\/edukacija\/tradiciniu-vetrungiu-gamyba\/\" style=\"\" rel=\"\"><span style=\"\"><span style=\"\">Daugiau<\/span><\/span><\/a><a title=\"V\u0117trungi\u0173 gamybos edukacijos\" data-type-url=\"none\" data-type-display=\"nothing\" data-size=\"thumbnail\" data-post_id=\"11623\"><img width=\"415\" height=\"250\" src=\"https:\/\/kintaiarts.lt\/wp-content\/uploads\/2021\/12\/lrt-33645-495465-756x425-1-415x250.jpg\" alt=\"\" decoding=\"async\" loading=\"lazy\" \/><\/a><\/p>\n<h3 style=\"\"><span data-attr-link=\"0\" data-attr-rel=\"0\" data-attr-target=\"0\" data-extra_key=\"\" data-option-inline=\"1\" data-shortcode=\"tcb_post_title\" data-shortcode-name=\"Post title\">Keramikos dirbtuv\u0117s<\/span><\/h3>\n<p>Kintai Arts rezidencijos Amat\u0173 centras si\u016blo:<\/p>\n<p>1. GRUPINIUS KERAMIKOS U\u017dSI\u0116MIMUS2. KERAMIKOS DIRTUVI\u0172 ABONEMENT\u01043. KROSENIES DEGIMO PASLAUGAS<\/p>\n<p><a href=\"https:\/\/kintaiarts.lt\/edukacija\/keramikos-dirbiniu-kurybines-dirbtuves\/#more-12354\">[&#8230;]<\/a><a href=\"https:\/\/kintaiarts.lt\/edukacija\/keramikos-dirbiniu-kurybines-dirbtuves\/\" style=\"\" rel=\"\"><span style=\"\"><span style=\"\">Daugiau<\/span><\/span><\/a><a title=\"Keramikos dirbtuv\u0117s\" data-type-url=\"none\" data-type-display=\"nothing\" data-size=\"thumbnail\" data-post_id=\"12354\"><img width=\"415\" height=\"250\" src=\"https:\/\/kintaiarts.lt\/wp-content\/uploads\/2021\/12\/IMG_4956-7-415x250.jpg\" alt=\"\" decoding=\"async\" loading=\"lazy\" \/><\/a><\/p>\n<h3 style=\"\"><span data-attr-link=\"0\" data-attr-rel=\"0\" data-attr-target=\"0\" data-extra_key=\"\" data-option-inline=\"1\" data-shortcode=\"tcb_post_title\" data-shortcode-name=\"Post title\">Plaukimas istoriniu laivu<\/span><\/h3>\n<p>Plaukimas apie 2 val. Kur\u0161i\u0173 mariomis &#8211; 250 Eur<\/p>\n<p><a href=\"https:\/\/kintaiarts.lt\/edukacija\/istoriniai-laivai\/#more-12046\">[&#8230;]<\/a><a href=\"https:\/\/kintaiarts.lt\/edukacija\/istoriniai-laivai\/\" style=\"\" rel=\"\"><span style=\"\"><span style=\"\">Daugiau<\/span><\/span><\/a><a title=\"Plaukimas istoriniu laivu\" data-type-url=\"none\" data-type-display=\"nothing\" data-size=\"thumbnail\" data-post_id=\"12046\"><img width=\"415\" height=\"250\" src=\"https:\/\/kintaiarts.lt\/wp-content\/uploads\/2021\/12\/IMG_1013-1-415x250.jpg\" alt=\"\" decoding=\"async\" loading=\"lazy\" \/><\/a><\/p>\n<h3 style=\"\"><span data-attr-link=\"0\" data-attr-rel=\"0\" data-attr-target=\"0\" data-extra_key=\"\" data-option-inline=\"1\" data-shortcode=\"tcb_post_title\" data-shortcode-name=\"Post title\">Maisto edukacija<\/span><\/h3>\n<p>\u0160iuo metu nevyksta.<\/p>\n<p><a href=\"https:\/\/kintaiarts.lt\/edukacija\/maisto-edukacija-siuo-metu-nevyksta\/#more-12361\">[&#8230;]<\/a><a href=\"https:\/\/kintaiarts.lt\/edukacija\/maisto-edukacija-siuo-metu-nevyksta\/\" style=\"\" rel=\"\"><span style=\"\"><span style=\"\">Daugiau<\/span><\/span><\/a><a title=\"Maisto edukacija\" data-type-url=\"none\" data-type-display=\"nothing\" data-size=\"thumbnail\" data-post_id=\"12361\"><img width=\"415\" height=\"250\" src=\"https:\/\/kintaiarts.lt\/wp-content\/uploads\/2021\/12\/lrt-33645-495465-756x425-10-415x250.jpg\" alt=\"\" decoding=\"async\" loading=\"lazy\" \/><\/a><span><img decoding=\"async\" alt=\"\" data-id=\"13658\" width=\"270\" data-init-width=\"4253\" height=\"57\" data-init-height=\"891\" title=\"LT Finansuoja Europos Sa\u0328junga_POS\" src=\"https:\/\/kintaiarts.lt\/wp-content\/uploads\/2023\/03\/LT-Finansuoja-Europos-Sajunga_POS.png\" data-width=\"270\" data-height=\"57\" style=\"aspect-ratio: auto 4253 \/ 891;\" loading=\"lazy\"><\/span><\/p>\n<p style=\"\">\u201eAmat\u0173 centras\u201d \u012fsteigtas projekto \u201eBendras Kur\u0161i\u0173 mari\u0173 paveldas: nuo nepaprasto iki pa\u017e\u012fstamo&#8221;, finansuojamo Europos S\u0105jungos ir tarpsieninio bendradarbiavimo l\u0117\u0161omis.<\/p>\n<p><span><img decoding=\"async\" alt=\"\" data-id=\"12468\" width=\"135\" data-init-width=\"272\" height=\"95\" data-init-height=\"190\" title=\"\" src=\"https:\/\/kintaiarts.lt\/wp-content\/uploads\/2022\/01\/grants-2.png\" data-width=\"135\" data-height=\"95\" style=\"aspect-ratio: auto 272 \/ 190;\" loading=\"lazy\"><\/span><\/p>\n<p style=\"\">\u201eKult\u016bros Sk\u016bn\u0117s\u201c projektas \u012fgyvendintas Europos ekonomin\u0117s erdv\u0117s finansinio mechanizmo l\u0117\u0161omis.<\/p>\n","protected":false},"excerpt":{"rendered":"<p>amat\u0173 centras Amat\u0173 centras &#8211; dirbtuv\u0117s, edukacijos ir renginiai skirti susipa\u017einti su [&hellip;]<\/p>\n","protected":false},"author":1,"featured_media":11593,"parent":0,"menu_order":0,"comment_status":"closed","ping_status":"closed","template":"","meta":{"footnotes":""},"class_list":["post-11580","page","type-page","status-publish","has-post-thumbnail","hentry","post-wrapper","thrv_wrapper"],"_links":{"self":[{"href":"https:\/\/kintaiarts.lt\/en\/wp-json\/wp\/v2\/pages\/11580","targetHints":{"allow":["GET"]}}],"collection":[{"href":"https:\/\/kintaiarts.lt\/en\/wp-json\/wp\/v2\/pages"}],"about":[{"href":"https:\/\/kintaiarts.lt\/en\/wp-json\/wp\/v2\/types\/page"}],"author":[{"embeddable":true,"href":"https:\/\/kintaiarts.lt\/en\/wp-json\/wp\/v2\/users\/1"}],"replies":[{"embeddable":true,"href":"https:\/\/kintaiarts.lt\/en\/wp-json\/wp\/v2\/comments?post=11580"}],"version-history":[{"count":5,"href":"https:\/\/kintaiarts.lt\/en\/wp-json\/wp\/v2\/pages\/11580\/revisions"}],"predecessor-version":[{"id":15454,"href":"https:\/\/kintaiarts.lt\/en\/wp-json\/wp\/v2\/pages\/11580\/revisions\/15454"}],"wp:featuredmedia":[{"embeddable":true,"href":"https:\/\/kintaiarts.lt\/en\/wp-json\/wp\/v2\/media\/11593"}],"wp:attachment":[{"href":"https:\/\/kintaiarts.lt\/en\/wp-json\/wp\/v2\/media?parent=11580"}],"curies":[{"name":"wp","href":"https:\/\/api.w.org\/{rel}","templated":true}]}}