{"id":110,"date":"2021-12-02T20:39:07","date_gmt":"2021-12-02T18:39:07","guid":{"rendered":"https:\/\/kintaiarts.lt\/?page_id=110"},"modified":"2026-03-17T11:47:37","modified_gmt":"2026-03-17T09:47:37","slug":"titulinis","status":"publish","type":"page","link":"https:\/\/kintaiarts.lt\/en\/","title":{"rendered":"Titulinis"},"content":{"rendered":"<p style=\"\">REZIDENCIJA<\/p>\n<p style=\"\"><div id=\"kintaiarts-rodykle\"><div><img loading=\"lazy\" decoding=\"async\" src=\"https:\/\/kintaiarts.lt\/wp-content\/uploads\/2021\/12\/navigacija-1.svg\" alt=\"\" width=\"45\" height=\"45\"><\/div><\/div><\/p>\n<p style=\"\">Kintai Arts yra meno, rezidencij\u0173, amat\u0173 ir edukacijos sferose veikianti ne pelno siekianti organizacija, \u012fsik\u016brusi Kintuose nuo 2009 met\u0173.<\/p>\n<p><span><img decoding=\"async\" alt=\"\" data-id=\"12177\" width=\"45\" data-init-width=\"2000\" height=\"45\" data-init-height=\"2000\" title=\"\" src=\"https:\/\/kintaiarts.lt\/wp-content\/uploads\/2021\/12\/Group.svg\" data-width=\"45\" data-height=\"45\" style=\"aspect-ratio: auto 2000 \/ 2000;\" loading=\"lazy\"><\/span><\/p>\n<h1>Kintai Arts<\/h1>\n<p style=\"\">Meno rezidencija. Amat\u0173 centras. Vieta aktyviam poilsiui.<\/p>\n<p>V\u0161\u012e \u201eKintai arts\u201c misija \u2013 aktualizuoti, vystyti ir tirti unikal\u0173 Pamario kra\u0161to material\u0173j\u012f ir nematerial\u0173j\u012f kult\u016bros bei gamtos paveld\u0105 bei puosel\u0117ti k\u016bryb\u0105, refleksij\u0105 ir id\u0117j\u0173 mainus \u0161iuolaikinio meno ir \u0161iuolaikin\u0117s muzikos sferose.<\/p>\n<p>Kaip tarptautin\u0117 <a href=\"https:\/\/kintaiarts.lt\/atviri-kvietimai\/\" style=\"outline: none;\">meno rezidencija<\/a>, Kintai Arts siekia vystyti tarpdisciplinin\u0119 meno praktik\u0105 bei \u017eini\u0173 ir id\u0117j\u0173 mainus meno ir mokslo, gamtos ir ekologijos srityse bei bendruomeni\u0161kumo ir visuomenei aktuali\u0173 tem\u0173 vystyme.&nbsp;<\/p>\n<p>Kaip <a href=\"https:\/\/kintaiarts.lt\/edukacija\/\" style=\"outline: none;\">amat\u0173 centras<\/a>, Kintai Arts organizuoja unikalias kra\u0161to tradicijas ir kult\u016brin\u012f paveld\u0105 puosel\u0117jan\u010dias edukacijas ir dirbtuves. <\/p>\n<p>Kintai Arts kvie\u010dia <a href=\"https:\/\/kintaiarts.lt\/apsilankyk-kintuose\/apsistok-kintu-rezidencijoje\/\" style=\"outline: none;\">apsistoti Kintuose<\/a> bei si\u016blo <a href=\"https:\/\/kintaiarts.lt\/apsilankyk-kintuose\/\" style=\"outline: none;\">ekskursijas<\/a> susipa\u017einimui su regiono gamta.&nbsp;<\/p>\n<p><span><img decoding=\"async\" alt=\"\" data-id=\"12178\" width=\"45\" data-init-width=\"2000\" height=\"44\" data-init-height=\"2000\" title=\"\" src=\"https:\/\/kintaiarts.lt\/wp-content\/uploads\/2021\/12\/Group-286.svg\" data-width=\"45\" data-height=\"44\" style=\"aspect-ratio: auto 2000 \/ 2000;\" loading=\"lazy\"><\/span><\/p>\n<h1>Naujienos<\/h1>\n<p><span data-shortcode=\"tcb_post_published_date\" data-shortcode-name=\"Post date\" data-extra_key=\"\" data-attr-type=\"published\" data-attr-date-format-select=\"custom\" data-attr-date-format=\"Y\" data-attr-show-time=\"0\" data-attr-time-format-select=\"g:i a\" data-attr-time-format=\"\" data-attr-link=\"0\" data-attr-target=\"1\" data-attr-rel=\"0\" data-option-inline=\"1\" style=\"\">2026 <\/span><span data-attr-date-format=\"m.d\" data-attr-date-format-select=\"custom\" data-attr-link=\"0\" data-attr-rel=\"0\" data-attr-show-time=\"0\" data-attr-target=\"1\" data-attr-time-format=\"\" data-attr-time-format-select=\"g:i a\" data-attr-type=\"published\" data-extra_key=\"\" data-option-inline=\"1\" data-shortcode=\"tcb_post_published_date\" data-shortcode-name=\"Post date\" style=\"\">02.17 <\/span><\/p>\n<p style=\"\"><span data-attr-link=\"0\" data-attr-rel=\"0\" data-attr-target=\"0\" data-extra_key=\"\" data-option-inline=\"1\" data-shortcode=\"tcb_post_categories\" data-shortcode-name=\"List of categories\" style=\"\">Atviri kvietimai, Naujienos, Rezidencija, Temin\u0117 rezidencija<\/span><\/p>\n<h3 style=\"\"><span data-attr-link=\"0\" data-attr-rel=\"0\" data-attr-target=\"0\" data-extra_key=\"\" data-option-inline=\"1\" data-shortcode=\"tcb_post_title\" data-shortcode-name=\"Post title\">KVIETIMAS TEIKTI PARAI\u0160KAS | \u201ePeiza\u017eo formacijos. Pakel\u0117s\u201c.<\/span><\/h3>\n<p>Kvie\u010diame menininkus.es dirban\u010dius vizualaus meno srityje teikti parai\u0161kas iki kovo 20 d. <\/p>\n<p><a href=\"https:\/\/kintaiarts.lt\/naujienos\/kvietimas-teikti-paraiskas-peizazo-formacijos-pakeles\/#more-16028\">[&#8230;]<\/a><a title=\"KVIETIMAS TEIKTI PARAI\u0160KAS | \u201ePeiza\u017eo formacijos. Pakel\u0117s\u201c.\" data-type-url=\"none\" data-type-display=\"nothing\" data-size=\"thumbnail\" data-post_id=\"16028\"><img width=\"415\" height=\"250\" src=\"https:\/\/kintaiarts.lt\/wp-content\/uploads\/2026\/02\/new-version_website_formations-415x250.jpg\" alt=\"\" decoding=\"async\" loading=\"lazy\" srcset=\"https:\/\/kintaiarts.lt\/wp-content\/uploads\/2026\/02\/new-version_website_formations-415x250.jpg 415w, https:\/\/kintaiarts.lt\/wp-content\/uploads\/2026\/02\/new-version_website_formations-18x10.jpg 18w\" sizes=\"auto, (max-width: 415px) 100vw, 415px\" \/><\/a><span data-shortcode=\"tcb_post_published_date\" data-shortcode-name=\"Post date\" data-extra_key=\"\" data-attr-type=\"published\" data-attr-date-format-select=\"custom\" data-attr-date-format=\"Y\" data-attr-show-time=\"0\" data-attr-time-format-select=\"g:i a\" data-attr-time-format=\"\" data-attr-link=\"0\" data-attr-target=\"1\" data-attr-rel=\"0\" data-option-inline=\"1\" style=\"\">2026 <\/span><span data-attr-date-format=\"m.d\" data-attr-date-format-select=\"custom\" data-attr-link=\"0\" data-attr-rel=\"0\" data-attr-show-time=\"0\" data-attr-target=\"1\" data-attr-time-format=\"\" data-attr-time-format-select=\"g:i a\" data-attr-type=\"published\" data-extra_key=\"\" data-option-inline=\"1\" data-shortcode=\"tcb_post_published_date\" data-shortcode-name=\"Post date\" style=\"\">01.15 <\/span><\/p>\n<p style=\"\"><span data-attr-link=\"0\" data-attr-rel=\"0\" data-attr-target=\"0\" data-extra_key=\"\" data-option-inline=\"1\" data-shortcode=\"tcb_post_categories\" data-shortcode-name=\"List of categories\" style=\"\">Atviri kvietimai, Temin\u0117 rezidencija<\/span><\/p>\n<h3 style=\"\"><span data-attr-link=\"0\" data-attr-rel=\"0\" data-attr-target=\"0\" data-extra_key=\"\" data-option-inline=\"1\" data-shortcode=\"tcb_post_title\" data-shortcode-name=\"Post title\">Open call for the residency &#8216;Kintai.Kitaip&#8217; \/ experimental sound practices &#038; sound art<\/span><\/h3>\n<p>Sound artists from the Baltic states or those based in the region are invited to apply for a two-week residency in Kintai, Lithuania, running from June 8\u201323, 2026.<\/p>\n<p><a href=\"https:\/\/kintaiarts.lt\/naujienos\/open-call-residency-kintai-kitaip-2026\/#more-15929\">[&#8230;]<\/a><a title=\"Open call for the residency &#8216;Kintai.Kitaip&#8217; \/ experimental sound practices &#038; sound art\" data-type-url=\"none\" data-type-display=\"nothing\" data-size=\"thumbnail\" data-post_id=\"15929\"><img width=\"415\" height=\"250\" src=\"https:\/\/kintaiarts.lt\/wp-content\/uploads\/2026\/01\/landscape-post-415x250.jpg\" alt=\"\" decoding=\"async\" loading=\"lazy\" srcset=\"https:\/\/kintaiarts.lt\/wp-content\/uploads\/2026\/01\/landscape-post-415x250.jpg 415w, https:\/\/kintaiarts.lt\/wp-content\/uploads\/2026\/01\/landscape-post-18x10.jpg 18w\" sizes=\"auto, (max-width: 415px) 100vw, 415px\" \/><\/a><span data-shortcode=\"tcb_post_published_date\" data-shortcode-name=\"Post date\" data-extra_key=\"\" data-attr-type=\"published\" data-attr-date-format-select=\"custom\" data-attr-date-format=\"Y\" data-attr-show-time=\"0\" data-attr-time-format-select=\"g:i a\" data-attr-time-format=\"\" data-attr-link=\"0\" data-attr-target=\"1\" data-attr-rel=\"0\" data-option-inline=\"1\" style=\"\">2025 <\/span><span data-attr-date-format=\"m.d\" data-attr-date-format-select=\"custom\" data-attr-link=\"0\" data-attr-rel=\"0\" data-attr-show-time=\"0\" data-attr-target=\"1\" data-attr-time-format=\"\" data-attr-time-format-select=\"g:i a\" data-attr-type=\"published\" data-extra_key=\"\" data-option-inline=\"1\" data-shortcode=\"tcb_post_published_date\" data-shortcode-name=\"Post date\" style=\"\">12.17 <\/span><\/p>\n<p style=\"\"><span data-attr-link=\"0\" data-attr-rel=\"0\" data-attr-target=\"0\" data-extra_key=\"\" data-option-inline=\"1\" data-shortcode=\"tcb_post_categories\" data-shortcode-name=\"List of categories\" style=\"\"><\/span><\/p>\n<h3 style=\"\"><span data-attr-link=\"0\" data-attr-rel=\"0\" data-attr-target=\"0\" data-extra_key=\"\" data-option-inline=\"1\" data-shortcode=\"tcb_post_title\" data-shortcode-name=\"Post title\">\u017e\ud835\uddc2\ud835\uddbe\ud835\uddc6\ud835\uddc8\ud835\uddcc \ud835\uddcb\ud835\uddbe\ud835\uddd3\ud835\uddc2\ud835\uddbd\ud835\uddbe\ud835\uddc7\ud835\uddbc\ud835\uddc2\ud835\uddc3\ud835\uddba \ud835\uddaa\ud835\uddc2\ud835\uddc7\ud835\uddcd\ud835\uddce\ud835\uddc8\ud835\uddcc\ud835\uddbe |  \ud835\ude04\ud835\uddf6\ud835\uddfb\ud835\ude01\ud835\uddf2\ud835\uddff \ud835\uddff\ud835\uddf2\ud835\ude00\ud835\uddf6\ud835\uddf1\ud835\uddf2\ud835\uddfb\ud835\uddf0\ud835\uddf6\ud835\uddf2\ud835\ude00<\/span><\/h3>\n<p>Kvie\u010diame \u012f Kintus ir \u0161altuoju sezonu! Kvie\u010diame atvykti!<br \/>Indvidual winter residencies in Kintai are available now!<\/p>\n<p><a href=\"https:\/\/kintaiarts.lt\/naujienos\/winter-residency-kintai\/#more-15915\">[&#8230;]<\/a><a title=\"\u017e\ud835\uddc2\ud835\uddbe\ud835\uddc6\ud835\uddc8\ud835\uddcc \ud835\uddcb\ud835\uddbe\ud835\uddd3\ud835\uddc2\ud835\uddbd\ud835\uddbe\ud835\uddc7\ud835\uddbc\ud835\uddc2\ud835\uddc3\ud835\uddba \ud835\uddaa\ud835\uddc2\ud835\uddc7\ud835\uddcd\ud835\uddce\ud835\uddc8\ud835\uddcc\ud835\uddbe |  \ud835\ude04\ud835\uddf6\ud835\uddfb\ud835\ude01\ud835\uddf2\ud835\uddff \ud835\uddff\ud835\uddf2\ud835\ude00\ud835\uddf6\ud835\uddf1\ud835\uddf2\ud835\uddfb\ud835\uddf0\ud835\uddf6\ud835\uddf2\ud835\ude00\" data-type-url=\"none\" data-type-display=\"nothing\" data-size=\"thumbnail\" data-post_id=\"15915\"><img width=\"415\" height=\"250\" src=\"https:\/\/kintaiarts.lt\/wp-content\/uploads\/2025\/04\/OPEN-CALL-LANDSCAPE-WEB-415x250.jpg\" alt=\"\" decoding=\"async\" loading=\"lazy\" srcset=\"https:\/\/kintaiarts.lt\/wp-content\/uploads\/2025\/04\/OPEN-CALL-LANDSCAPE-WEB-415x250.jpg 415w, https:\/\/kintaiarts.lt\/wp-content\/uploads\/2025\/04\/OPEN-CALL-LANDSCAPE-WEB-18x10.jpg 18w\" sizes=\"auto, (max-width: 415px) 100vw, 415px\" \/><\/a><span><img decoding=\"async\" alt=\"\" data-id=\"12177\" width=\"45\" data-init-width=\"2000\" height=\"45\" data-init-height=\"2000\" title=\"\" src=\"https:\/\/kintaiarts.lt\/wp-content\/uploads\/2021\/12\/Group.svg\" data-width=\"45\" data-height=\"45\" style=\"aspect-ratio: auto 2000 \/ 2000;\" data-link-wrap=\"true\" loading=\"lazy\"><\/span><\/p>\n<p style=\"\">REZIDENCIJA<\/p>\n<p style=\"\">RE\u00adZI\u00adDEN\u00adCI\u00adJA<\/p>\n<p style=\"\">Rezidencij\u0173 programos daugia\u00addisciplinin\u0117ms meno veikloms, tyrimams bei id\u0117j\u0173 mainams<\/p>\n<p><span><img decoding=\"async\" alt=\"\" data-id=\"11358\" width=\"76\" data-init-width=\"2000\" height=\"38\" data-init-height=\"2000\" title=\"\" src=\"https:\/\/kintaiarts.lt\/wp-content\/uploads\/2021\/12\/Group-236-1.svg\" data-width=\"76\" data-height=\"38\" data-link-wrap=\"true\" style=\"aspect-ratio: auto 2000 \/ 2000;\" loading=\"lazy\"><\/span><span><img decoding=\"async\" alt=\"\" data-id=\"12176\" width=\"45\" data-init-width=\"2000\" height=\"43\" data-init-height=\"2000\" title=\"\" loading=\"lazy\" src=\"https:\/\/kintaiarts.lt\/wp-content\/uploads\/2021\/12\/Group-1-1.svg\" data-width=\"45\" data-height=\"43\" style=\"aspect-ratio: auto 2000 \/ 2000;\" data-link-wrap=\"true\"><\/span><\/p>\n<h1>amat\u0173 centras<\/h1>\n<p style=\"\">Amat\u0173 centras &#8211; dirbtuv\u0117s, edukacijos ir renginiai skirti susipa\u017einti su tradiciniais Pamario regiono amatais bei \u0161io kra\u0161to istoriniu ir kult\u016briniu paveldu.<\/p>\n<p><a href=\"https:\/\/kintaiarts.lt\/edukacija\/\" style=\"outline: none;\">Amat\u0173 centras<\/a> si\u016blo susipa\u017einti su tradiciniais vietos amatais, tokiais kaip senovini\u0173 laiv\u0173 statyba, tradicini\u0173 v\u0117trungi\u0173 ir keramikos dirbini\u0173 gamyba. Dirbtuv\u0117se, profesionali\u0173 amatinink\u0173 pagalba, unikali\u0173 \u017eini\u0173 ir praktin\u0117s patirties gal\u0117s \u012fgyti tiek vaikai ir suaugusieji, tiek vietos gyventojai bei Kintus lankantys sve\u010diai.<\/p>\n<p>Kita svarbi amat\u0173 centro dalis \u2013 <a href=\"https:\/\/kintaiarts.lt\/turgelis\/\" style=\"outline: none;\">Virtualus Kult\u016br\u0117s Sk\u016bn\u0117s turgelis<\/a>, kvie\u010diantis \u012fsigyti vietos amatinink\u0173 dirbinius, meno k\u016brinius bei dalyvauti kult\u016brinio verslumo mokymuose.<\/p>\n","protected":false},"excerpt":{"rendered":"<p>REZIDENCIJA Kintai Arts yra meno, rezidencij\u0173, amat\u0173 ir edukacijos sferose veikianti ne [&hellip;]<\/p>\n","protected":false},"author":1,"featured_media":57,"parent":0,"menu_order":0,"comment_status":"closed","ping_status":"closed","template":"","meta":{"footnotes":""},"class_list":["post-110","page","type-page","status-publish","has-post-thumbnail","hentry","post-wrapper","thrv_wrapper"],"_links":{"self":[{"href":"https:\/\/kintaiarts.lt\/en\/wp-json\/wp\/v2\/pages\/110","targetHints":{"allow":["GET"]}}],"collection":[{"href":"https:\/\/kintaiarts.lt\/en\/wp-json\/wp\/v2\/pages"}],"about":[{"href":"https:\/\/kintaiarts.lt\/en\/wp-json\/wp\/v2\/types\/page"}],"author":[{"embeddable":true,"href":"https:\/\/kintaiarts.lt\/en\/wp-json\/wp\/v2\/users\/1"}],"replies":[{"embeddable":true,"href":"https:\/\/kintaiarts.lt\/en\/wp-json\/wp\/v2\/comments?post=110"}],"version-history":[{"count":5,"href":"https:\/\/kintaiarts.lt\/en\/wp-json\/wp\/v2\/pages\/110\/revisions"}],"predecessor-version":[{"id":16088,"href":"https:\/\/kintaiarts.lt\/en\/wp-json\/wp\/v2\/pages\/110\/revisions\/16088"}],"wp:featuredmedia":[{"embeddable":true,"href":"https:\/\/kintaiarts.lt\/en\/wp-json\/wp\/v2\/media\/57"}],"wp:attachment":[{"href":"https:\/\/kintaiarts.lt\/en\/wp-json\/wp\/v2\/media?parent=110"}],"curies":[{"name":"wp","href":"https:\/\/api.w.org\/{rel}","templated":true}]}}